{"id":8755,"date":"2025-08-28T20:29:52","date_gmt":"2025-08-28T18:29:52","guid":{"rendered":"https:\/\/www.patipatti.com\/?post_type=product&#038;p=8755"},"modified":"2025-09-12T12:26:37","modified_gmt":"2025-09-12T10:26:37","slug":"organic-matcha-hana-100g","status":"publish","type":"product","link":"https:\/\/www.patipatti.com\/cs\/shop\/teas\/organic-matcha-hana-100g\/","title":{"rendered":"Organic Matcha HANA 100g"},"content":{"rendered":"<div class=\"wpb-content-wrapper\"><p>Bio Matcha Hana \u82b1 je matcha, kterou doporu\u010dujeme k pou\u017eit\u00ed v latt\u00e9, smoothie, shak\u00e1ch a dal\u0161\u00edch m\u00edchan\u00fdch n\u00e1poj\u00edch.<\/p>\n<p><em>Pozn\u00e1mka: R\u00e1di bychom v\u00e1s upozornili na sou\u010dasn\u00fd v\u00e1\u017en\u00fd nedostatek na trhu s matchou. <\/em><em>V d\u016fsledku m\u011bn\u00edc\u00edch se klimatick\u00fdch podm\u00ednek byla leto\u0161n\u00ed sklize\u0148 v Japonsku obzvl\u00e1\u0161\u0165 n\u00e1ro\u010dn\u00e1, zat\u00edmco celosv\u011btov\u00e1 popt\u00e1vka prudce vzrostla. To vedlo k velk\u00e9 konkurenci o extr\u00e9mn\u011b omezenou surovinu a tud\u00ed\u017e k v\u00fdrazn\u011b vy\u0161\u0161\u00edm cen\u00e1m.\u00a0<\/em><\/p>\n<p><em>Bohu\u017eel, bio Matcha KEN, obvykle pou\u017e\u00edvan\u00e1 pro pr\u00e9miov\u00e1 latt\u00e9, bude letos k dispozici pouze v konven\u010dn\u00ed (ne-bio) kvalit\u011b. Jako do\u010dasn\u00e9 \u0159e\u0161en\u00ed jsme proto za\u0159adili bio matchu HANA, abychom uspokojili pot\u0159eby z\u00e1kazn\u00edk\u016f, kte\u0159\u00ed cht\u011bj\u00ed st\u00e1le dobrou a z\u00e1rove\u0148 cenov\u011b dostupnou matchu v bio kvalit\u011b. Vezm\u011bte pros\u00edm na v\u011bdom\u00ed, \u017ee chu\u0165ov\u00fd profil je o stupe\u0148 ni\u017e\u0161\u00ed ne\u017e u Ken.<\/em><\/p>\n<p>Pro podrobn\u011bj\u0161\u00ed instrukce a recepty pros\u00edm nav\u0161tivte na\u0161\u00ed <strong><u><a href=\"https:\/\/www.patipatti.com\/cs\/recipe-collection\/\" target=\"_blank\" rel=\"noopener noreferrer\">kolekci recept\u016f<\/a>.<\/u><\/strong><\/p>\n<p>&nbsp;<\/p>\n<p style=\"text-align: center;\"><strong><u>Doporu\u010den\u00fd postup pro p\u0159\u00edpravu Latte<\/u><\/strong><\/p>\n<p>&nbsp;<\/p>\n<div class=\"vc_row wpb_row row\"><div class=\"wpb_column vc_column_container col-sm-1\"><div class=\"vc_column-inner\"><div class=\"wpb_wrapper\"><\/div><\/div><\/div><div class=\"wpb_column vc_column_container col-sm-2\"><div class=\"vc_column-inner\"><div class=\"wpb_wrapper\">\n\t<div class=\"wpb_text_column wpb_content_element\" >\n\t\t<div class=\"wpb_wrapper\">\n\t\t\t<p><img decoding=\"async\" class=\"aligncenter wp-image-4896\" src=\"https:\/\/www.patipatti.com\/wp-content\/uploads\/2020\/09\/tea-leaf-weight.svg\" alt=\"\" width=\"30\" \/><\/p>\n\n\t\t<\/div>\n\t<\/div>\n\n\t<div class=\"wpb_text_column wpb_content_element\" >\n\t\t<div class=\"wpb_wrapper\">\n\t\t\t<p style=\"text-align: center;\">2g<\/p>\n<p style=\"text-align: center;\">(2 chashuku \/ 1 l\u017ei\u010dka)<\/p>\n\n\t\t<\/div>\n\t<\/div>\n<\/div><\/div><\/div><div class=\"wpb_column vc_column_container col-sm-2\"><div class=\"vc_column-inner\"><div class=\"wpb_wrapper\">\n\t<div class=\"wpb_text_column wpb_content_element\" >\n\t\t<div class=\"wpb_wrapper\">\n\t\t\t<p><img decoding=\"async\" class=\"aligncenter wp-image-4898\" src=\"https:\/\/www.patipatti.com\/wp-content\/uploads\/2020\/09\/tea-thermometer-watertemperature.svg\" alt=\"\" width=\"18\" \/><\/p>\n\n\t\t<\/div>\n\t<\/div>\n\n\t<div class=\"wpb_text_column wpb_content_element\" >\n\t\t<div class=\"wpb_wrapper\">\n\t\t\t<p style=\"text-align: center;\">60 \u2013 70 \u00b0C<\/p>\n\n\t\t<\/div>\n\t<\/div>\n<\/div><\/div><\/div><div class=\"wpb_column vc_column_container col-sm-2\"><div class=\"vc_column-inner\"><div class=\"wpb_wrapper\">\n\t<div class=\"wpb_text_column wpb_content_element\" >\n\t\t<div class=\"wpb_wrapper\">\n\t\t\t<p><img decoding=\"async\" class=\"aligncenter wp-image-4897\" src=\"https:\/\/www.patipatti.com\/wp-content\/uploads\/2020\/09\/tea-milkcarton-milkvolume.svg\" alt=\"\" width=\"32\" \/><\/p>\n\n\t\t<\/div>\n\t<\/div>\n\n\t<div class=\"wpb_text_column wpb_content_element\" >\n\t\t<div class=\"wpb_wrapper\">\n\t\t\t<p style=\"text-align: center;\">180 ml<\/p>\n\n\t\t<\/div>\n\t<\/div>\n<\/div><\/div><\/div><div class=\"wpb_column vc_column_container col-sm-2\"><div class=\"vc_column-inner\"><div class=\"wpb_wrapper\">\n\t<div class=\"wpb_text_column wpb_content_element\" >\n\t\t<div class=\"wpb_wrapper\">\n\t\t\t<p><img decoding=\"async\" class=\"aligncenter wp-image-4899\" src=\"https:\/\/www.patipatti.com\/wp-content\/uploads\/2020\/09\/tea-whisk-whisktime.svg\" alt=\"\" width=\"32\" \/><\/p>\n\n\t\t<\/div>\n\t<\/div>\n\n\t<div class=\"wpb_text_column wpb_content_element\" >\n\t\t<div class=\"wpb_wrapper\">\n\t\t\t<p style=\"text-align: center;\">15s<\/p>\n\n\t\t<\/div>\n\t<\/div>\n<\/div><\/div><\/div><div class=\"wpb_column vc_column_container col-sm-1\"><div class=\"vc_column-inner\"><div class=\"wpb_wrapper\"><\/div><\/div><\/div><\/div>\n<\/div>","protected":false},"excerpt":{"rendered":"<p class=\"p1\"><span class=\"s1\">Recommended for use in lattes, smoothies, shakes and other mixed drinks. <\/span><\/p>\n<p style=\"padding-left: 80px;\">\u2022 Harvest: Spring<br \/>\n\u2022 Cultivar: Yabukita<br \/>\n\u2022 Origin: Shizuoka, Japan<br \/>\n\u2022 Weight: 100 g<\/p>\n<p>[tooltip_icons theme=\"borderless\" image_id=\"4738\" img_width=\"60px\" text=\"Certified Organic\" caption_url=\"\"][tooltip_icons theme=\"borderless\" image_id=\"4716\" img_width=\"60px\" text=\"Vegan\" caption_url=\"\"]<\/p>\n","protected":false},"featured_media":8757,"template":"","meta":[],"product_brand":[396,400],"product_cat":[372,495],"product_tag":[],"class_list":{"0":"post-8755","1":"product","2":"type-product","3":"status-publish","4":"has-post-thumbnail","6":"product_brand-1-certifiedorganic","7":"product_brand-2-vegan","8":"product_cat-teas","9":"product_cat-matcha","10":"product_shipping_class-teas","12":"first","13":"instock","14":"taxable","15":"shipping-taxable","16":"purchasable","17":"product-type-simple"},"_links":{"self":[{"href":"https:\/\/www.patipatti.com\/cs\/wp-json\/wp\/v2\/product\/8755","targetHints":{"allow":["GET"]}}],"collection":[{"href":"https:\/\/www.patipatti.com\/cs\/wp-json\/wp\/v2\/product"}],"about":[{"href":"https:\/\/www.patipatti.com\/cs\/wp-json\/wp\/v2\/types\/product"}],"wp:featuredmedia":[{"embeddable":true,"href":"https:\/\/www.patipatti.com\/cs\/wp-json\/wp\/v2\/media\/8757"}],"wp:attachment":[{"href":"https:\/\/www.patipatti.com\/cs\/wp-json\/wp\/v2\/media?parent=8755"}],"wp:term":[{"taxonomy":"product_brand","embeddable":true,"href":"https:\/\/www.patipatti.com\/cs\/wp-json\/wp\/v2\/product_brand?post=8755"},{"taxonomy":"product_cat","embeddable":true,"href":"https:\/\/www.patipatti.com\/cs\/wp-json\/wp\/v2\/product_cat?post=8755"},{"taxonomy":"product_tag","embeddable":true,"href":"https:\/\/www.patipatti.com\/cs\/wp-json\/wp\/v2\/product_tag?post=8755"}],"curies":[{"name":"wp","href":"https:\/\/api.w.org\/{rel}","templated":true}]}}