{"id":8749,"date":"2025-08-28T20:03:36","date_gmt":"2025-08-28T18:03:36","guid":{"rendered":"https:\/\/www.patipatti.com\/?post_type=product&#038;p=8749"},"modified":"2026-02-13T11:18:23","modified_gmt":"2026-02-13T10:18:23","slug":"organic-matcha-jun-30g","status":"publish","type":"product","link":"https:\/\/www.patipatti.com\/cs\/shop\/teas\/organic-matcha-jun-30g\/","title":{"rendered":"Bio Matcha JUN 30g"},"content":{"rendered":"<div class=\"wpb-content-wrapper\"><p>Matcha Jun \u6df3 je novou nejvy\u0161\u0161\u00ed t\u0159\u00eddou matchy v na\u0161\u00ed nab\u00eddce a p\u0159in\u00e1\u0161\u00ed skute\u010dn\u011b luxusn\u00ed z\u00e1\u017eitek z pit\u00ed. Tato bio matcha se vyzna\u010duje v\u00fdrazn\u00fdm umami, dopln\u011bn\u00fdm o o\u0159\u00ed\u0161kov\u00e9 a \u010dokol\u00e1dov\u00e9 t\u00f3ny s kr\u00e9movou chut\u00ed. Ho\u0159kost je jen velmi jemn\u00e1 a trpkost t\u00e9m\u011b\u0159 neznateln\u00e1. Pokud jste si obl\u00edbili na\u0161i matchu Sei, v\u011bzte, \u017ee Jun je jej\u00ed je\u0161t\u011b vyt\u0159\u00edben\u011bj\u0161\u00ed a uhlazen\u011bj\u0161\u00ed verze.<\/p>\n<p>Pro podrobn\u011bj\u0161\u00ed instrukce a recepty pros\u00edm nav\u0161tivte na\u0161\u00ed <strong><u><a href=\"https:\/\/www.patipatti.com\/cs\/recipe-collection\/\" target=\"_blank\" rel=\"noopener noreferrer\">kolekci recept\u016f<\/a>.<\/u><\/strong><\/p>\n<p>&nbsp;<\/p>\n<p style=\"text-align: center;\"><strong><u>Doporu\u010den\u00fd postup pro p\u0159\u00edpravu Usucha<\/u><\/strong><\/p>\n<p>&nbsp;<\/p>\n<div class=\"vc_row wpb_row row\"><div class=\"wpb_column vc_column_container col-sm-2\"><div class=\"vc_column-inner\"><div class=\"wpb_wrapper\"><\/div><\/div><\/div><div class=\"wpb_column vc_column_container col-sm-2\"><div class=\"vc_column-inner\"><div class=\"wpb_wrapper\">\n\t<div class=\"wpb_text_column wpb_content_element\" >\n\t\t<div class=\"wpb_wrapper\">\n\t\t\t<p><img decoding=\"async\" class=\"aligncenter wp-image-4896\" src=\"https:\/\/www.patipatti.com\/wp-content\/uploads\/2020\/09\/tea-leaf-weight.svg\" alt=\"\" width=\"30\" \/><\/p>\n\n\t\t<\/div>\n\t<\/div>\n\n\t<div class=\"wpb_text_column wpb_content_element\" >\n\t\t<div class=\"wpb_wrapper\">\n\t\t\t<p style=\"text-align: center;\">2g<\/p>\n<p style=\"text-align: center;\">(2 chashuku \/ 1 l\u017ei\u010dka)<\/p>\n\n\t\t<\/div>\n\t<\/div>\n<\/div><\/div><\/div><div class=\"wpb_column vc_column_container col-sm-2\"><div class=\"vc_column-inner\"><div class=\"wpb_wrapper\">\n\t<div class=\"wpb_text_column wpb_content_element\" >\n\t\t<div class=\"wpb_wrapper\">\n\t\t\t<p><img decoding=\"async\" class=\"aligncenter wp-image-4898\" src=\"https:\/\/www.patipatti.com\/wp-content\/uploads\/2020\/09\/tea-thermometer-watertemperature.svg\" alt=\"\" width=\"18\" \/><\/p>\n\n\t\t<\/div>\n\t<\/div>\n\n\t<div class=\"wpb_text_column wpb_content_element\" >\n\t\t<div class=\"wpb_wrapper\">\n\t\t\t<p style=\"text-align: center;\">65 \u2013 70 \u00b0C<\/p>\n\n\t\t<\/div>\n\t<\/div>\n<\/div><\/div><\/div><div class=\"wpb_column vc_column_container col-sm-2\"><div class=\"vc_column-inner\"><div class=\"wpb_wrapper\">\n\t<div class=\"wpb_text_column wpb_content_element\" >\n\t\t<div class=\"wpb_wrapper\">\n\t\t\t<p><img decoding=\"async\" class=\"aligncenter wp-image-4895\" src=\"https:\/\/www.patipatti.com\/wp-content\/uploads\/2020\/09\/tea-droplet-watervolume.svg\" alt=\"\" width=\"23\" \/><\/p>\n\n\t\t<\/div>\n\t<\/div>\n\n\t<div class=\"wpb_text_column wpb_content_element\" >\n\t\t<div class=\"wpb_wrapper\">\n\t\t\t<p style=\"text-align: center;\">60 \u2013 70ml<\/p>\n\n\t\t<\/div>\n\t<\/div>\n<\/div><\/div><\/div><div class=\"wpb_column vc_column_container col-sm-2\"><div class=\"vc_column-inner\"><div class=\"wpb_wrapper\">\n\t<div class=\"wpb_text_column wpb_content_element\" >\n\t\t<div class=\"wpb_wrapper\">\n\t\t\t<p><img decoding=\"async\" class=\"aligncenter wp-image-4899\" src=\"https:\/\/www.patipatti.com\/wp-content\/uploads\/2020\/09\/tea-whisk-whisktime.svg\" alt=\"\" width=\"32\" \/><\/p>\n\n\t\t<\/div>\n\t<\/div>\n\n\t<div class=\"wpb_text_column wpb_content_element\" >\n\t\t<div class=\"wpb_wrapper\">\n\t\t\t<p style=\"text-align: center;\">15s<\/p>\n\n\t\t<\/div>\n\t<\/div>\n<\/div><\/div><\/div><div class=\"wpb_column vc_column_container col-sm-2\"><div class=\"vc_column-inner\"><div class=\"wpb_wrapper\"><\/div><\/div><\/div><\/div>\n<\/div>","protected":false},"excerpt":{"rendered":"<p class=\"p1\"><span class=\"s1\">Matcha Jun is highly aromatic, with delicious umami, and nutty and chocolatey notes. After whisking, it presents as a creamy usucha with pleasant light bitterness and a sweet finish in the mouth and throat.<\/span><\/p>\n<p style=\"padding-left: 80px;\">\u2022 Harvest: Spring, First Flush<br \/>\n\u2022 Cultivar: Okumidori<br \/>\n\u2022 Origin: Shizuoka, Japan<br \/>\n\u2022 Weight: 30 g<\/p>\n<p><b>Best for: Usucha (Thin Tea), Koicha (Thick Tea), daily drinking, super-premium fresh desserts.<\/b><\/p>\n<p>[tooltip_icons theme=\"borderless\" image_id=\"4738\" img_width=\"60px\" text=\"Certified Organic\" caption_url=\"\"][tooltip_icons theme=\"borderless\" image_id=\"4716\" img_width=\"60px\" text=\"Vegan\" caption_url=\"\"]<\/p>\n","protected":false},"featured_media":8751,"template":"","meta":[],"product_brand":[396,400],"product_cat":[372,495],"product_tag":[],"class_list":{"0":"post-8749","1":"product","2":"type-product","3":"status-publish","4":"has-post-thumbnail","6":"product_brand-1-certifiedorganic","7":"product_brand-2-vegan","8":"product_cat-teas","9":"product_cat-matcha","10":"product_shipping_class-teas","12":"first","13":"instock","14":"taxable","15":"shipping-taxable","16":"purchasable","17":"product-type-simple"},"_links":{"self":[{"href":"https:\/\/www.patipatti.com\/cs\/wp-json\/wp\/v2\/product\/8749","targetHints":{"allow":["GET"]}}],"collection":[{"href":"https:\/\/www.patipatti.com\/cs\/wp-json\/wp\/v2\/product"}],"about":[{"href":"https:\/\/www.patipatti.com\/cs\/wp-json\/wp\/v2\/types\/product"}],"wp:featuredmedia":[{"embeddable":true,"href":"https:\/\/www.patipatti.com\/cs\/wp-json\/wp\/v2\/media\/8751"}],"wp:attachment":[{"href":"https:\/\/www.patipatti.com\/cs\/wp-json\/wp\/v2\/media?parent=8749"}],"wp:term":[{"taxonomy":"product_brand","embeddable":true,"href":"https:\/\/www.patipatti.com\/cs\/wp-json\/wp\/v2\/product_brand?post=8749"},{"taxonomy":"product_cat","embeddable":true,"href":"https:\/\/www.patipatti.com\/cs\/wp-json\/wp\/v2\/product_cat?post=8749"},{"taxonomy":"product_tag","embeddable":true,"href":"https:\/\/www.patipatti.com\/cs\/wp-json\/wp\/v2\/product_tag?post=8749"}],"curies":[{"name":"wp","href":"https:\/\/api.w.org\/{rel}","templated":true}]}}