{"id":8655,"date":"2025-01-20T11:47:01","date_gmt":"2025-01-20T10:47:01","guid":{"rendered":"https:\/\/www.patipatti.com\/?post_type=product&#038;p=8655"},"modified":"2026-04-12T12:04:17","modified_gmt":"2026-04-12T10:04:17","slug":"organic-genmaicha-powder-100g","status":"publish","type":"product","link":"https:\/\/www.patipatti.com\/cs\/shop\/teas\/organic-genmaicha-powder-100g\/","title":{"rendered":"Bio Genmaicha pr\u00e1\u0161ek 100g"},"content":{"rendered":"<div class=\"wpb-content-wrapper\"><p>Genmaicha [gen \u2013 maj \u2013 \u010da] \u7384 \u7c73 \u8336 ozna\u010duje pra\u017een\u00fd \u010daj z hn\u011bd\u00e9 r\u00fd\u017ee. Existuje mnoho variac\u00ed tohoto \u010daje, kde se pra\u017een\u00e1 hn\u011bd\u00e1 r\u00fd\u017ee m\u00eds\u00ed se sencha (zelen\u00fd \u010daj), bancha (zelen\u00fd \u010daj 2. sklizn\u011b), dokonce i s hojicha (pra\u017een\u00fd zelen\u00fd \u010daj) a dal\u0161\u00edmi. Genmaicha je tak\u00e9 p\u0159ezd\u00edvan\u00e1 jako \u201epopcornov\u00fd \u010daj\u201c, proto\u017ee pra\u017een\u00e1 r\u00fd\u017ee se svou chut\u00ed a v\u016fn\u00ed bl\u00ed\u017e\u00ed popcornu.<\/p>\n<p>Bio Genmaicha pr\u00e1\u0161ek je 50\/50 sm\u011bs\u00ed matcha a pra\u017een\u00e9 hn\u011bd\u00e9 r\u00fd\u017ee. Tento \u010dajov\u00fd pr\u00e1\u0161ek kr\u00e1sn\u011b vynikne v latte a dezertech pro svou kr\u00e1sn\u011b pra\u017eenou \u201epopcornovou\u201c p\u0159\u00edchu\u0165. M\u016f\u017ee b\u00fdt tak\u00e9 pou\u017eit do slan\u00e9ho pokrmu zvan\u00e9ho \u201eochazuke\u201c, co\u017e je v podstat\u011b \u010dajov\u00fd v\u00fdvar s r\u00fd\u017e\u00ed.<\/p>\n<p>Lid\u00e9, kte\u0159\u00ed (zat\u00edm) nejsou zvykl\u00ed na chu\u0165 b\u011b\u017en\u00e9ho matcha, najdou tak\u00e9 Genmaicha lahodnou, a p\u0159itom budou st\u00e1le skl\u00edzet v\u0161echny v\u00fdhody matchy.<\/p>\n<p>Pro podrobn\u011bj\u0161\u00ed instrukce a recepty pros\u00edm nav\u0161tivte na\u0161\u00ed <strong><u><a href=\"https:\/\/www.patipatti.com\/cs\/recipe-collection\/\" target=\"_blank\" rel=\"noopener noreferrer\">kolekci recept\u016f<\/a>.<\/u><\/strong><\/p>\n<p>&nbsp;<\/p>\n<p style=\"text-align: center;\"><strong><u>Doporu\u010den\u00fd postup pro p\u0159\u00edpravu Latte<\/u><\/strong><\/p>\n<div class=\"vc_row wpb_row row\"><div class=\"wpb_column vc_column_container col-sm-1\"><div class=\"vc_column-inner\"><div class=\"wpb_wrapper\"><\/div><\/div><\/div><div class=\"wpb_column vc_column_container col-sm-2\"><div class=\"vc_column-inner\"><div class=\"wpb_wrapper\">\n\t<div class=\"wpb_text_column wpb_content_element\" >\n\t\t<div class=\"wpb_wrapper\">\n\t\t\t<p><img decoding=\"async\" class=\"aligncenter wp-image-4896\" src=\"https:\/\/www.patipatti.com\/wp-content\/uploads\/2020\/09\/tea-leaf-weight.svg\" alt=\"\" width=\"30\" \/><\/p>\n\n\t\t<\/div>\n\t<\/div>\n\n\t<div class=\"wpb_text_column wpb_content_element\" >\n\t\t<div class=\"wpb_wrapper\">\n\t\t\t<p style=\"text-align: center;\">2g<\/p>\n<p style=\"text-align: center;\">(2 chashuku \/ 1 l\u017ei\u010dka)<\/p>\n\n\t\t<\/div>\n\t<\/div>\n<\/div><\/div><\/div><div class=\"wpb_column vc_column_container col-sm-2\"><div class=\"vc_column-inner\"><div class=\"wpb_wrapper\">\n\t<div class=\"wpb_text_column wpb_content_element\" >\n\t\t<div class=\"wpb_wrapper\">\n\t\t\t<p><img decoding=\"async\" class=\"aligncenter wp-image-4898\" src=\"https:\/\/www.patipatti.com\/wp-content\/uploads\/2020\/09\/tea-thermometer-watertemperature.svg\" alt=\"\" width=\"18\" \/><\/p>\n\n\t\t<\/div>\n\t<\/div>\n\n\t<div class=\"wpb_text_column wpb_content_element\" >\n\t\t<div class=\"wpb_wrapper\">\n\t\t\t<p style=\"text-align: center;\">70 \u00b0C<\/p>\n\n\t\t<\/div>\n\t<\/div>\n<\/div><\/div><\/div><div class=\"wpb_column vc_column_container col-sm-2\"><div class=\"vc_column-inner\"><div class=\"wpb_wrapper\">\n\t<div class=\"wpb_text_column wpb_content_element\" >\n\t\t<div class=\"wpb_wrapper\">\n\t\t\t<p><img decoding=\"async\" class=\"aligncenter wp-image-4897\" src=\"https:\/\/www.patipatti.com\/wp-content\/uploads\/2020\/09\/tea-milkcarton-milkvolume.svg\" alt=\"\" width=\"32\" \/><\/p>\n\n\t\t<\/div>\n\t<\/div>\n\n\t<div class=\"wpb_text_column wpb_content_element\" >\n\t\t<div class=\"wpb_wrapper\">\n\t\t\t<p style=\"text-align: center;\">180 ml<\/p>\n\n\t\t<\/div>\n\t<\/div>\n<\/div><\/div><\/div><div class=\"wpb_column vc_column_container col-sm-2\"><div class=\"vc_column-inner\"><div class=\"wpb_wrapper\">\n\t<div class=\"wpb_text_column wpb_content_element\" >\n\t\t<div class=\"wpb_wrapper\">\n\t\t\t<p><img decoding=\"async\" class=\"aligncenter wp-image-4899\" src=\"https:\/\/www.patipatti.com\/wp-content\/uploads\/2020\/09\/tea-whisk-whisktime.svg\" alt=\"\" width=\"32\" \/><\/p>\n\n\t\t<\/div>\n\t<\/div>\n\n\t<div class=\"wpb_text_column wpb_content_element\" >\n\t\t<div class=\"wpb_wrapper\">\n\t\t\t<p style=\"text-align: center;\">15s<\/p>\n\n\t\t<\/div>\n\t<\/div>\n<\/div><\/div><\/div><div class=\"wpb_column vc_column_container col-sm-1\"><div class=\"vc_column-inner\"><div class=\"wpb_wrapper\"><\/div><\/div><\/div><\/div>\n<\/div>","protected":false},"excerpt":{"rendered":"<p class=\"p1\">A 50\/50 blend of organic matcha and roasted brown rice powder. It has a unique aroma and taste of popcorn, which complements the matcha flavour beautifully in the background.<\/p>\n<p style=\"padding-left: 80px;\">\u2022 Harvest: May \u2013 Aug, Blend of 1st, 2nd &amp; 3rd flush<br \/>\n\u2022 Cultivar: Yabukita<br \/>\n\u2022 Origin: Kawane, Shizuoka, Japan<br \/>\n\u2022 Weight: 100 g<\/p>\n<p><b>Best for: Latte, desserts, baking, ochazuke (tea broth over rice)<\/b><\/p>\n<p>[tooltip_icons theme=\"borderless\" image_id=\"4738\" img_width=\"60px\" text=\"Certified Organic\" caption_url=\"\"][tooltip_icons theme=\"borderless\" image_id=\"4716\" img_width=\"60px\" text=\"Vegan\" caption_url=\"\"]<\/p>\n","protected":false},"featured_media":5022,"template":"","meta":[],"product_brand":[396,400],"product_cat":[372,495],"product_tag":[],"class_list":{"0":"post-8655","1":"product","2":"type-product","3":"status-publish","4":"has-post-thumbnail","6":"product_brand-1-certifiedorganic","7":"product_brand-2-vegan","8":"product_cat-teas","9":"product_cat-matcha","10":"product_shipping_class-teas","12":"first","13":"instock","14":"taxable","15":"shipping-taxable","16":"purchasable","17":"product-type-simple"},"_links":{"self":[{"href":"https:\/\/www.patipatti.com\/cs\/wp-json\/wp\/v2\/product\/8655","targetHints":{"allow":["GET"]}}],"collection":[{"href":"https:\/\/www.patipatti.com\/cs\/wp-json\/wp\/v2\/product"}],"about":[{"href":"https:\/\/www.patipatti.com\/cs\/wp-json\/wp\/v2\/types\/product"}],"wp:featuredmedia":[{"embeddable":true,"href":"https:\/\/www.patipatti.com\/cs\/wp-json\/wp\/v2\/media\/5022"}],"wp:attachment":[{"href":"https:\/\/www.patipatti.com\/cs\/wp-json\/wp\/v2\/media?parent=8655"}],"wp:term":[{"taxonomy":"product_brand","embeddable":true,"href":"https:\/\/www.patipatti.com\/cs\/wp-json\/wp\/v2\/product_brand?post=8655"},{"taxonomy":"product_cat","embeddable":true,"href":"https:\/\/www.patipatti.com\/cs\/wp-json\/wp\/v2\/product_cat?post=8655"},{"taxonomy":"product_tag","embeddable":true,"href":"https:\/\/www.patipatti.com\/cs\/wp-json\/wp\/v2\/product_tag?post=8655"}],"curies":[{"name":"wp","href":"https:\/\/api.w.org\/{rel}","templated":true}]}}