{"id":8605,"date":"2024-09-16T17:39:05","date_gmt":"2024-09-16T15:39:05","guid":{"rendered":"https:\/\/www.patipatti.com\/?post_type=product&#038;p=8605"},"modified":"2024-09-16T17:51:37","modified_gmt":"2024-09-16T15:51:37","slug":"wood-flower-tea-tray","status":"publish","type":"product","link":"https:\/\/www.patipatti.com\/cs\/shop\/teaware\/trays\/dry-trays\/wood-flower-tea-tray\/","title":{"rendered":"D\u0159ev\u011bn\u00fd kv\u011btinov\u00fd podnos na \u010daj"},"content":{"rendered":"<p>\u010cajov\u00e9 podnosy nab\u00edzej\u00ed jak funk\u010dnost, tak estetiku, p\u0159i p\u0159\u00edprav\u011b \u010daje gong-fu stylem.<\/p>","protected":false},"excerpt":{"rendered":"<p>D\u0159ev\u011bn\u00fd t\u00e1c\/tal\u00ed\u0159 ve tvaru \u010dern\u00e9ho santalov\u00e9ho d\u0159eva.<\/p>\n<p style=\"padding-left: 40px;\">\u2022 \u0160\u00ed\u0159ka: ~14,8 cm<br \/>\n\u2022 V\u00fd\u0161ka: ~4,4 cm<\/p>\n<p><em>Proto\u017ee se jedn\u00e1 o ru\u010dn\u011b glazovan\u00fd keramick\u00fd v\u00fdrobek, barvy a efekty glazury na fotografi\u00edch se budou m\u00edrn\u011b li\u0161it od skute\u010dnosti.<\/em><\/p>","protected":false},"featured_media":8606,"template":"","meta":[],"product_brand":[],"product_cat":[636,376,632],"product_tag":[],"class_list":{"0":"post-8605","1":"product","2":"type-product","3":"status-publish","4":"has-post-thumbnail","6":"product_cat-dry-trays","7":"product_cat-teaware","8":"product_cat-trays","9":"product_shipping_class-standardsmall","11":"first","12":"instock","13":"taxable","14":"shipping-taxable","15":"product-type-simple"},"_links":{"self":[{"href":"https:\/\/www.patipatti.com\/cs\/wp-json\/wp\/v2\/product\/8605","targetHints":{"allow":["GET"]}}],"collection":[{"href":"https:\/\/www.patipatti.com\/cs\/wp-json\/wp\/v2\/product"}],"about":[{"href":"https:\/\/www.patipatti.com\/cs\/wp-json\/wp\/v2\/types\/product"}],"wp:featuredmedia":[{"embeddable":true,"href":"https:\/\/www.patipatti.com\/cs\/wp-json\/wp\/v2\/media\/8606"}],"wp:attachment":[{"href":"https:\/\/www.patipatti.com\/cs\/wp-json\/wp\/v2\/media?parent=8605"}],"wp:term":[{"taxonomy":"product_brand","embeddable":true,"href":"https:\/\/www.patipatti.com\/cs\/wp-json\/wp\/v2\/product_brand?post=8605"},{"taxonomy":"product_cat","embeddable":true,"href":"https:\/\/www.patipatti.com\/cs\/wp-json\/wp\/v2\/product_cat?post=8605"},{"taxonomy":"product_tag","embeddable":true,"href":"https:\/\/www.patipatti.com\/cs\/wp-json\/wp\/v2\/product_tag?post=8605"}],"curies":[{"name":"wp","href":"https:\/\/api.w.org\/{rel}","templated":true}]}}