{"id":8538,"date":"2024-09-16T11:45:05","date_gmt":"2024-09-16T09:45:05","guid":{"rendered":"https:\/\/www.patipatti.com\/?post_type=product&#038;p=8538"},"modified":"2024-10-08T11:38:56","modified_gmt":"2024-10-08T09:38:56","slug":"gobi-small-gaiwan","status":"publish","type":"product","link":"https:\/\/www.patipatti.com\/cs\/shop\/teaware\/teapots\/gobi-small-gaiwan\/","title":{"rendered":"Gobi Mal\u00fd Gaiwan"},"content":{"rendered":"<p>Gaiwan (\u76d6\u7897) je velice univerz\u00e1ln\u00ed a lze jej pou\u017e\u00edt jako \u201c\u010dajovou konvi\u010dku\u201d pro gong fu  va\u0159en\u00ed nebo jako \u0161\u00e1lek \u010daje. Je vhodn\u00fd zejm\u00e9na pro jemn\u00e9 zelen\u00e9 a b\u00edl\u00e9 \u010daje. Gong fu va\u0159en\u00ed pou\u017e\u00edv\u00e1 velk\u00e9 mno\u017estv\u00ed list\u016f na mal\u00fd objem vody v kombinaci s kr\u00e1tkou dobou louhov\u00e1n\u00ed. Tento styl va\u0159en\u00ed je nejlep\u0161\u00ed zp\u016fsob, jak z\u00edskat lahodnou a intenzivn\u00ed chu\u0165 z kvalitn\u00edch \u010dajov\u00fdch l\u00edstk\u016f.<\/p>","protected":false},"excerpt":{"rendered":"<p>Gaiwan pro va\u0159en\u00ed gong-fu.<\/p>\n<p style=\"padding-left: 40px;\">\u2022 Objem: ~90 ml<br \/>\n\u2022 \u0160\u00ed\u0159ka: ~7,6 cm<br \/>\n\u2022 V\u00fd\u0161ka: ~7,3 cm<\/p>\n<p><em>Proto\u017ee se jedn\u00e1 o ru\u010dn\u011b vyroben\u00fd keramick\u00fd produkt, barvy a efekty glazury na fotografi\u00edch se mohou m\u00edrn\u011b li\u0161it od skute\u010dnosti.<\/em><\/p>","protected":false},"featured_media":8539,"template":"","meta":[],"product_brand":[],"product_cat":[614,618,376],"product_tag":[],"class_list":{"0":"post-8538","1":"product","2":"type-product","3":"status-publish","4":"has-post-thumbnail","6":"product_cat-teapots","7":"product_cat-gaiwan","8":"product_cat-teaware","9":"product_shipping_class-standardsmall","11":"first","12":"instock","13":"taxable","14":"shipping-taxable","15":"purchasable","16":"product-type-simple"},"_links":{"self":[{"href":"https:\/\/www.patipatti.com\/cs\/wp-json\/wp\/v2\/product\/8538","targetHints":{"allow":["GET"]}}],"collection":[{"href":"https:\/\/www.patipatti.com\/cs\/wp-json\/wp\/v2\/product"}],"about":[{"href":"https:\/\/www.patipatti.com\/cs\/wp-json\/wp\/v2\/types\/product"}],"wp:featuredmedia":[{"embeddable":true,"href":"https:\/\/www.patipatti.com\/cs\/wp-json\/wp\/v2\/media\/8539"}],"wp:attachment":[{"href":"https:\/\/www.patipatti.com\/cs\/wp-json\/wp\/v2\/media?parent=8538"}],"wp:term":[{"taxonomy":"product_brand","embeddable":true,"href":"https:\/\/www.patipatti.com\/cs\/wp-json\/wp\/v2\/product_brand?post=8538"},{"taxonomy":"product_cat","embeddable":true,"href":"https:\/\/www.patipatti.com\/cs\/wp-json\/wp\/v2\/product_cat?post=8538"},{"taxonomy":"product_tag","embeddable":true,"href":"https:\/\/www.patipatti.com\/cs\/wp-json\/wp\/v2\/product_tag?post=8538"}],"curies":[{"name":"wp","href":"https:\/\/api.w.org\/{rel}","templated":true}]}}