{"id":8337,"date":"2024-08-07T15:39:42","date_gmt":"2024-08-07T13:39:42","guid":{"rendered":"https:\/\/www.patipatti.com\/?post_type=product&#038;p=8337"},"modified":"2024-12-08T08:23:34","modified_gmt":"2024-12-08T07:23:34","slug":"naoshi-chasen-stand-black","status":"publish","type":"product","link":"https:\/\/www.patipatti.com\/cs\/shop\/teaware\/chasen\/naoshi-chasenstand\/naoshi-chasen-stand-black\/","title":{"rendered":"Naoshi \u2013 stoj\u00e1nek na metli\u010dku \u2013 \u010dern\u00fd"},"content":{"rendered":"<p>Stoj\u00e1nek naoshi pom\u00e1h\u00e1 zachovat po\u017eadovan\u00fd tvar metli\u010dky. Po pou\u017eit\u00ed metli\u010dku opl\u00e1chn\u011bte, nechte ji oschnout a pot\u00e9 ji ulo\u017ete zp\u011bt na stoj\u00e1nek. Vnit\u0159n\u00ed hroty metli\u010dky spo\u010d\u00edvaj\u00ed uprost\u0159ed, v otev\u0159en\u00e9m prostoru. Vn\u011bj\u0161\u00ed hroty spo\u010d\u00edvaj\u00ed na vn\u011bj\u0161\u00ed plo\u0161e.<\/p>","protected":false},"excerpt":{"rendered":"<p>Keramick\u00fd stoj\u00e1nek na chasen pom\u016f\u017ee udr\u017eet jeho tvar.<\/p>\n<p style=\"padding-left: 40px;\">\u2022 \u0160\u00ed\u0159ka: 6,5 cm<br \/>\n\u2022 V\u00fd\u0161ka: 8 cm<\/p>\n<p><em>Proto\u017ee se jedn\u00e1 o ru\u010dn\u011b glazovan\u00fd keramick\u00fd v\u00fdrobek, barvy a efekty glazury na fotografi\u00edch se budou m\u00edrn\u011b li\u0161it od skute\u010dnosti.<\/em><\/p>","protected":false},"featured_media":5824,"template":"","meta":[],"product_brand":[],"product_cat":[610,606,376],"product_tag":[],"class_list":{"0":"post-8337","1":"product","2":"type-product","3":"status-publish","4":"has-post-thumbnail","6":"product_cat-naoshi-chasenstand","7":"product_cat-chasen","8":"product_cat-teaware","9":"product_shipping_class-standardsmall","11":"first","12":"instock","13":"taxable","14":"shipping-taxable","15":"purchasable","16":"product-type-simple"},"_links":{"self":[{"href":"https:\/\/www.patipatti.com\/cs\/wp-json\/wp\/v2\/product\/8337","targetHints":{"allow":["GET"]}}],"collection":[{"href":"https:\/\/www.patipatti.com\/cs\/wp-json\/wp\/v2\/product"}],"about":[{"href":"https:\/\/www.patipatti.com\/cs\/wp-json\/wp\/v2\/types\/product"}],"wp:featuredmedia":[{"embeddable":true,"href":"https:\/\/www.patipatti.com\/cs\/wp-json\/wp\/v2\/media\/5824"}],"wp:attachment":[{"href":"https:\/\/www.patipatti.com\/cs\/wp-json\/wp\/v2\/media?parent=8337"}],"wp:term":[{"taxonomy":"product_brand","embeddable":true,"href":"https:\/\/www.patipatti.com\/cs\/wp-json\/wp\/v2\/product_brand?post=8337"},{"taxonomy":"product_cat","embeddable":true,"href":"https:\/\/www.patipatti.com\/cs\/wp-json\/wp\/v2\/product_cat?post=8337"},{"taxonomy":"product_tag","embeddable":true,"href":"https:\/\/www.patipatti.com\/cs\/wp-json\/wp\/v2\/product_tag?post=8337"}],"curies":[{"name":"wp","href":"https:\/\/api.w.org\/{rel}","templated":true}]}}