{"id":8321,"date":"2024-08-07T14:35:25","date_gmt":"2024-08-07T12:35:25","guid":{"rendered":"https:\/\/www.patipatti.com\/?post_type=product&#038;p=8321"},"modified":"2024-08-22T15:23:37","modified_gmt":"2024-08-22T13:23:37","slug":"chashuku-bamboo-spoon-light","status":"publish","type":"product","link":"https:\/\/www.patipatti.com\/cs\/shop\/teaware\/chasen\/chashuku-bamboospoon\/chashuku-bamboo-spoon-light\/","title":{"rendered":"Chashuku \u2013 bambusov\u00e1 l\u017ei\u010dka \u2013 sv\u011btl\u00e1"},"content":{"rendered":"<p>Doporu\u010den\u00e1 mno\u017estv\u00ed pro <a href=\"https:\/\/www.patipatti.com\/cs\/2020\/10\/02\/daily-usucha\/\">p\u0159\u00edpravu usucha<\/a> jsou 2g matcha. To jsou zhruba dv\u011b vrchovat\u00e9 l\u017ei\u010dky matcha p\u0159i pou\u017eit\u00ed chashuku.<\/p>","protected":false},"excerpt":{"rendered":"<p>Tradi\u010dn\u00ed l\u017ei\u010dka na matcha ve sv\u011btl\u00e9m a tmav\u00e9m proveden\u00ed. Vyrobeno ru\u010dn\u011b z p\u0159\u00edrodn\u00edho bambusu.<\/p>\n<p style=\"padding-left: 40px;\">\u2022 D\u00e9lka: ~15,5 cm<br \/>\n\u2022 \u0160\u00ed\u0159ka: ~1 cm<\/p>\n<p><em>Proto\u017ee se jedn\u00e1 o ru\u010dn\u00ed v\u00fdrobu z p\u0159\u00edrodn\u00edho materi\u00e1lu, barva, tvar a velikost se mohou m\u00edrn\u011b li\u0161it od fotografie.<\/em><\/p>","protected":false},"featured_media":5547,"template":"","meta":[],"product_brand":[],"product_cat":[608,606,628,376],"product_tag":[],"class_list":{"0":"post-8321","1":"product","2":"type-product","3":"status-publish","4":"has-post-thumbnail","6":"product_cat-chashuku-bamboospoon","7":"product_cat-chasen","8":"product_cat-storage-utensils","9":"product_cat-teaware","10":"product_shipping_class-standardsmall","12":"first","13":"instock","14":"taxable","15":"shipping-taxable","16":"purchasable","17":"product-type-simple"},"_links":{"self":[{"href":"https:\/\/www.patipatti.com\/cs\/wp-json\/wp\/v2\/product\/8321","targetHints":{"allow":["GET"]}}],"collection":[{"href":"https:\/\/www.patipatti.com\/cs\/wp-json\/wp\/v2\/product"}],"about":[{"href":"https:\/\/www.patipatti.com\/cs\/wp-json\/wp\/v2\/types\/product"}],"wp:featuredmedia":[{"embeddable":true,"href":"https:\/\/www.patipatti.com\/cs\/wp-json\/wp\/v2\/media\/5547"}],"wp:attachment":[{"href":"https:\/\/www.patipatti.com\/cs\/wp-json\/wp\/v2\/media?parent=8321"}],"wp:term":[{"taxonomy":"product_brand","embeddable":true,"href":"https:\/\/www.patipatti.com\/cs\/wp-json\/wp\/v2\/product_brand?post=8321"},{"taxonomy":"product_cat","embeddable":true,"href":"https:\/\/www.patipatti.com\/cs\/wp-json\/wp\/v2\/product_cat?post=8321"},{"taxonomy":"product_tag","embeddable":true,"href":"https:\/\/www.patipatti.com\/cs\/wp-json\/wp\/v2\/product_tag?post=8321"}],"curies":[{"name":"wp","href":"https:\/\/api.w.org\/{rel}","templated":true}]}}