{"id":8262,"date":"2024-06-13T15:02:38","date_gmt":"2024-06-13T13:02:38","guid":{"rendered":"https:\/\/www.patipatti.com\/?post_type=product&#038;p=8262"},"modified":"2025-08-28T19:55:06","modified_gmt":"2025-08-28T17:55:06","slug":"organic-hojicha-powder-raku-100g","status":"publish","type":"product","link":"https:\/\/www.patipatti.com\/cs\/shop\/teas\/organic-hojicha-powder-raku-100g\/","title":{"rendered":"Bio Hojicha pr\u00e1\u0161ek RAKU 100g"},"content":{"rendered":"<div class=\"wpb-content-wrapper\"><p>H\u00f4jicha nebo Houjicha [ho \u2013 \u017ei \u2013 \u010da] obecn\u011b ozna\u010duje zelen\u00fd \u010daj, kter\u00fd byl pra\u017een\u00fd. Obvykle se skl\u00e1d\u00e1 ze sm\u011bsi pozd\u011bj\u0161\u00edho sb\u011bru \u010daje a chutn\u00fdch \u010dajov\u00fdch v\u011btvi\u010dek \/ stonk\u016f. Jeliko\u017e proces pra\u017een\u00ed tak\u00e9 odstra\u0148uje v\u011bt\u0161inu kofeinu, hojicha m\u016f\u017ee b\u00fdt konzumov\u00e1na d\u011btmi, star\u0161\u00edmi osobami a osobami s citlivost\u00ed na kofein.<\/p>\n<p>Na\u0161e Organic Hojicha Raku \u697d je lehce pra\u017een\u00e1 hojicha, kter\u00e1 byla rozemlet\u00e1 do pr\u00e1\u0161kov\u00e9 formy. Je skv\u011bl\u00e1 pro pou\u017eit\u00ed do latte a dezert\u016f.<\/p>\n<p>V\u016fn\u011b a chu\u0165 jsou skute\u010dn\u011b \u00fa\u017easn\u00e9 - velmi melodick\u00e9 a hrav\u00e9, vzn\u00e1\u0161ej\u00edc\u00ed se mezi lehkou kv\u011btinovou v\u016fn\u00ed \u010daje a tmav\u011bj\u0161\u00edmi t\u00f3ny k\u00e1vy, l\u00edskov\u00fdch o\u0159ech\u016f a kakaa. Toto je hojicha, kterou pou\u017e\u00edv\u00e1me v na\u0161\u00ed vegan hojicha zmrzlin\u011b. Poch\u00e1z\u00ed z mal\u00e9 rodinn\u00e9 farmy v hor\u00e1ch, v regionu Yame, v Japonsku.<\/p>\n<p>Pro podrobn\u011bj\u0161\u00ed instrukce a recepty pros\u00edm nav\u0161tivte na\u0161\u00ed <strong><u><a href=\"https:\/\/www.patipatti.com\/cs\/recipe-collection\/\" target=\"_blank\" rel=\"noopener noreferrer\">kolekci recept\u016f<\/a>.<\/u><\/strong><\/p>\n<p>&nbsp;<\/p>\n<p style=\"text-align: center;\"><strong><u>Doporu\u010den\u00fd postup pro p\u0159\u00edpravu Latte<\/u><\/strong><\/p>\n<p>&nbsp;<\/p>\n<div class=\"vc_row wpb_row row\"><div class=\"wpb_column vc_column_container col-sm-1\"><div class=\"vc_column-inner\"><div class=\"wpb_wrapper\"><\/div><\/div><\/div><div class=\"wpb_column vc_column_container col-sm-2\"><div class=\"vc_column-inner\"><div class=\"wpb_wrapper\">\n\t<div class=\"wpb_text_column wpb_content_element\" >\n\t\t<div class=\"wpb_wrapper\">\n\t\t\t<p><img decoding=\"async\" class=\"aligncenter wp-image-4896\" src=\"https:\/\/www.patipatti.com\/wp-content\/uploads\/2020\/09\/tea-leaf-weight.svg\" alt=\"\" width=\"30\" \/><\/p>\n\n\t\t<\/div>\n\t<\/div>\n\n\t<div class=\"wpb_text_column wpb_content_element\" >\n\t\t<div class=\"wpb_wrapper\">\n\t\t\t<p style=\"text-align: center;\">2g<\/p>\n<p style=\"text-align: center;\">(2 chashuku \/ 1 l\u017ei\u010dka)<\/p>\n\n\t\t<\/div>\n\t<\/div>\n<\/div><\/div><\/div><div class=\"wpb_column vc_column_container col-sm-2\"><div class=\"vc_column-inner\"><div class=\"wpb_wrapper\">\n\t<div class=\"wpb_text_column wpb_content_element\" >\n\t\t<div class=\"wpb_wrapper\">\n\t\t\t<p><img decoding=\"async\" class=\"aligncenter wp-image-4898\" src=\"https:\/\/www.patipatti.com\/wp-content\/uploads\/2020\/09\/tea-thermometer-watertemperature.svg\" alt=\"\" width=\"18\" \/><\/p>\n\n\t\t<\/div>\n\t<\/div>\n\n\t<div class=\"wpb_text_column wpb_content_element\" >\n\t\t<div class=\"wpb_wrapper\">\n\t\t\t<p style=\"text-align: center;\">80 \u2013 85 \u00b0C<\/p>\n\n\t\t<\/div>\n\t<\/div>\n<\/div><\/div><\/div><div class=\"wpb_column vc_column_container col-sm-2\"><div class=\"vc_column-inner\"><div class=\"wpb_wrapper\">\n\t<div class=\"wpb_text_column wpb_content_element\" >\n\t\t<div class=\"wpb_wrapper\">\n\t\t\t<p><img decoding=\"async\" class=\"aligncenter wp-image-4897\" src=\"https:\/\/www.patipatti.com\/wp-content\/uploads\/2020\/09\/tea-milkcarton-milkvolume.svg\" alt=\"\" width=\"32\" \/><\/p>\n\n\t\t<\/div>\n\t<\/div>\n\n\t<div class=\"wpb_text_column wpb_content_element\" >\n\t\t<div class=\"wpb_wrapper\">\n\t\t\t<p style=\"text-align: center;\">180 ml<\/p>\n\n\t\t<\/div>\n\t<\/div>\n<\/div><\/div><\/div><div class=\"wpb_column vc_column_container col-sm-2\"><div class=\"vc_column-inner\"><div class=\"wpb_wrapper\">\n\t<div class=\"wpb_text_column wpb_content_element\" >\n\t\t<div class=\"wpb_wrapper\">\n\t\t\t<p><img decoding=\"async\" class=\"aligncenter wp-image-4899\" src=\"https:\/\/www.patipatti.com\/wp-content\/uploads\/2020\/09\/tea-whisk-whisktime.svg\" alt=\"\" width=\"32\" \/><\/p>\n\n\t\t<\/div>\n\t<\/div>\n\n\t<div class=\"wpb_text_column wpb_content_element\" >\n\t\t<div class=\"wpb_wrapper\">\n\t\t\t<p style=\"text-align: center;\">15s<\/p>\n\n\t\t<\/div>\n\t<\/div>\n<\/div><\/div><\/div><div class=\"wpb_column vc_column_container col-sm-1\"><div class=\"vc_column-inner\"><div class=\"wpb_wrapper\"><\/div><\/div><\/div><\/div>\n<\/div>","protected":false},"excerpt":{"rendered":"<p>Medium-roast hojicha that has been ground into a powder. Very aromatic, with tones of hazelnuts, oak and coffee.<\/p>\n<p style=\"padding-left: 80px;\">\u2022 Harvest: May \u2013 Aug, Blend of 1st, 2nd &amp; 3rd flush<br \/>\n\u2022 Cultivar: Yabukita<br \/>\n\u2022 Origin: Yame, Japan<br \/>\n\u2022 100 g resealable bag<\/p>\n<p><b>Best for: Latte, desserts, decaffeinated alternative to coffee.<\/b><\/p>\n<p>[tooltip_icons theme=\"borderless\" image_id=\"4738\" img_width=\"60px\" text=\"Certified Organic\" caption_url=\"\"][tooltip_icons theme=\"borderless\" image_id=\"4716\" img_width=\"60px\" text=\"Vegan\" caption_url=\"\"]<\/p>\n","protected":false},"featured_media":7956,"template":"","meta":[],"product_brand":[396,400],"product_cat":[372,499],"product_tag":[],"class_list":{"0":"post-8262","1":"product","2":"type-product","3":"status-publish","4":"has-post-thumbnail","6":"product_brand-1-certifiedorganic","7":"product_brand-2-vegan","8":"product_cat-teas","9":"product_cat-hojicha","10":"product_shipping_class-teas","12":"first","13":"instock","14":"taxable","15":"shipping-taxable","16":"purchasable","17":"product-type-simple"},"_links":{"self":[{"href":"https:\/\/www.patipatti.com\/cs\/wp-json\/wp\/v2\/product\/8262","targetHints":{"allow":["GET"]}}],"collection":[{"href":"https:\/\/www.patipatti.com\/cs\/wp-json\/wp\/v2\/product"}],"about":[{"href":"https:\/\/www.patipatti.com\/cs\/wp-json\/wp\/v2\/types\/product"}],"wp:featuredmedia":[{"embeddable":true,"href":"https:\/\/www.patipatti.com\/cs\/wp-json\/wp\/v2\/media\/7956"}],"wp:attachment":[{"href":"https:\/\/www.patipatti.com\/cs\/wp-json\/wp\/v2\/media?parent=8262"}],"wp:term":[{"taxonomy":"product_brand","embeddable":true,"href":"https:\/\/www.patipatti.com\/cs\/wp-json\/wp\/v2\/product_brand?post=8262"},{"taxonomy":"product_cat","embeddable":true,"href":"https:\/\/www.patipatti.com\/cs\/wp-json\/wp\/v2\/product_cat?post=8262"},{"taxonomy":"product_tag","embeddable":true,"href":"https:\/\/www.patipatti.com\/cs\/wp-json\/wp\/v2\/product_tag?post=8262"}],"curies":[{"name":"wp","href":"https:\/\/api.w.org\/{rel}","templated":true}]}}