{"id":8058,"date":"2023-11-13T19:25:29","date_gmt":"2023-11-13T18:25:29","guid":{"rendered":"https:\/\/www.patipatti.com\/?post_type=product&#038;p=8058"},"modified":"2025-10-12T11:18:46","modified_gmt":"2025-10-12T09:18:46","slug":"homemade-yuzu-tea","status":"publish","type":"product","link":"https:\/\/www.patipatti.com\/cs\/shop\/teas\/homemade-yuzu-tea\/","title":{"rendered":"Dom\u00e1c\u00ed Yuzu \u010caj"},"content":{"rendered":"<div class=\"wpb-content-wrapper\"><p>Yuzu je velice aromatick\u00e9 citrusov\u00e9 ovoce tradi\u010dn\u011b p\u011bstovan\u00e9 v Asii. V kulin\u00e1\u0159stv\u00ed jej do pop\u0159ed\u00ed stav\u00ed jeho jedine\u010dn\u00fd chu\u0165ov\u00fd profil, kter\u00fd z n\u011bj d\u011bl\u00e1 velice cennou ingredienci. Je bohat\u00fd na antioxidanty a v porovn\u00e1n\u00ed s citronem obsahuje trojn\u00e1sobek vitam\u00ednu C.<\/p>\n<p>N\u00e1\u0161 dom\u00e1c\u00ed yuzu \u010daj je vyroben pouze ze dvou ingredienc\u00ed - 50% \u010derstv\u00e9ho yuzu a 50% p\u0159\u00edrodn\u00edho bio t\u0159tinov\u00e9ho cukru. Neobsahuje \u017e\u00e1dn\u00e9 frukt\u00f3zov\u00e9 sirupy, zahu\u0161\u0165ovadla, um\u011bl\u00e1 dochucovadla ani konzervanty. Yuzu bylo vyp\u011bstov\u00e1no v EU, na farm\u011b s Global Gap certifikac\u00ed, bez pou\u017eit\u00ed pesticid\u016f a vosku. Ru\u010dn\u011b trhan\u00e9 zral\u00e9 ovoce je n\u00e1m doru\u010deno velice \u010derstv\u00e9. My jej okam\u017eit\u011b ru\u010dn\u011b zpracujeme, vypeckujeme a macerujeme s bio t\u0159tinov\u00fdm cukrem. N\u00e1sledn\u011b marmel\u00e1du zakonzervujeme do sklenic a \u0161etrn\u011b pasterujeme, abychom si na n\u00ed mohli kdykoliv pochutnat.<\/p>\n<p>\u2022 P\u016fvod: \u010cesk\u00e1 republika<br \/>\n\u2022 Hmotnost: 350 g<\/p>\n<p style=\"text-align: center;\"><strong><u>Doporu\u010den\u00e1 p\u0159\u00edprava Yuzu n\u00e1poje (\u67da\u5b50\u8336 \/ yuzu cha \/ yuja cha)<\/u><\/strong><\/p>\n<p>&nbsp;<\/p>\n<div class=\"vc_row wpb_row row\"><div class=\"wpb_column vc_column_container col-sm-2\"><div class=\"vc_column-inner\"><div class=\"wpb_wrapper\"><\/div><\/div><\/div><div class=\"wpb_column vc_column_container col-sm-2\"><div class=\"vc_column-inner\"><div class=\"wpb_wrapper\">\n\t<div class=\"wpb_text_column wpb_content_element\" >\n\t\t<div class=\"wpb_wrapper\">\n\t\t\t<p><img decoding=\"async\" class=\"aligncenter wp-image-4896\" src=\"https:\/\/www.patipatti.com\/wp-content\/uploads\/2020\/09\/tea-leaf-weight.svg\" alt=\"\" width=\"30\" \/><\/p>\n\n\t\t<\/div>\n\t<\/div>\n\n\t<div class=\"wpb_text_column wpb_content_element\" >\n\t\t<div class=\"wpb_wrapper\">\n\t\t\t<p style=\"text-align: center;\">35 g (2 l\u017ei\u010dky)<\/p>\n\n\t\t<\/div>\n\t<\/div>\n<\/div><\/div><\/div><div class=\"wpb_column vc_column_container col-sm-2\"><div class=\"vc_column-inner\"><div class=\"wpb_wrapper\">\n\t<div class=\"wpb_text_column wpb_content_element\" >\n\t\t<div class=\"wpb_wrapper\">\n\t\t\t<p><img decoding=\"async\" class=\"aligncenter wp-image-4898\" src=\"https:\/\/www.patipatti.com\/wp-content\/uploads\/2020\/09\/tea-thermometer-watertemperature.svg\" alt=\"\" width=\"18\" \/><\/p>\n\n\t\t<\/div>\n\t<\/div>\n\n\t<div class=\"wpb_text_column wpb_content_element\" >\n\t\t<div class=\"wpb_wrapper\">\n\t\t\t<p style=\"text-align: center;\">Studen\u00e9 nebo 40 \u2013 60\u00b0C<\/p>\n\n\t\t<\/div>\n\t<\/div>\n<\/div><\/div><\/div><div class=\"wpb_column vc_column_container col-sm-2\"><div class=\"vc_column-inner\"><div class=\"wpb_wrapper\">\n\t<div class=\"wpb_text_column wpb_content_element\" >\n\t\t<div class=\"wpb_wrapper\">\n\t\t\t<p><img decoding=\"async\" class=\"aligncenter wp-image-4895\" src=\"https:\/\/www.patipatti.com\/wp-content\/uploads\/2020\/09\/tea-droplet-watervolume.svg\" alt=\"\" width=\"23\" \/><\/p>\n\n\t\t<\/div>\n\t<\/div>\n\n\t<div class=\"wpb_text_column wpb_content_element\" >\n\t\t<div class=\"wpb_wrapper\">\n\t\t\t<p style=\"text-align: center;\">150 ml<\/p>\n\n\t\t<\/div>\n\t<\/div>\n<\/div><\/div><\/div><div class=\"wpb_column vc_column_container col-sm-2\"><div class=\"vc_column-inner\"><div class=\"wpb_wrapper\">\n\t<div class=\"wpb_text_column wpb_content_element\" >\n\t\t<div class=\"wpb_wrapper\">\n\t\t\t\n\t\t<\/div>\n\t<\/div>\n\n\t<div class=\"wpb_text_column wpb_content_element\" >\n\t\t<div class=\"wpb_wrapper\">\n\t\t\t\n\t\t<\/div>\n\t<\/div>\n<\/div><\/div><\/div><div class=\"wpb_column vc_column_container col-sm-2\"><div class=\"vc_column-inner\"><div class=\"wpb_wrapper\"><\/div><\/div><\/div><\/div>\n<\/div>","protected":false},"excerpt":{"rendered":"<p class=\"p1\"><span class=\"s1\">Yuzu tea can be used to make a cold or warm drink, and even enjoyed as a marmalade spread over toast. We particularly love it with sparkling water in the summer!<\/span><\/p>\n<p>[tooltip_icons theme=\"borderless\" image_id=\"4716\" img_width=\"60px\" text=\"Vegan\" caption_url=\"\"][tooltip_icons theme=\"borderless\" image_id=\"4714\" img_width=\"60px\" text=\"Freshly Handmade\" caption_url=\"\"][tooltip_icons theme=\"borderless\" image_id=\"4711\" img_width=\"60px\" text=\"Made in CZ\" caption_url=\"\"]<\/p>\n","protected":false},"featured_media":8065,"template":"","meta":[],"product_brand":[400,408],"product_cat":[372,499,495],"product_tag":[],"class_list":{"0":"post-8058","1":"product","2":"type-product","3":"status-publish","4":"has-post-thumbnail","6":"product_brand-2-vegan","7":"product_brand-4-madeincz","8":"product_cat-teas","9":"product_cat-hojicha","10":"product_cat-matcha","11":"product_shipping_class-teas","13":"first","14":"outofstock","15":"taxable","16":"shipping-taxable","17":"purchasable","18":"product-type-simple"},"_links":{"self":[{"href":"https:\/\/www.patipatti.com\/cs\/wp-json\/wp\/v2\/product\/8058","targetHints":{"allow":["GET"]}}],"collection":[{"href":"https:\/\/www.patipatti.com\/cs\/wp-json\/wp\/v2\/product"}],"about":[{"href":"https:\/\/www.patipatti.com\/cs\/wp-json\/wp\/v2\/types\/product"}],"wp:featuredmedia":[{"embeddable":true,"href":"https:\/\/www.patipatti.com\/cs\/wp-json\/wp\/v2\/media\/8065"}],"wp:attachment":[{"href":"https:\/\/www.patipatti.com\/cs\/wp-json\/wp\/v2\/media?parent=8058"}],"wp:term":[{"taxonomy":"product_brand","embeddable":true,"href":"https:\/\/www.patipatti.com\/cs\/wp-json\/wp\/v2\/product_brand?post=8058"},{"taxonomy":"product_cat","embeddable":true,"href":"https:\/\/www.patipatti.com\/cs\/wp-json\/wp\/v2\/product_cat?post=8058"},{"taxonomy":"product_tag","embeddable":true,"href":"https:\/\/www.patipatti.com\/cs\/wp-json\/wp\/v2\/product_tag?post=8058"}],"curies":[{"name":"wp","href":"https:\/\/api.w.org\/{rel}","templated":true}]}}