{"id":7223,"date":"2021-08-02T22:08:50","date_gmt":"2021-08-02T20:08:50","guid":{"rendered":"https:\/\/www.patipatti.com\/?post_type=product&#038;p=7223"},"modified":"2024-02-16T17:49:45","modified_gmt":"2024-02-16T16:49:45","slug":"maple-walnut-gelato-mini","status":"publish","type":"product","link":"https:\/\/www.patipatti.com\/cs\/shop\/gelato\/maple-walnut-gelato-mini\/","title":{"rendered":"Maple Walnut Gelato Mini"},"content":{"rendered":"<p>Vychutnejte si omamn\u011b sladkou, d\u0159evitou p\u0159\u00edchu\u0165 javorov\u00e9ho sirupu dopln\u011bnou lahodn\u00fdmi pra\u017een\u00fdmi vla\u0161sk\u00fdmi o\u0159echy. Toto gelato je vyrobeno z kr\u00e9mov\u00e9 sm\u011bsi ke\u0161u a vla\u0161sk\u00fdch o\u0159ech\u016f, co\u017e mu dod\u00e1v\u00e1 velice bohatou, a\u017e dekadentn\u00ed chu\u0165.<\/p>\n<p>&nbsp;<\/p>\n<p>\u2022 Vegan Gelato z javorov\u00e9ho sirupu a vla\u0161sk\u00fdch o\u0159ech\u016f<br \/>\n\u2022 100% Rostlinn\u00e9ho p\u016fvodu<br \/>\n\u2022 Certifikovan\u00e9 BIO ingredience<br \/>\n\u2022 Neobsahuje s\u00f3ju a lepek<br \/>\n\u2022 Alergeny: <strong>O\u0158ECHY<\/strong><\/p>","protected":false},"excerpt":{"rendered":"<p class=\"p1\">A delicious blend of roasted walnuts &amp; maple syrup. Topped with walnut pieces! This flavour is inspired by road trips through Vermont &amp; New England.<\/p>\n<p>[tooltip_icons theme=\"borderless\" image_id=\"4738\" img_width=\"60px\" text=\"Organic\" caption_url=\"\"][tooltip_icons theme=\"borderless\" image_id=\"4716\" img_width=\"60px\" text=\"Vegan\" caption_url=\"\"][tooltip_icons theme=\"borderless\" image_id=\"4714\" img_width=\"60px\" text=\"Freshly Handmade\" caption_url=\"\"][tooltip_icons theme=\"borderless\" image_id=\"4711\" img_width=\"60px\" text=\"Made in CZ\" caption_url=\"\"][tooltip_icons theme=\"borderless\" image_id=\"4710\" img_width=\"60px\" text=\"Contains Nuts\" caption_url=\"\"][tooltip_icons theme=\"borderless\" image_id=\"4713\" img_width=\"60px\" text=\"Free from Soy\" caption_url=\"\"]<\/p>\n<p>&nbsp;<\/p>\n","protected":false},"featured_media":7202,"template":"","meta":[],"product_brand":[],"product_cat":[364],"product_tag":[360],"class_list":{"0":"post-7223","1":"product","2":"type-product","3":"status-publish","4":"has-post-thumbnail","6":"product_cat-gelato","7":"product_tag-frozen","8":"product_shipping_class-frozenproduct","10":"first","11":"instock","12":"taxable","13":"shipping-taxable","14":"product-type-external"},"_links":{"self":[{"href":"https:\/\/www.patipatti.com\/cs\/wp-json\/wp\/v2\/product\/7223","targetHints":{"allow":["GET"]}}],"collection":[{"href":"https:\/\/www.patipatti.com\/cs\/wp-json\/wp\/v2\/product"}],"about":[{"href":"https:\/\/www.patipatti.com\/cs\/wp-json\/wp\/v2\/types\/product"}],"wp:featuredmedia":[{"embeddable":true,"href":"https:\/\/www.patipatti.com\/cs\/wp-json\/wp\/v2\/media\/7202"}],"wp:attachment":[{"href":"https:\/\/www.patipatti.com\/cs\/wp-json\/wp\/v2\/media?parent=7223"}],"wp:term":[{"taxonomy":"product_brand","embeddable":true,"href":"https:\/\/www.patipatti.com\/cs\/wp-json\/wp\/v2\/product_brand?post=7223"},{"taxonomy":"product_cat","embeddable":true,"href":"https:\/\/www.patipatti.com\/cs\/wp-json\/wp\/v2\/product_cat?post=7223"},{"taxonomy":"product_tag","embeddable":true,"href":"https:\/\/www.patipatti.com\/cs\/wp-json\/wp\/v2\/product_tag?post=7223"}],"curies":[{"name":"wp","href":"https:\/\/api.w.org\/{rel}","templated":true}]}}