{"id":7222,"date":"2021-08-02T22:06:37","date_gmt":"2021-08-02T20:06:37","guid":{"rendered":"https:\/\/www.patipatti.com\/?post_type=product&#038;p=7222"},"modified":"2024-02-16T17:51:04","modified_gmt":"2024-02-16T16:51:04","slug":"calamansi-lime-pie-gelato-mini","status":"publish","type":"product","link":"https:\/\/www.patipatti.com\/cs\/shop\/gelato\/calamansi-lime-pie-gelato-mini\/","title":{"rendered":"Calamansi Lime Pie Gelato Mini"},"content":{"rendered":"<p>Calamansi je limetka poch\u00e1zej\u00edc\u00ed z Filip\u00edn a je b\u011b\u017en\u011b pou\u017e\u00edvan\u00e1 v jihov\u00fdchodn\u00ed asijsk\u00e9 kuchyni. Je zn\u00e1m\u00e1 svou vysoce aromatickou v\u016fn\u00ed a lahodn\u00fdm jasn\u011b oran\u017eov\u00fdm d\u017eusem, kter\u00fd je do jist\u00e9 m\u00edry k\u0159\u00ed\u017eencem limetky a mandarinky. Kysel\u00fd se skryt\u00fdm n\u00e1znakem sladkosti.<\/p>\n<p>Na\u0161e gelato je vyrobeno z kr\u00e9mov\u00e9 sm\u011bsi ke\u0161u a para o\u0159ech\u016f, co\u017e mu dod\u00e1v\u00e1 velice bohatou, a\u017e dekadentn\u00ed chu\u0165.<\/p>\n<p><span style=\"color: #800000;\"><strong>Upozor\u0148ujeme, \u017ee tato p\u0159\u00edchu\u0165 nen\u00ed certifikovan\u00e1 jako organick\u00e1.<\/strong><\/span> Krom\u011b speci\u00e1ln\u00edho pyr\u00e9 z calamansi a grahamov\u00fdch su\u0161enek jsou v\u0161ak v\u0161echny ostatn\u00ed ingredience certifikovan\u00e9 v bio kvalit\u011b.<\/p>\n<p>&nbsp;<\/p>\n<p>\u2022 Calamansi Lime Pie Vegan Gelato<br \/>\n\u2022 100% Rostlinn\u00e9ho p\u016fvodu<br \/>\n\u2022 Bez s\u00f3ji<br \/>\n\u2022 Alergeny: <strong>O\u0158ECHY, P\u0160ENICE, LEPEK, LUPINA<\/strong><\/p>","protected":false},"excerpt":{"rendered":"<p class=\"p1\">Aromatic &amp; refreshing calamansi lime custard mixed with a graham biscuit crumble. A south-east asian spin on the famous key lime pie.<\/p>\n<p>[tooltip_icons theme=\"borderless\" image_id=\"4716\" img_width=\"60px\" text=\"Vegan\" caption_url=\"\"][tooltip_icons theme=\"borderless\" image_id=\"4714\" img_width=\"60px\" text=\"Freshly Handmade\" caption_url=\"\"][tooltip_icons theme=\"borderless\" image_id=\"4711\" img_width=\"60px\" text=\"Made in CZ\" caption_url=\"\"][tooltip_icons theme=\"borderless\" image_id=\"4710\" img_width=\"60px\" text=\"Contains Nuts\" caption_url=\"\"][tooltip_icons theme=\"borderless\" image_id=\"4713\" img_width=\"60px\" text=\"Free from Soy\" caption_url=\"\"]<\/p>\n<p>&nbsp;<\/p>\n","protected":false},"featured_media":7194,"template":"","meta":[],"product_brand":[],"product_cat":[364],"product_tag":[360],"class_list":{"0":"post-7222","1":"product","2":"type-product","3":"status-publish","4":"has-post-thumbnail","6":"product_cat-gelato","7":"product_tag-frozen","8":"product_shipping_class-frozenproduct","10":"first","11":"instock","12":"taxable","13":"shipping-taxable","14":"product-type-external"},"_links":{"self":[{"href":"https:\/\/www.patipatti.com\/cs\/wp-json\/wp\/v2\/product\/7222","targetHints":{"allow":["GET"]}}],"collection":[{"href":"https:\/\/www.patipatti.com\/cs\/wp-json\/wp\/v2\/product"}],"about":[{"href":"https:\/\/www.patipatti.com\/cs\/wp-json\/wp\/v2\/types\/product"}],"wp:featuredmedia":[{"embeddable":true,"href":"https:\/\/www.patipatti.com\/cs\/wp-json\/wp\/v2\/media\/7194"}],"wp:attachment":[{"href":"https:\/\/www.patipatti.com\/cs\/wp-json\/wp\/v2\/media?parent=7222"}],"wp:term":[{"taxonomy":"product_brand","embeddable":true,"href":"https:\/\/www.patipatti.com\/cs\/wp-json\/wp\/v2\/product_brand?post=7222"},{"taxonomy":"product_cat","embeddable":true,"href":"https:\/\/www.patipatti.com\/cs\/wp-json\/wp\/v2\/product_cat?post=7222"},{"taxonomy":"product_tag","embeddable":true,"href":"https:\/\/www.patipatti.com\/cs\/wp-json\/wp\/v2\/product_tag?post=7222"}],"curies":[{"name":"wp","href":"https:\/\/api.w.org\/{rel}","templated":true}]}}