{"id":7218,"date":"2021-08-02T22:00:24","date_gmt":"2021-08-02T20:00:24","guid":{"rendered":"https:\/\/www.patipatti.com\/?post_type=product&#038;p=7218"},"modified":"2024-02-16T17:51:55","modified_gmt":"2024-02-16T16:51:55","slug":"hojicha-gelato-mini","status":"publish","type":"product","link":"https:\/\/www.patipatti.com\/cs\/shop\/gelato\/hojicha-gelato-mini\/","title":{"rendered":"Hojicha Gelato Mini"},"content":{"rendered":"<p>Zat\u00edmco matcha je v t\u011bchto dnech velice roz\u0161\u00ed\u0159en\u00e1 a jej\u00ed obl\u00edbenost roste, hojicha je mimo Japonsko \/ Asii st\u00e1le je\u0161t\u011b relativn\u011b neobvykl\u00fdm pojmem. Navzdory sv\u00e9mu hn\u011bd\u00e9mu zbarven\u00ed se hojicha \u0159ad\u00ed mezi zelen\u00fd \u010daj, kter\u00fd byl pra\u017een, co\u017e m\u00e1 za n\u00e1sledek ni\u017e\u0161\u00ed hladiny kofeinu. \u010caj je proto vhodn\u00fd i pro ve\u010dern\u00ed pit\u00ed nebo pro ty, kte\u0159\u00ed maj\u00ed citlivost na kofein, jako jsou d\u011bti nebo star\u0161\u00ed lid\u00e9.<\/p>\n<p>&nbsp;<\/p>\n<p>Hojicha pou\u017e\u00edvan\u00e1 v tomto gelatu m\u00e1 bio certifikaci a poch\u00e1z\u00ed z mal\u00e9 rodinn\u00e9 \u010dajov\u00e9 zahrady v hor\u00e1ch v regionu Yame, v Japonsku. Na\u0161e gelato je vyrobeno z kr\u00e9mov\u00e9 sm\u011bsi ke\u0161u a para o\u0159ech\u016f, co\u017e mu dod\u00e1v\u00e1 velice bohatou, a\u017e dekadentn\u00ed chu\u0165.<\/p>\n<p>\u2022 Hojicha Vegan Gelato<br \/>\n\u2022 100% Rostlinn\u00e9ho p\u016fvodu<br \/>\n\u2022 Certifikovan\u00e9 BIO ingredience<br \/>\n\u2022 Certifikovan\u00fd BIO \u010daj z Japonska<br \/>\n\u2022 Neobsahuje s\u00f3ju a lepek<br \/>\n\u2022 Alergeny: <strong>O\u0158ECHY<\/strong><\/p>","protected":false},"excerpt":{"rendered":"<p>You will love our hojicha gelato for its roasted earthy malty notes that are somewhat reminiscent of coffee and caro but in its own unique tea way.<\/p>\n<p>Many hojichas tend to be roasted too heavily, but our tea farmer does it just right, resulting in a balanced roasted flavor that doesn&#8217;t overpower the tea notes.<\/p>\n<p>[tooltip_icons theme=\"borderless\" image_id=\"4738\" img_width=\"60px\" text=\"Organic\" caption_url=\"\"][tooltip_icons theme=\"borderless\" image_id=\"4716\" img_width=\"60px\" text=\"Vegan\" caption_url=\"\"][tooltip_icons theme=\"borderless\" image_id=\"4714\" img_width=\"60px\" text=\"Freshly Handmade\" caption_url=\"\"][tooltip_icons theme=\"borderless\" image_id=\"4711\" img_width=\"60px\" text=\"Made in CZ\" caption_url=\"\"][tooltip_icons theme=\"borderless\" image_id=\"4710\" img_width=\"60px\" text=\"Contains Nuts\" caption_url=\"\"][tooltip_icons theme=\"borderless\" image_id=\"4713\" img_width=\"60px\" text=\"Free from Soy\" caption_url=\"\"]<\/p>\n<p>&nbsp;<\/p>\n","protected":false},"featured_media":7200,"template":"","meta":[],"product_brand":[],"product_cat":[364],"product_tag":[360],"class_list":{"0":"post-7218","1":"product","2":"type-product","3":"status-publish","4":"has-post-thumbnail","6":"product_cat-gelato","7":"product_tag-frozen","8":"product_shipping_class-frozenproduct","10":"first","11":"instock","12":"taxable","13":"shipping-taxable","14":"product-type-external"},"_links":{"self":[{"href":"https:\/\/www.patipatti.com\/cs\/wp-json\/wp\/v2\/product\/7218","targetHints":{"allow":["GET"]}}],"collection":[{"href":"https:\/\/www.patipatti.com\/cs\/wp-json\/wp\/v2\/product"}],"about":[{"href":"https:\/\/www.patipatti.com\/cs\/wp-json\/wp\/v2\/types\/product"}],"wp:featuredmedia":[{"embeddable":true,"href":"https:\/\/www.patipatti.com\/cs\/wp-json\/wp\/v2\/media\/7200"}],"wp:attachment":[{"href":"https:\/\/www.patipatti.com\/cs\/wp-json\/wp\/v2\/media?parent=7218"}],"wp:term":[{"taxonomy":"product_brand","embeddable":true,"href":"https:\/\/www.patipatti.com\/cs\/wp-json\/wp\/v2\/product_brand?post=7218"},{"taxonomy":"product_cat","embeddable":true,"href":"https:\/\/www.patipatti.com\/cs\/wp-json\/wp\/v2\/product_cat?post=7218"},{"taxonomy":"product_tag","embeddable":true,"href":"https:\/\/www.patipatti.com\/cs\/wp-json\/wp\/v2\/product_tag?post=7218"}],"curies":[{"name":"wp","href":"https:\/\/api.w.org\/{rel}","templated":true}]}}