{"id":7217,"date":"2021-08-02T21:58:48","date_gmt":"2021-08-02T19:58:48","guid":{"rendered":"https:\/\/www.patipatti.com\/?post_type=product&#038;p=7217"},"modified":"2024-02-16T17:52:02","modified_gmt":"2024-02-16T16:52:02","slug":"miso-caramel-gelato-mini","status":"publish","type":"product","link":"https:\/\/www.patipatti.com\/cs\/shop\/gelato\/miso-caramel-gelato-mini\/","title":{"rendered":"Miso Caramel Gelato Mini"},"content":{"rendered":"<p>Sladk\u00fd a slan\u00fd je klasick\u00fd chu\u0165ov\u00fd profil, kter\u00e9ho se lid\u00e9 zd\u00e1 se nemohou naba\u017eit. Karamelizujeme bio t\u0159tinov\u00fd cukr do hust\u00e9 om\u00e1\u010dky pro na\u0161i \u201csladkou\u201d a p\u0159im\u00edch\u00e1v\u00e1me b\u00edl\u00e9 miso pro na\u0161i \u201cslanou\u201d te\u010dku. A\u010dkoliv jsme se rozhodli pou\u017e\u00edt miso hlavn\u011b pro jeho bohatou umami chu\u0165, p\u0159idanou hodnotou t\u00e9to fermentovan\u00e9 ingredience zd\u00e1 se b\u00fdti i st\u0159evn\u00ed mikrofl\u00f3\u0159e prosp\u011b\u0161n\u00fd obsah probiotik.<br \/>\nMiso, kter\u00e9 pou\u017e\u00edv\u00e1me v na\u0161em gelatu je produktem ekologick\u00e9ho zem\u011bd\u011blstv\u00ed a neobsahuje GMO suroviny. Gelato je vyrobeno z kr\u00e9mov\u00e9 sm\u011bsi ke\u0161u a para o\u0159ech\u016f, co\u017e mu dod\u00e1v\u00e1 velice bohatou, a\u017e dekadentn\u00ed chu\u0165.<\/p>\n<p>&nbsp;<\/p>\n<p>\u2022 Vegan Gelato s Miso Karamelem a Mandlemi<br \/>\n\u2022 100% Rostlinn\u00e9ho p\u016fvodu<br \/>\n\u2022 Certifikovan\u00e9 BIO ingredience<br \/>\n\u2022 Certifikovan\u00e9 BIO miso (fermentovan\u00e1 pasta ze sojov\u00fdch bob\u016f)<br \/>\n\u2022 Bez lepku<br \/>\n\u2022 Alergeny: <strong>O\u0158ECHY, S\u00d3JA<\/strong><\/p>","protected":false},"excerpt":{"rendered":"<p>Patipatti&#8217;s take on salted caramel: Miso Caramel with Almonds!<br \/>\nOur plain gelato is swathed in ribbons of sweet, salty, umami-filled golden deliciousness and topped with crunchy almond pieces. It&#8217;s hard to put our spoons down with this one.<\/p>\n<p>[tooltip_icons theme=\"borderless\" image_id=\"4738\" img_width=\"60px\" text=\"Organic\" caption_url=\"\"][tooltip_icons theme=\"borderless\" image_id=\"4716\" img_width=\"60px\" text=\"Vegan\" caption_url=\"\"][tooltip_icons theme=\"borderless\" image_id=\"4714\" img_width=\"60px\" text=\"Freshly Handmade\" caption_url=\"\"][tooltip_icons theme=\"borderless\" image_id=\"4711\" img_width=\"60px\" text=\"Made in CZ\" caption_url=\"\"][tooltip_icons theme=\"borderless\" image_id=\"4710\" img_width=\"60px\" text=\"Contains Nuts\" caption_url=\"\"]<\/p>\n<p>&nbsp;<\/p>\n","protected":false},"featured_media":7208,"template":"","meta":[],"product_brand":[],"product_cat":[364],"product_tag":[360],"class_list":{"0":"post-7217","1":"product","2":"type-product","3":"status-publish","4":"has-post-thumbnail","6":"product_cat-gelato","7":"product_tag-frozen","8":"product_shipping_class-frozenproduct","10":"first","11":"instock","12":"taxable","13":"shipping-taxable","14":"product-type-external"},"_links":{"self":[{"href":"https:\/\/www.patipatti.com\/cs\/wp-json\/wp\/v2\/product\/7217","targetHints":{"allow":["GET"]}}],"collection":[{"href":"https:\/\/www.patipatti.com\/cs\/wp-json\/wp\/v2\/product"}],"about":[{"href":"https:\/\/www.patipatti.com\/cs\/wp-json\/wp\/v2\/types\/product"}],"wp:featuredmedia":[{"embeddable":true,"href":"https:\/\/www.patipatti.com\/cs\/wp-json\/wp\/v2\/media\/7208"}],"wp:attachment":[{"href":"https:\/\/www.patipatti.com\/cs\/wp-json\/wp\/v2\/media?parent=7217"}],"wp:term":[{"taxonomy":"product_brand","embeddable":true,"href":"https:\/\/www.patipatti.com\/cs\/wp-json\/wp\/v2\/product_brand?post=7217"},{"taxonomy":"product_cat","embeddable":true,"href":"https:\/\/www.patipatti.com\/cs\/wp-json\/wp\/v2\/product_cat?post=7217"},{"taxonomy":"product_tag","embeddable":true,"href":"https:\/\/www.patipatti.com\/cs\/wp-json\/wp\/v2\/product_tag?post=7217"}],"curies":[{"name":"wp","href":"https:\/\/api.w.org\/{rel}","templated":true}]}}