{"id":7216,"date":"2021-08-02T21:56:41","date_gmt":"2021-08-02T19:56:41","guid":{"rendered":"https:\/\/www.patipatti.com\/?post_type=product&#038;p=7216"},"modified":"2024-02-16T17:52:07","modified_gmt":"2024-02-16T16:52:07","slug":"bourbon-vanilla-gelato-mini","status":"publish","type":"product","link":"https:\/\/www.patipatti.com\/cs\/shop\/gelato\/bourbon-vanilla-gelato-mini\/","title":{"rendered":"Bourbon Vanilla Gelato Mini"},"content":{"rendered":"<p>Jak vanilkov\u00e9 lusky, tak dvojn\u00e1sobn\u00fd vanilkov\u00fd extrakt (bez alkoholu) pou\u017eit\u00e9 v na\u0161em gelatu jsou produktem ekologick\u00e9ho zem\u011bd\u011blstv\u00ed a fair trade z Madagaskaru. Na\u0161e gelato je vyrobeno z kr\u00e9mov\u00e9 sm\u011bsi ke\u0161u a para o\u0159ech\u016f, co\u017e mu dod\u00e1v\u00e1 velice bohatou, a\u017e dekadentn\u00ed chu\u0165.<\/p>\n<p>Tip: M\u016f\u017eete si jej vychutnat jak samotn\u00e9, tak ve stylu chaffogato (affogato s \u0161\u00e1lkem matchy nam\u00edsto espressa) <em>(affogato s pan\u00e1kem matcha m\u00edsto espressa)<\/em><\/p>\n<p>&nbsp;<\/p>\n<p>\u2022 Bourbon Vanilla Vegan Gelato<br \/>\n\u2022 100% Rostlinn\u00e9ho p\u016fvodu<br \/>\n\u2022 Certifikovan\u00e9 BIO ingredience<br \/>\n\u2022 Certifikovan\u00e1 BIO a fair-trade vanilka z Madagaskaru<br \/>\n\u2022 Neobsahuje s\u00f3ju a lepek<br \/>\n\u2022 Alergeny: <strong>O\u0158ECHY<\/strong><\/p>","protected":false},"excerpt":{"rendered":"<p>Experience the taste of <strong>real<\/strong> Bourbon Vanilla from Madagascar.<\/p>\n<p>We steep real vanilla beans in our mix to preserve all the complexities and nuances of vanilla that you just cannot obtain from using an alcohol extract. Without alcohol to adulterate flavours, the pristine taste of bourbon vanilla gets to shine in our gelato.<\/p>\n<p>[tooltip_icons theme=\"borderless\" image_id=\"4738\" img_width=\"60px\" text=\"Organic\" caption_url=\"\"][tooltip_icons theme=\"borderless\" image_id=\"4716\" img_width=\"60px\" text=\"Vegan\" caption_url=\"\"][tooltip_icons theme=\"borderless\" image_id=\"4714\" img_width=\"60px\" text=\"Freshly Handmade\" caption_url=\"\"][tooltip_icons theme=\"borderless\" image_id=\"4711\" img_width=\"60px\" text=\"Made in CZ\" caption_url=\"\"][tooltip_icons theme=\"borderless\" image_id=\"4712\" img_width=\"60px\" text=\"Fair Trade\" caption_url=\"\"][tooltip_icons theme=\"borderless\" image_id=\"4710\" img_width=\"60px\" text=\"Contains Nuts\" caption_url=\"\"][tooltip_icons theme=\"borderless\" image_id=\"4713\" img_width=\"60px\" text=\"Free from Soy\" caption_url=\"\"]<\/p>\n<p>&nbsp;<\/p>\n","protected":false},"featured_media":7192,"template":"","meta":[],"product_brand":[],"product_cat":[364],"product_tag":[360],"class_list":{"0":"post-7216","1":"product","2":"type-product","3":"status-publish","4":"has-post-thumbnail","6":"product_cat-gelato","7":"product_tag-frozen","8":"product_shipping_class-frozenproduct","10":"first","11":"instock","12":"taxable","13":"shipping-taxable","14":"product-type-external"},"_links":{"self":[{"href":"https:\/\/www.patipatti.com\/cs\/wp-json\/wp\/v2\/product\/7216","targetHints":{"allow":["GET"]}}],"collection":[{"href":"https:\/\/www.patipatti.com\/cs\/wp-json\/wp\/v2\/product"}],"about":[{"href":"https:\/\/www.patipatti.com\/cs\/wp-json\/wp\/v2\/types\/product"}],"wp:featuredmedia":[{"embeddable":true,"href":"https:\/\/www.patipatti.com\/cs\/wp-json\/wp\/v2\/media\/7192"}],"wp:attachment":[{"href":"https:\/\/www.patipatti.com\/cs\/wp-json\/wp\/v2\/media?parent=7216"}],"wp:term":[{"taxonomy":"product_brand","embeddable":true,"href":"https:\/\/www.patipatti.com\/cs\/wp-json\/wp\/v2\/product_brand?post=7216"},{"taxonomy":"product_cat","embeddable":true,"href":"https:\/\/www.patipatti.com\/cs\/wp-json\/wp\/v2\/product_cat?post=7216"},{"taxonomy":"product_tag","embeddable":true,"href":"https:\/\/www.patipatti.com\/cs\/wp-json\/wp\/v2\/product_tag?post=7216"}],"curies":[{"name":"wp","href":"https:\/\/api.w.org\/{rel}","templated":true}]}}