{"id":6859,"date":"2021-05-13T21:37:03","date_gmt":"2021-05-13T19:37:03","guid":{"rendered":"https:\/\/www.patipatti.com\/?post_type=product&#038;p=6859"},"modified":"2024-02-16T17:54:04","modified_gmt":"2024-02-16T16:54:04","slug":"black-sesame-gelato","status":"publish","type":"product","link":"https:\/\/www.patipatti.com\/cs\/shop\/gelato\/black-sesame-gelato\/","title":{"rendered":"Black Sesame Gelato"},"content":{"rendered":"<p>Modern\u00ed zmrzlinov\u00e1 verze \u010dern\u00e9 sezamov\u00e9 pol\u00e9vky nebo \u201czhi ma hu\u201d (\u829d\u9ebb\u7cca). V \u010d\u00ednsk\u00e9 kultu\u0159e se \u010dern\u00fd sezam tradi\u010dn\u011b konzumuje jako sladk\u00e1 dezertn\u00ed pol\u00e9vka. Je lahodn\u00fd a velmi v\u00fd\u017eivn\u00fd d\u00edky nutri\u010dn\u011b bohat\u00e9mu \u010dern\u00e9mu sezamov\u00e9mu semenu, kter\u00e9 poskytuje dostatek v\u00e1pn\u00edku, \u017eeleza a vitam\u00edn\u016f.<\/p>\n<p>Toto gelato je vyrobeno z kr\u00e9mov\u00e9 sm\u011bsi pra\u017een\u00e9ho \u010dern\u00e9ho sezamu a ke\u0161u o\u0159ech\u016f, co\u017e mu dod\u00e1v\u00e1 velice bohatou, a\u017e dekadentn\u00ed chu\u0165.<\/p>\n<p>&nbsp;<\/p>\n<p>\u2022 Vegan gelato z \u010dern\u00e9ho sezamu<br \/>\n\u2022 100% Rostlinn\u00e9ho p\u016fvodu<br \/>\n\u2022 Certifikovan\u00e9 BIO ingredience<br \/>\n\u2022 Neobsahuje s\u00f3ju a lepek<br \/>\n\u2022 Alergeny: <strong>O\u0158ECHY, SEZAM<\/strong><\/p>","protected":false},"excerpt":{"rendered":"<p class=\"p1\">Deep nutty fragrance of roasted black sesame seeds and cashew nuts, with an almost savoury richness. Black gold!<\/p>\n<p>[tooltip_icons theme=\"borderless\" image_id=\"4738\" img_width=\"60px\" text=\"Organic\" caption_url=\"\"][tooltip_icons theme=\"borderless\" image_id=\"4716\" img_width=\"60px\" text=\"Vegan\" caption_url=\"\"][tooltip_icons theme=\"borderless\" image_id=\"4714\" img_width=\"60px\" text=\"Freshly Handmade\" caption_url=\"\"][tooltip_icons theme=\"borderless\" image_id=\"4711\" img_width=\"60px\" text=\"Made in CZ\" caption_url=\"\"][tooltip_icons theme=\"borderless\" image_id=\"4710\" img_width=\"60px\" text=\"Contains Nuts\" caption_url=\"\"][tooltip_icons theme=\"borderless\" image_id=\"4713\" img_width=\"60px\" text=\"Free from Soy\" caption_url=\"\"]<\/p>\n","protected":false},"featured_media":6826,"template":"","meta":[],"product_brand":[],"product_cat":[364],"product_tag":[360],"class_list":{"0":"post-6859","1":"product","2":"type-product","3":"status-publish","4":"has-post-thumbnail","6":"product_cat-gelato","7":"product_tag-frozen","8":"product_shipping_class-frozenproduct","10":"first","11":"instock","12":"taxable","13":"shipping-taxable","14":"product-type-external"},"_links":{"self":[{"href":"https:\/\/www.patipatti.com\/cs\/wp-json\/wp\/v2\/product\/6859","targetHints":{"allow":["GET"]}}],"collection":[{"href":"https:\/\/www.patipatti.com\/cs\/wp-json\/wp\/v2\/product"}],"about":[{"href":"https:\/\/www.patipatti.com\/cs\/wp-json\/wp\/v2\/types\/product"}],"wp:featuredmedia":[{"embeddable":true,"href":"https:\/\/www.patipatti.com\/cs\/wp-json\/wp\/v2\/media\/6826"}],"wp:attachment":[{"href":"https:\/\/www.patipatti.com\/cs\/wp-json\/wp\/v2\/media?parent=6859"}],"wp:term":[{"taxonomy":"product_brand","embeddable":true,"href":"https:\/\/www.patipatti.com\/cs\/wp-json\/wp\/v2\/product_brand?post=6859"},{"taxonomy":"product_cat","embeddable":true,"href":"https:\/\/www.patipatti.com\/cs\/wp-json\/wp\/v2\/product_cat?post=6859"},{"taxonomy":"product_tag","embeddable":true,"href":"https:\/\/www.patipatti.com\/cs\/wp-json\/wp\/v2\/product_tag?post=6859"}],"curies":[{"name":"wp","href":"https:\/\/api.w.org\/{rel}","templated":true}]}}