{"id":6845,"date":"2021-05-13T16:44:39","date_gmt":"2021-05-13T14:44:39","guid":{"rendered":"https:\/\/www.patipatti.com\/?post_type=product&#038;p=6845"},"modified":"2024-02-16T17:54:23","modified_gmt":"2024-02-16T16:54:23","slug":"genmaicha-gelato","status":"publish","type":"product","link":"https:\/\/www.patipatti.com\/cs\/shop\/gelato\/genmaicha-gelato\/","title":{"rendered":"Genmaicha Gelato"},"content":{"rendered":"<p>Na\u0161e gelato je vyrobeno z kr\u00e9mov\u00e9 sm\u011bsi ke\u0161u a para o\u0159ech\u016f, co\u017e mu dod\u00e1v\u00e1 velice bohatou, a\u017e dekadentn\u00ed chu\u0165.<\/p>\n<p>&nbsp;<\/p>\n<p>\u2022 Genmaicha Vegan Gelato<br \/>\n\u2022 100% Rostlinn\u00e9ho p\u016fvodu<br \/>\n\u2022 Certifikovan\u00e9 BIO ingredience<br \/>\n\u2022 Certifikovan\u00e1 bio genmaicha z Japonska<br \/>\n\u2022 Neobsahuje s\u00f3ju a lepek<br \/>\n\u2022 Alergeny: <strong>O\u0158ECHY<\/strong><\/p>","protected":false},"excerpt":{"rendered":"<p>The unique popcorn aroma of genmaicha is simply irresistible! We use a quality genmaicha that is a 50:50 blend of organic matcha and roasted genmai (brown rice).<\/p>\n<p>[tooltip_icons theme=\"borderless\" image_id=\"4738\" img_width=\"60px\" text=\"Organic\" caption_url=\"\"][tooltip_icons theme=\"borderless\" image_id=\"4716\" img_width=\"60px\" text=\"Vegan\" caption_url=\"\"][tooltip_icons theme=\"borderless\" image_id=\"4714\" img_width=\"60px\" text=\"Freshly Handmade\" caption_url=\"\"][tooltip_icons theme=\"borderless\" image_id=\"4711\" img_width=\"60px\" text=\"Made in CZ\" caption_url=\"\"][tooltip_icons theme=\"borderless\" image_id=\"4710\" img_width=\"60px\" text=\"Contains Nuts\" caption_url=\"\"][tooltip_icons theme=\"borderless\" image_id=\"4713\" img_width=\"60px\" text=\"Free from Soy\" caption_url=\"\"]<\/p>\n<p>&nbsp;<\/p>\n","protected":false},"featured_media":6832,"template":"","meta":[],"product_brand":[],"product_cat":[364],"product_tag":[360],"class_list":{"0":"post-6845","1":"product","2":"type-product","3":"status-publish","4":"has-post-thumbnail","6":"product_cat-gelato","7":"product_tag-frozen","8":"product_shipping_class-frozenproduct","10":"first","11":"instock","12":"taxable","13":"shipping-taxable","14":"product-type-external"},"_links":{"self":[{"href":"https:\/\/www.patipatti.com\/cs\/wp-json\/wp\/v2\/product\/6845","targetHints":{"allow":["GET"]}}],"collection":[{"href":"https:\/\/www.patipatti.com\/cs\/wp-json\/wp\/v2\/product"}],"about":[{"href":"https:\/\/www.patipatti.com\/cs\/wp-json\/wp\/v2\/types\/product"}],"wp:featuredmedia":[{"embeddable":true,"href":"https:\/\/www.patipatti.com\/cs\/wp-json\/wp\/v2\/media\/6832"}],"wp:attachment":[{"href":"https:\/\/www.patipatti.com\/cs\/wp-json\/wp\/v2\/media?parent=6845"}],"wp:term":[{"taxonomy":"product_brand","embeddable":true,"href":"https:\/\/www.patipatti.com\/cs\/wp-json\/wp\/v2\/product_brand?post=6845"},{"taxonomy":"product_cat","embeddable":true,"href":"https:\/\/www.patipatti.com\/cs\/wp-json\/wp\/v2\/product_cat?post=6845"},{"taxonomy":"product_tag","embeddable":true,"href":"https:\/\/www.patipatti.com\/cs\/wp-json\/wp\/v2\/product_tag?post=6845"}],"curies":[{"name":"wp","href":"https:\/\/api.w.org\/{rel}","templated":true}]}}