{"id":6776,"date":"2021-01-07T17:41:10","date_gmt":"2021-01-07T16:41:10","guid":{"rendered":"https:\/\/www.patipatti.com\/?post_type=product&#038;p=6776"},"modified":"2022-02-04T17:13:43","modified_gmt":"2022-02-04T16:13:43","slug":"bronze-lotus-coaster-2","status":"publish","type":"product","link":"https:\/\/www.patipatti.com\/cs\/shop\/teaware\/teacups\/smallcups\/bronze-lotus-coaster-2\/","title":{"rendered":"Bronzov\u00e1 Lotus Coaster"},"content":{"rendered":"","protected":false},"excerpt":{"rendered":"<p>Mal\u00fd bronzov\u00fd keramick\u00fd podt\u00e1cek ve stylu lotosov\u00e9ho ovoce. Lze vyu\u017e\u00edt nap\u0159\u00edklad jako podlo\u017eka pod mal\u00fd \u010dajov\u00fd \u0161\u00e1lek nebo jako mal\u00e1 miska na ob\u010derstven\u00ed.<\/p>\n<p style=\"padding-left: 40px;\">\u2022 \u0160\u00ed\u0159ka: ~9 cm<br \/>\n\u2022 V\u00fd\u0161ka: ~1,8 cm<\/p>","protected":false},"featured_media":6774,"template":"","meta":[],"product_brand":[],"product_cat":[622,620,376],"product_tag":[],"class_list":{"0":"post-6776","1":"product","2":"type-product","3":"status-publish","4":"has-post-thumbnail","6":"product_cat-smallcups","7":"product_cat-teacups","8":"product_cat-teaware","9":"product_shipping_class-standardsmall","11":"first","12":"instock","13":"taxable","14":"shipping-taxable","15":"purchasable","16":"product-type-simple"},"_links":{"self":[{"href":"https:\/\/www.patipatti.com\/cs\/wp-json\/wp\/v2\/product\/6776","targetHints":{"allow":["GET"]}}],"collection":[{"href":"https:\/\/www.patipatti.com\/cs\/wp-json\/wp\/v2\/product"}],"about":[{"href":"https:\/\/www.patipatti.com\/cs\/wp-json\/wp\/v2\/types\/product"}],"wp:featuredmedia":[{"embeddable":true,"href":"https:\/\/www.patipatti.com\/cs\/wp-json\/wp\/v2\/media\/6774"}],"wp:attachment":[{"href":"https:\/\/www.patipatti.com\/cs\/wp-json\/wp\/v2\/media?parent=6776"}],"wp:term":[{"taxonomy":"product_brand","embeddable":true,"href":"https:\/\/www.patipatti.com\/cs\/wp-json\/wp\/v2\/product_brand?post=6776"},{"taxonomy":"product_cat","embeddable":true,"href":"https:\/\/www.patipatti.com\/cs\/wp-json\/wp\/v2\/product_cat?post=6776"},{"taxonomy":"product_tag","embeddable":true,"href":"https:\/\/www.patipatti.com\/cs\/wp-json\/wp\/v2\/product_tag?post=6776"}],"curies":[{"name":"wp","href":"https:\/\/api.w.org\/{rel}","templated":true}]}}