{"id":6760,"date":"2021-01-07T17:06:42","date_gmt":"2021-01-07T16:06:42","guid":{"rendered":"https:\/\/www.patipatti.com\/?post_type=product&#038;p=6760"},"modified":"2021-02-27T16:56:40","modified_gmt":"2021-02-27T15:56:40","slug":"dark-bamboo-table-runner-medium-120x30","status":"publish","type":"product","link":"https:\/\/www.patipatti.com\/cs\/shop\/teaware\/accessories-pouches\/tablerunners\/dark-bamboo-table-runner-medium-120x30\/","title":{"rendered":"Tmav\u00fd bambusov\u00fd b\u011bhoun na st\u016fl \u2013 st\u0159edn\u00ed 120\u00d730"},"content":{"rendered":"","protected":false},"excerpt":{"rendered":"<p>Tmav\u011b zbarven\u00fd bambusov\u00fd b\u011bhoun na st\u016fl, kter\u00fd funguje jako prost\u00edr\u00e1n\u00ed pro serv\u00edrov\u00e1n\u00ed \u010daje.<\/p>\n<p style=\"padding-left: 40px;\">\u2022 D\u00e9lka: ~120 cm<br \/>\n\u2022 \u0160\u00ed\u0159ka: ~30 cm<\/p>\n<p><em>Vzhledem k tomu, \u017ee se jedn\u00e1 o v\u00fdrobek z p\u0159\u00edrodn\u00edho bambusu, mohou se barvy a efekty m\u00edrn\u011b li\u0161it od fotografie.<\/em><\/p>","protected":false},"featured_media":6761,"template":"","meta":[],"product_brand":[],"product_cat":[640,638],"product_tag":[],"class_list":{"0":"post-6760","1":"product","2":"type-product","3":"status-publish","4":"has-post-thumbnail","6":"product_cat-tablerunners","7":"product_cat-accessories-pouches","8":"product_shipping_class-standardsmall","10":"first","11":"outofstock","12":"taxable","13":"shipping-taxable","14":"purchasable","15":"product-type-simple"},"_links":{"self":[{"href":"https:\/\/www.patipatti.com\/cs\/wp-json\/wp\/v2\/product\/6760","targetHints":{"allow":["GET"]}}],"collection":[{"href":"https:\/\/www.patipatti.com\/cs\/wp-json\/wp\/v2\/product"}],"about":[{"href":"https:\/\/www.patipatti.com\/cs\/wp-json\/wp\/v2\/types\/product"}],"wp:featuredmedia":[{"embeddable":true,"href":"https:\/\/www.patipatti.com\/cs\/wp-json\/wp\/v2\/media\/6761"}],"wp:attachment":[{"href":"https:\/\/www.patipatti.com\/cs\/wp-json\/wp\/v2\/media?parent=6760"}],"wp:term":[{"taxonomy":"product_brand","embeddable":true,"href":"https:\/\/www.patipatti.com\/cs\/wp-json\/wp\/v2\/product_brand?post=6760"},{"taxonomy":"product_cat","embeddable":true,"href":"https:\/\/www.patipatti.com\/cs\/wp-json\/wp\/v2\/product_cat?post=6760"},{"taxonomy":"product_tag","embeddable":true,"href":"https:\/\/www.patipatti.com\/cs\/wp-json\/wp\/v2\/product_tag?post=6760"}],"curies":[{"name":"wp","href":"https:\/\/api.w.org\/{rel}","templated":true}]}}