{"id":6735,"date":"2021-01-07T15:45:28","date_gmt":"2021-01-07T14:45:28","guid":{"rendered":"https:\/\/www.patipatti.com\/?post_type=product&#038;p=6735"},"modified":"2021-02-27T16:47:45","modified_gmt":"2021-02-27T15:47:45","slug":"cotton-placemat-rectangle","status":"publish","type":"product","link":"https:\/\/www.patipatti.com\/cs\/shop\/teaware\/accessories-pouches\/tablerunners\/cotton-placemat-rectangle\/","title":{"rendered":"Bavln\u011bn\u00e9 prost\u00edr\u00e1n\u00ed \u2013 obd\u00e9ln\u00edk"},"content":{"rendered":"","protected":false},"excerpt":{"rendered":"<p>Oboustrann\u00e9 bavln\u011bn\u00e9 prost\u00edr\u00e1n\u00ed pro pod\u00e1v\u00e1n\u00ed \u010daje.<\/p>\n<p style=\"padding-left: 40px;\">\u2022 D\u00e9lka: ~50 cm<br \/>\n\u2022 \u0160\u00ed\u0159ka: ~30 cm<\/p>","protected":false},"featured_media":6749,"template":"","meta":[],"product_brand":[],"product_cat":[640,638,642],"product_tag":[],"class_list":{"0":"post-6735","1":"product","2":"type-product","3":"status-publish","4":"has-post-thumbnail","6":"product_cat-tablerunners","7":"product_cat-accessories-pouches","8":"product_cat-cloth","9":"product_shipping_class-standardsmall","11":"first","12":"outofstock","13":"taxable","14":"shipping-taxable","15":"purchasable","16":"product-type-variable"},"_links":{"self":[{"href":"https:\/\/www.patipatti.com\/cs\/wp-json\/wp\/v2\/product\/6735","targetHints":{"allow":["GET"]}}],"collection":[{"href":"https:\/\/www.patipatti.com\/cs\/wp-json\/wp\/v2\/product"}],"about":[{"href":"https:\/\/www.patipatti.com\/cs\/wp-json\/wp\/v2\/types\/product"}],"wp:featuredmedia":[{"embeddable":true,"href":"https:\/\/www.patipatti.com\/cs\/wp-json\/wp\/v2\/media\/6749"}],"wp:attachment":[{"href":"https:\/\/www.patipatti.com\/cs\/wp-json\/wp\/v2\/media?parent=6735"}],"wp:term":[{"taxonomy":"product_brand","embeddable":true,"href":"https:\/\/www.patipatti.com\/cs\/wp-json\/wp\/v2\/product_brand?post=6735"},{"taxonomy":"product_cat","embeddable":true,"href":"https:\/\/www.patipatti.com\/cs\/wp-json\/wp\/v2\/product_cat?post=6735"},{"taxonomy":"product_tag","embeddable":true,"href":"https:\/\/www.patipatti.com\/cs\/wp-json\/wp\/v2\/product_tag?post=6735"}],"curies":[{"name":"wp","href":"https:\/\/api.w.org\/{rel}","templated":true}]}}