{"id":6710,"date":"2021-01-07T15:07:23","date_gmt":"2021-01-07T14:07:23","guid":{"rendered":"https:\/\/www.patipatti.com\/?post_type=product&#038;p=6710"},"modified":"2021-03-01T20:49:45","modified_gmt":"2021-03-01T19:49:45","slug":"cotton-placemat-square","status":"publish","type":"product","link":"https:\/\/www.patipatti.com\/cs\/shop\/teaware\/accessories-pouches\/cloth\/cotton-placemat-square\/","title":{"rendered":"Bavln\u011bn\u00e9 prost\u00edr\u00e1n\u00ed \u2013 \u010dtvercov\u00e9"},"content":{"rendered":"","protected":false},"excerpt":{"rendered":"<p>Bavln\u011bn\u00e9 prost\u00edr\u00e1n\u00ed pro pod\u00e1v\u00e1n\u00ed \u010daje. Vhodn\u00e9 tak\u00e9 pro pou\u017eit\u00ed jako su\u0161\u00edc\u00ed had\u0159\u00edk.<\/p>\n<p style=\"padding-left: 40px;\">\u2022 D\u00e9lka: ~24 cm<br \/>\n\u2022 \u0160\u00ed\u0159ka: ~24 cm<\/p>","protected":false},"featured_media":6720,"template":"","meta":[],"product_brand":[],"product_cat":[642,638],"product_tag":[],"class_list":{"0":"post-6710","1":"product","2":"type-product","3":"status-publish","4":"has-post-thumbnail","6":"product_cat-cloth","7":"product_cat-accessories-pouches","8":"product_shipping_class-standardsmall","10":"first","11":"outofstock","12":"taxable","13":"shipping-taxable","14":"purchasable","15":"product-type-variable"},"_links":{"self":[{"href":"https:\/\/www.patipatti.com\/cs\/wp-json\/wp\/v2\/product\/6710","targetHints":{"allow":["GET"]}}],"collection":[{"href":"https:\/\/www.patipatti.com\/cs\/wp-json\/wp\/v2\/product"}],"about":[{"href":"https:\/\/www.patipatti.com\/cs\/wp-json\/wp\/v2\/types\/product"}],"wp:featuredmedia":[{"embeddable":true,"href":"https:\/\/www.patipatti.com\/cs\/wp-json\/wp\/v2\/media\/6720"}],"wp:attachment":[{"href":"https:\/\/www.patipatti.com\/cs\/wp-json\/wp\/v2\/media?parent=6710"}],"wp:term":[{"taxonomy":"product_brand","embeddable":true,"href":"https:\/\/www.patipatti.com\/cs\/wp-json\/wp\/v2\/product_brand?post=6710"},{"taxonomy":"product_cat","embeddable":true,"href":"https:\/\/www.patipatti.com\/cs\/wp-json\/wp\/v2\/product_cat?post=6710"},{"taxonomy":"product_tag","embeddable":true,"href":"https:\/\/www.patipatti.com\/cs\/wp-json\/wp\/v2\/product_tag?post=6710"}],"curies":[{"name":"wp","href":"https:\/\/api.w.org\/{rel}","templated":true}]}}