{"id":6708,"date":"2021-01-07T14:15:21","date_gmt":"2021-01-07T13:15:21","guid":{"rendered":"https:\/\/www.patipatti.com\/?post_type=product&#038;p=6708"},"modified":"2021-03-01T20:40:55","modified_gmt":"2021-03-01T19:40:55","slug":"padded-cotton-pouch-crane","status":"publish","type":"product","link":"https:\/\/www.patipatti.com\/cs\/shop\/teaware\/accessories-pouches\/travel-pouches\/padded-cotton-pouch-crane\/","title":{"rendered":"Polstrovan\u00fd bavln\u011bn\u00fd vak \u2013 je\u0159\u00e1b (velk\u00fd)"},"content":{"rendered":"<p>Dob\u0159e zkonstruovan\u00e9 pouzdro s tlust\u00fdm velkorys\u00fdm polstrov\u00e1n\u00edm pro ochranu va\u0161ich keramick\u00fdch p\u0159edm\u011bt\u016f b\u011bhem p\u0159epravy.<\/p>","protected":false},"excerpt":{"rendered":"<p>Bavln\u011bn\u00fd vak se zavazov\u00e1n\u00edm na \u0161\u0148\u016frku. Uvnit\u0159 jsou 4 kapsy na ulo\u017een\u00ed konvi\u010dky a 4 \u0161\u00e1lk\u016f. Do t\u00e9to velk\u00e9 ta\u0161ky se vejde i chawan (matcha miska). Ide\u00e1ln\u00ed pro p\u0159epravu keramiky, ale tak\u00e9 vhodn\u00e9 pro jin\u00e9 b\u011b\u017en\u00e9 pou\u017eit\u00ed. Vezm\u011bte pros\u00edm v \u00favahu skute\u010dn\u00e9 rozm\u011bry va\u0161eho \u010dajov\u00e9ho n\u00e1dob\u00ed.<\/p>\n<p style=\"padding-left: 40px;\">\u2022 D\u00e9lka: ~12 cm<br \/>\n\u2022 \u0160\u00ed\u0159ka: ~12 cm<br \/>\n\u2022 V\u00fd\u0161ka: ~14 cm<\/p>","protected":false},"featured_media":6702,"template":"","meta":[],"product_brand":[],"product_cat":[644,638],"product_tag":[],"class_list":{"0":"post-6708","1":"product","2":"type-product","3":"status-publish","4":"has-post-thumbnail","6":"product_cat-travel-pouches","7":"product_cat-accessories-pouches","8":"product_shipping_class-standardsmall","10":"first","11":"outofstock","12":"taxable","13":"shipping-taxable","14":"purchasable","15":"product-type-simple"},"_links":{"self":[{"href":"https:\/\/www.patipatti.com\/cs\/wp-json\/wp\/v2\/product\/6708","targetHints":{"allow":["GET"]}}],"collection":[{"href":"https:\/\/www.patipatti.com\/cs\/wp-json\/wp\/v2\/product"}],"about":[{"href":"https:\/\/www.patipatti.com\/cs\/wp-json\/wp\/v2\/types\/product"}],"wp:featuredmedia":[{"embeddable":true,"href":"https:\/\/www.patipatti.com\/cs\/wp-json\/wp\/v2\/media\/6702"}],"wp:attachment":[{"href":"https:\/\/www.patipatti.com\/cs\/wp-json\/wp\/v2\/media?parent=6708"}],"wp:term":[{"taxonomy":"product_brand","embeddable":true,"href":"https:\/\/www.patipatti.com\/cs\/wp-json\/wp\/v2\/product_brand?post=6708"},{"taxonomy":"product_cat","embeddable":true,"href":"https:\/\/www.patipatti.com\/cs\/wp-json\/wp\/v2\/product_cat?post=6708"},{"taxonomy":"product_tag","embeddable":true,"href":"https:\/\/www.patipatti.com\/cs\/wp-json\/wp\/v2\/product_tag?post=6708"}],"curies":[{"name":"wp","href":"https:\/\/api.w.org\/{rel}","templated":true}]}}