{"id":6540,"date":"2020-11-24T22:17:25","date_gmt":"2020-11-24T21:17:25","guid":{"rendered":"https:\/\/www.patipatti.com\/?post_type=product&#038;p=6540"},"modified":"2025-09-02T14:07:09","modified_gmt":"2025-09-02T12:07:09","slug":"warm-reed-bamboo-tea-tray","status":"publish","type":"product","link":"https:\/\/www.patipatti.com\/cs\/shop\/teaware\/trays\/dry-trays\/warm-reed-bamboo-tea-tray\/","title":{"rendered":"Tepl\u00fd r\u00e1kosov\u00fd bambusov\u00fd podnos na \u010daj"},"content":{"rendered":"<p>\u010cajov\u00e9 podnosy nab\u00edzej\u00ed jak funk\u010dnost, tak estetiku, p\u0159i p\u0159\u00edprav\u011b \u010daje gong-fu stylem.<\/p>","protected":false},"excerpt":{"rendered":"<p>\u010cajov\u00fd podnos spleten\u00fd z bambusov\u00e9ho r\u00e1kosu mo\u0159en\u00e9ho v tepl\u00fdch na\u010dervenal\u00fdch t\u00f3nech.<\/p>\n<p style=\"padding-left: 40px;\">\u2022 D\u00e9lka: 30 cm<br \/>\n\u2022 \u0160\u00ed\u0159ka: 13,5 cm<\/p>\n<p><em>Vzhledem k tomu, \u017ee se jedn\u00e1 o v\u00fdrobek z p\u0159\u00edrodn\u00edho bambusu, mohou se barvy a efekty m\u00edrn\u011b li\u0161it od fotografie.<\/em><\/p>","protected":false},"featured_media":6538,"template":"","meta":[],"product_brand":[],"product_cat":[636,376,632],"product_tag":[],"class_list":{"0":"post-6540","1":"product","2":"type-product","3":"status-publish","4":"has-post-thumbnail","6":"product_cat-dry-trays","7":"product_cat-teaware","8":"product_cat-trays","9":"product_shipping_class-standardsmall","11":"first","12":"outofstock","13":"taxable","14":"shipping-taxable","15":"purchasable","16":"product-type-simple"},"_links":{"self":[{"href":"https:\/\/www.patipatti.com\/cs\/wp-json\/wp\/v2\/product\/6540","targetHints":{"allow":["GET"]}}],"collection":[{"href":"https:\/\/www.patipatti.com\/cs\/wp-json\/wp\/v2\/product"}],"about":[{"href":"https:\/\/www.patipatti.com\/cs\/wp-json\/wp\/v2\/types\/product"}],"wp:featuredmedia":[{"embeddable":true,"href":"https:\/\/www.patipatti.com\/cs\/wp-json\/wp\/v2\/media\/6538"}],"wp:attachment":[{"href":"https:\/\/www.patipatti.com\/cs\/wp-json\/wp\/v2\/media?parent=6540"}],"wp:term":[{"taxonomy":"product_brand","embeddable":true,"href":"https:\/\/www.patipatti.com\/cs\/wp-json\/wp\/v2\/product_brand?post=6540"},{"taxonomy":"product_cat","embeddable":true,"href":"https:\/\/www.patipatti.com\/cs\/wp-json\/wp\/v2\/product_cat?post=6540"},{"taxonomy":"product_tag","embeddable":true,"href":"https:\/\/www.patipatti.com\/cs\/wp-json\/wp\/v2\/product_tag?post=6540"}],"curies":[{"name":"wp","href":"https:\/\/api.w.org\/{rel}","templated":true}]}}