{"id":6532,"date":"2020-11-24T22:04:46","date_gmt":"2020-11-24T21:04:46","guid":{"rendered":"https:\/\/www.patipatti.com\/?post_type=product&#038;p=6532"},"modified":"2022-02-04T17:13:44","modified_gmt":"2022-02-04T16:13:44","slug":"bronze-lotus-tea-tray","status":"publish","type":"product","link":"https:\/\/www.patipatti.com\/cs\/shop\/teaware\/trays\/dry-trays\/bronze-lotus-tea-tray\/","title":{"rendered":"Bronzov\u00fd lotosov\u00fd podnos na \u010daj"},"content":{"rendered":"<p>\u010cajov\u00e9 podnosy nab\u00edzej\u00ed jak funk\u010dnost, tak estetiku, p\u0159i p\u0159\u00edprav\u011b \u010daje gong-fu stylem.<\/p>","protected":false},"excerpt":{"rendered":"<p>Mal\u00fd keramick\u00fd podnos na konvi\u010dku, kter\u00fd m\u016f\u017ee fungovat i jako tal\u00ed\u0159. Zdoben\u00e9 reli\u00e9fem lotosov\u00e9ho lusku. Podnos je lehce strukturovan\u00fd a glazovan\u00fd s efektem letit\u00e9ho bronzu.<\/p>\n<p style=\"padding-left: 40px;\">\u2022 \u0160\u00ed\u0159ka: 15,5 cm<br \/>\n\u2022 V\u00fd\u0161ka: 0,9 cm<\/p>\n<p><em>Proto\u017ee se jedn\u00e1 o ru\u010dn\u011b glazovan\u00fd keramick\u00fd v\u00fdrobek, barvy a efekty glazury na fotografi\u00edch se budou m\u00edrn\u011b li\u0161it od skute\u010dnosti.<\/em><\/p>","protected":false},"featured_media":6531,"template":"","meta":[],"product_brand":[],"product_cat":[636,376,632],"product_tag":[],"class_list":{"0":"post-6532","1":"product","2":"type-product","3":"status-publish","4":"has-post-thumbnail","6":"product_cat-dry-trays","7":"product_cat-teaware","8":"product_cat-trays","9":"product_shipping_class-standardsmall","11":"first","12":"instock","13":"taxable","14":"shipping-taxable","15":"purchasable","16":"product-type-simple"},"_links":{"self":[{"href":"https:\/\/www.patipatti.com\/cs\/wp-json\/wp\/v2\/product\/6532","targetHints":{"allow":["GET"]}}],"collection":[{"href":"https:\/\/www.patipatti.com\/cs\/wp-json\/wp\/v2\/product"}],"about":[{"href":"https:\/\/www.patipatti.com\/cs\/wp-json\/wp\/v2\/types\/product"}],"wp:featuredmedia":[{"embeddable":true,"href":"https:\/\/www.patipatti.com\/cs\/wp-json\/wp\/v2\/media\/6531"}],"wp:attachment":[{"href":"https:\/\/www.patipatti.com\/cs\/wp-json\/wp\/v2\/media?parent=6532"}],"wp:term":[{"taxonomy":"product_brand","embeddable":true,"href":"https:\/\/www.patipatti.com\/cs\/wp-json\/wp\/v2\/product_brand?post=6532"},{"taxonomy":"product_cat","embeddable":true,"href":"https:\/\/www.patipatti.com\/cs\/wp-json\/wp\/v2\/product_cat?post=6532"},{"taxonomy":"product_tag","embeddable":true,"href":"https:\/\/www.patipatti.com\/cs\/wp-json\/wp\/v2\/product_tag?post=6532"}],"curies":[{"name":"wp","href":"https:\/\/api.w.org\/{rel}","templated":true}]}}