{"id":6523,"date":"2020-11-24T21:52:42","date_gmt":"2020-11-24T20:52:42","guid":{"rendered":"https:\/\/www.patipatti.com\/?post_type=product&#038;p=6523"},"modified":"2021-03-01T22:04:22","modified_gmt":"2021-03-01T21:04:22","slug":"blue-lotus-tea-tray","status":"publish","type":"product","link":"https:\/\/www.patipatti.com\/cs\/shop\/teaware\/trays\/dry-trays\/blue-lotus-tea-tray\/","title":{"rendered":"Modr\u00fd lotosov\u00fd podnos na \u010daj"},"content":{"rendered":"<p>\u010cajov\u00e9 podnosy nab\u00edzej\u00ed jak funk\u010dnost, tak estetiku, p\u0159i p\u0159\u00edprav\u011b \u010daje gong-fu stylem.<\/p>","protected":false},"excerpt":{"rendered":"<p>Mal\u00fd keramick\u00fd podnos na konvi\u010dku, kter\u00fd m\u016f\u017ee fungovat i jako tal\u00ed\u0159. Zdoben\u00e9 reli\u00e9fem lotosov\u00e9ho lusku a glazovan\u00e9 v uklid\u0148uj\u00edc\u00ed sv\u011btle modr\u00e9 barv\u011b.<\/p>\n<p style=\"padding-left: 40px;\">\u2022 \u0160\u00ed\u0159ka: 15,5 cm<br \/>\n\u2022 V\u00fd\u0161ka: 0,9 cm<\/p>\n<p><em>Proto\u017ee se jedn\u00e1 o ru\u010dn\u011b glazovan\u00fd keramick\u00fd v\u00fdrobek, barvy a efekty glazury na fotografi\u00edch se budou m\u00edrn\u011b li\u0161it od skute\u010dnosti.<\/em><\/p>","protected":false},"featured_media":6527,"template":"","meta":[],"product_brand":[],"product_cat":[636,376,632],"product_tag":[],"class_list":{"0":"post-6523","1":"product","2":"type-product","3":"status-publish","4":"has-post-thumbnail","6":"product_cat-dry-trays","7":"product_cat-teaware","8":"product_cat-trays","9":"product_shipping_class-standardsmall","11":"first","12":"instock","13":"taxable","14":"shipping-taxable","15":"purchasable","16":"product-type-simple"},"_links":{"self":[{"href":"https:\/\/www.patipatti.com\/cs\/wp-json\/wp\/v2\/product\/6523","targetHints":{"allow":["GET"]}}],"collection":[{"href":"https:\/\/www.patipatti.com\/cs\/wp-json\/wp\/v2\/product"}],"about":[{"href":"https:\/\/www.patipatti.com\/cs\/wp-json\/wp\/v2\/types\/product"}],"wp:featuredmedia":[{"embeddable":true,"href":"https:\/\/www.patipatti.com\/cs\/wp-json\/wp\/v2\/media\/6527"}],"wp:attachment":[{"href":"https:\/\/www.patipatti.com\/cs\/wp-json\/wp\/v2\/media?parent=6523"}],"wp:term":[{"taxonomy":"product_brand","embeddable":true,"href":"https:\/\/www.patipatti.com\/cs\/wp-json\/wp\/v2\/product_brand?post=6523"},{"taxonomy":"product_cat","embeddable":true,"href":"https:\/\/www.patipatti.com\/cs\/wp-json\/wp\/v2\/product_cat?post=6523"},{"taxonomy":"product_tag","embeddable":true,"href":"https:\/\/www.patipatti.com\/cs\/wp-json\/wp\/v2\/product_tag?post=6523"}],"curies":[{"name":"wp","href":"https:\/\/api.w.org\/{rel}","templated":true}]}}