{"id":6492,"date":"2020-11-24T20:37:00","date_gmt":"2020-11-24T19:37:00","guid":{"rendered":"https:\/\/www.patipatti.com\/?post_type=product&#038;p=6492"},"modified":"2021-03-01T22:21:33","modified_gmt":"2021-03-01T21:21:33","slug":"picket-bamboo-tea-tray-small","status":"publish","type":"product","link":"https:\/\/www.patipatti.com\/cs\/shop\/teaware\/trays\/wet-trays\/picket-bamboo-tea-tray-small\/","title":{"rendered":"Bambusov\u00fd podnos na \u010daj Picket \u2013 mal\u00fd"},"content":{"rendered":"<p>\u010cajov\u00e9 podnosy nab\u00edzej\u00ed funkci i estetiku b\u011bhem \u010dajov\u00e9ho sezen\u00ed gong-fu. Poskytuj\u00ed platformu pro sezen\u00ed na \u010dajov\u00e9 n\u00e1dob\u00ed a chr\u00e1n\u00ed v\u00e1\u0161 n\u00e1bytek p\u0159ed polit\u00edm. \u201eMokr\u00e9\u201c podnosy se sb\u011brnou n\u00e1dr\u017ekou jsou zvl\u00e1\u0161t\u011b u\u017eite\u010dn\u00e9 p\u0159i va\u0159en\u00ed \u010daj\u016f o vy\u0161\u0161\u00edch teplot\u00e1ch, kter\u00e9 \u010dasto vy\u017eaduj\u00ed zalit\u00ed konvice horkou vodou.<\/p>","protected":false},"excerpt":{"rendered":"<p>Lehk\u00fd bambusov\u00fd podnos na \u010daj s \u0161t\u011brbinov\u00fdm panelem. Voda se shroma\u017e\u010fuje ve skryt\u00e9 n\u00e1dr\u017ei pod n\u00ed.<\/p>\n<p style=\"padding-left: 40px;\">\u2022 D\u00e9lka: 38 cm<br \/>\n\u2022 \u0160\u00ed\u0159ka: 15 cm<br \/>\n\u2022 V\u00fd\u0161ka: 3 cm<\/p>\n<p><em>Vzhledem k tomu, \u017ee se jedn\u00e1 o v\u00fdrobek z p\u0159\u00edrodn\u00edho bambusu, mohou se barvy a efekty m\u00edrn\u011b li\u0161it od fotografie.<\/em><\/p>","protected":false},"featured_media":6504,"template":"","meta":[],"product_brand":[],"product_cat":[634,376,632],"product_tag":[],"class_list":{"0":"post-6492","1":"product","2":"type-product","3":"status-publish","4":"has-post-thumbnail","6":"product_cat-wet-trays","7":"product_cat-teaware","8":"product_cat-trays","9":"product_shipping_class-standardlarge","11":"first","12":"instock","13":"taxable","14":"shipping-taxable","15":"purchasable","16":"product-type-simple"},"_links":{"self":[{"href":"https:\/\/www.patipatti.com\/cs\/wp-json\/wp\/v2\/product\/6492","targetHints":{"allow":["GET"]}}],"collection":[{"href":"https:\/\/www.patipatti.com\/cs\/wp-json\/wp\/v2\/product"}],"about":[{"href":"https:\/\/www.patipatti.com\/cs\/wp-json\/wp\/v2\/types\/product"}],"wp:featuredmedia":[{"embeddable":true,"href":"https:\/\/www.patipatti.com\/cs\/wp-json\/wp\/v2\/media\/6504"}],"wp:attachment":[{"href":"https:\/\/www.patipatti.com\/cs\/wp-json\/wp\/v2\/media?parent=6492"}],"wp:term":[{"taxonomy":"product_brand","embeddable":true,"href":"https:\/\/www.patipatti.com\/cs\/wp-json\/wp\/v2\/product_brand?post=6492"},{"taxonomy":"product_cat","embeddable":true,"href":"https:\/\/www.patipatti.com\/cs\/wp-json\/wp\/v2\/product_cat?post=6492"},{"taxonomy":"product_tag","embeddable":true,"href":"https:\/\/www.patipatti.com\/cs\/wp-json\/wp\/v2\/product_tag?post=6492"}],"curies":[{"name":"wp","href":"https:\/\/api.w.org\/{rel}","templated":true}]}}