{"id":6439,"date":"2020-11-24T18:12:33","date_gmt":"2020-11-24T17:12:33","guid":{"rendered":"https:\/\/www.patipatti.com\/?post_type=product&#038;p=6439"},"modified":"2021-03-01T22:28:56","modified_gmt":"2021-03-01T21:28:56","slug":"planar-bamboo-tea-tray-mahogany","status":"publish","type":"product","link":"https:\/\/www.patipatti.com\/cs\/shop\/teaware\/trays\/wet-trays\/planar-bamboo-tea-tray-mahogany\/","title":{"rendered":"Plo\u0161n\u00fd bambusov\u00fd podnos na \u010daj \u2013 mahagon"},"content":{"rendered":"<p>\u010cajov\u00e9 podnosy nab\u00edzej\u00ed funkci i estetiku p\u0159i \u010dajov\u00e9m sezen\u00ed gong-fu. Poskytuj\u00ed platformu pro sezen\u00ed na \u010dajov\u00e9 n\u00e1dob\u00ed a chr\u00e1n\u00ed v\u00e1\u0161 n\u00e1bytek p\u0159ed polit\u00edm. \u201eMokr\u00e9\u201c podnosy se sb\u011brnou n\u00e1dr\u017ekou jsou zvl\u00e1\u0161t\u011b u\u017eite\u010dn\u00e9 p\u0159i va\u0159en\u00ed \u010daj\u016f s vy\u0161\u0161\u00ed teplotou, kter\u00e9 \u010dasto vy\u017eaduj\u00ed zalit\u00ed konvice horkou vodou.<\/p>","protected":false},"excerpt":{"rendered":"<p>Bambusov\u00fd podnos v minimalistick\u00e9m stylu v tepl\u00e9m mahagonov\u00e9m t\u00f3nu. Voda se shroma\u017e\u010fuje do skryt\u00e9ho z\u00e1sobn\u00edku. Lze pou\u017e\u00edt s podnosem nebo p\u0159ipojit p\u0159ilo\u017eenou trubici k vypu\u0161t\u011bn\u00ed vody do samostatn\u00e9 n\u00e1doby.<\/p>\n<p style=\"padding-left: 40px;\">\u2022 D\u00e9lka: 46 cm<br \/>\n\u2022 \u0160\u00ed\u0159ka: 25,5 cm<br \/>\n\u2022 V\u00fd\u0161ka: 5,5 cm<\/p>\n<p><em>Vzhledem k tomu, \u017ee jde o vyroben\u00fd p\u0159edm\u011bt z p\u0159\u00edrodn\u00edch materi\u00e1l\u016f, budou se v barv\u00e1ch a efektech m\u00edrn\u011b li\u0161it od fotografie p\u0159edm\u011btu.<\/em><\/p>","protected":false},"featured_media":6445,"template":"","meta":[],"product_brand":[],"product_cat":[634,376,632],"product_tag":[],"class_list":{"0":"post-6439","1":"product","2":"type-product","3":"status-publish","4":"has-post-thumbnail","6":"product_cat-wet-trays","7":"product_cat-teaware","8":"product_cat-trays","9":"product_shipping_class-standardsmall","11":"first","12":"instock","13":"taxable","14":"shipping-taxable","15":"purchasable","16":"product-type-simple"},"_links":{"self":[{"href":"https:\/\/www.patipatti.com\/cs\/wp-json\/wp\/v2\/product\/6439","targetHints":{"allow":["GET"]}}],"collection":[{"href":"https:\/\/www.patipatti.com\/cs\/wp-json\/wp\/v2\/product"}],"about":[{"href":"https:\/\/www.patipatti.com\/cs\/wp-json\/wp\/v2\/types\/product"}],"wp:featuredmedia":[{"embeddable":true,"href":"https:\/\/www.patipatti.com\/cs\/wp-json\/wp\/v2\/media\/6445"}],"wp:attachment":[{"href":"https:\/\/www.patipatti.com\/cs\/wp-json\/wp\/v2\/media?parent=6439"}],"wp:term":[{"taxonomy":"product_brand","embeddable":true,"href":"https:\/\/www.patipatti.com\/cs\/wp-json\/wp\/v2\/product_brand?post=6439"},{"taxonomy":"product_cat","embeddable":true,"href":"https:\/\/www.patipatti.com\/cs\/wp-json\/wp\/v2\/product_cat?post=6439"},{"taxonomy":"product_tag","embeddable":true,"href":"https:\/\/www.patipatti.com\/cs\/wp-json\/wp\/v2\/product_tag?post=6439"}],"curies":[{"name":"wp","href":"https:\/\/api.w.org\/{rel}","templated":true}]}}