{"id":6422,"date":"2020-11-24T16:30:39","date_gmt":"2020-11-24T15:30:39","guid":{"rendered":"https:\/\/www.patipatti.com\/?post_type=product&#038;p=6422"},"modified":"2020-11-24T17:55:24","modified_gmt":"2020-11-24T16:55:24","slug":"double-walled-brewing-tumbler-450ml","status":"publish","type":"product","link":"https:\/\/www.patipatti.com\/cs\/shop\/teaware\/teapots\/double-walled-brewing-tumbler-450ml\/","title":{"rendered":"Dvoust\u011bnn\u00e9 sklo sklenice 450 ml"},"content":{"rendered":"<p>Sklen\u011bn\u00e9 konvice jsou zvl\u00e1\u0161t\u011b skv\u011bl\u00e9 pro jemn\u00e9 \u010daje, jako je zelen\u00fd a b\u00edl\u00fd. Pr\u016fhledn\u00e9 sklo tak\u00e9 uk\u00e1\u017ee kr\u00e1su list\u016f nebo kv\u011bt\u016f b\u011bhem n\u00e1levu.<\/p>","protected":false},"excerpt":{"rendered":"<p>Vysok\u00fd varn\u00fd \u0161\u00e1lek vyroben\u00fd z tepeln\u011b odoln\u00e9ho skla. Vakuov\u00e1 st\u011bna funguje jako izolace, kter\u00e1 udr\u017euje vn\u011bj\u0161\u00ed povrch chladn\u00fd na dotek. Vhodn\u00e9 na tepl\u00e9 i studen\u00e9, na \u010daj, k\u00e1vu, n\u00e1levy, d\u017eusy, smoothie atd.<\/p>\n<p>T\u0159\u00edd\u00edln\u00e1 sada, kter\u00e1 obsahuje sklenici, s\u00edtko a v\u00edko. V\u00edko lze pou\u017e\u00edt i jako podlo\u017eku na s\u00edtko.<\/p>\n<p style=\"padding-left: 40px;\">\u2022 Objem: ~450 ml<br \/>\n\u2022 \u0160\u00ed\u0159ka: ~8,5 cm<br \/>\n\u2022 V\u00fd\u0161ka: ~14,5 cm<\/p>","protected":false},"featured_media":6438,"template":"","meta":[],"product_brand":[],"product_cat":[614,618,616,620,376],"product_tag":[],"class_list":{"0":"post-6422","1":"product","2":"type-product","3":"status-publish","4":"has-post-thumbnail","6":"product_cat-teapots","7":"product_cat-gaiwan","8":"product_cat-gongfubrewing","9":"product_cat-teacups","10":"product_cat-teaware","11":"product_shipping_class-standardsmall","13":"first","14":"outofstock","15":"taxable","16":"shipping-taxable","17":"product-type-simple"},"_links":{"self":[{"href":"https:\/\/www.patipatti.com\/cs\/wp-json\/wp\/v2\/product\/6422","targetHints":{"allow":["GET"]}}],"collection":[{"href":"https:\/\/www.patipatti.com\/cs\/wp-json\/wp\/v2\/product"}],"about":[{"href":"https:\/\/www.patipatti.com\/cs\/wp-json\/wp\/v2\/types\/product"}],"wp:featuredmedia":[{"embeddable":true,"href":"https:\/\/www.patipatti.com\/cs\/wp-json\/wp\/v2\/media\/6438"}],"wp:attachment":[{"href":"https:\/\/www.patipatti.com\/cs\/wp-json\/wp\/v2\/media?parent=6422"}],"wp:term":[{"taxonomy":"product_brand","embeddable":true,"href":"https:\/\/www.patipatti.com\/cs\/wp-json\/wp\/v2\/product_brand?post=6422"},{"taxonomy":"product_cat","embeddable":true,"href":"https:\/\/www.patipatti.com\/cs\/wp-json\/wp\/v2\/product_cat?post=6422"},{"taxonomy":"product_tag","embeddable":true,"href":"https:\/\/www.patipatti.com\/cs\/wp-json\/wp\/v2\/product_tag?post=6422"}],"curies":[{"name":"wp","href":"https:\/\/api.w.org\/{rel}","templated":true}]}}