{"id":6382,"date":"2020-11-23T20:51:21","date_gmt":"2020-11-23T19:51:21","guid":{"rendered":"https:\/\/www.patipatti.com\/?post_type=product&#038;p=6382"},"modified":"2022-02-03T19:44:24","modified_gmt":"2022-02-03T18:44:24","slug":"double-walled-fairness-cup","status":"publish","type":"product","link":"https:\/\/www.patipatti.com\/cs\/shop\/teaware\/teacups\/fairnesscup\/double-walled-fairness-cup\/","title":{"rendered":"Dvoust\u011bnn\u00fd poh\u00e1r Fairness Cup"},"content":{"rendered":"<p>Gongdaobei (\u516c\u9053\u676f \/ Fairness Cup) se pou\u017e\u00edv\u00e1 p\u0159i va\u0159en\u00ed gong-fu k p\u0159elit\u00ed \u010daje. Dekantovan\u00fd \u010daj se pak porcuje do jednotliv\u00fdch \u0161\u00e1lk\u016f. To zaji\u0161\u0165uje, \u017ee ka\u017ed\u00fd \u0161\u00e1lek obsahuje \u201espravedliv\u00fd\u201c a stejn\u011b siln\u00fd n\u00e1lev pro ochutn\u00e1n\u00ed.<\/p>","protected":false},"excerpt":{"rendered":"<p>Dvoupl\u00e1\u0161\u0165ov\u00fd poh\u00e1rek pro va\u0159en\u00ed ve stylu gong-fu \u2013 vyroben\u00fd z tepeln\u011b odoln\u00e9ho skla. Vakuov\u00e1 st\u011bna funguje jako izolace, kter\u00e1 udr\u017euje vn\u011bj\u0161\u00ed povrch chladn\u00fd na dotek.<\/p>\n<p style=\"padding-left: 40px;\">\u2022 Objem: ~200 ml<br \/>\n\u2022 \u0160\u00ed\u0159ka: ~11 cm<br \/>\n\u2022 V\u00fd\u0161ka: ~7,3 cm<\/p>","protected":false},"featured_media":6389,"template":"","meta":[],"product_brand":[],"product_cat":[624,620,376],"product_tag":[],"class_list":{"0":"post-6382","1":"product","2":"type-product","3":"status-publish","4":"has-post-thumbnail","6":"product_cat-fairnesscup","7":"product_cat-teacups","8":"product_cat-teaware","9":"product_shipping_class-standardsmall","11":"first","12":"outofstock","13":"taxable","14":"shipping-taxable","15":"product-type-simple"},"_links":{"self":[{"href":"https:\/\/www.patipatti.com\/cs\/wp-json\/wp\/v2\/product\/6382","targetHints":{"allow":["GET"]}}],"collection":[{"href":"https:\/\/www.patipatti.com\/cs\/wp-json\/wp\/v2\/product"}],"about":[{"href":"https:\/\/www.patipatti.com\/cs\/wp-json\/wp\/v2\/types\/product"}],"wp:featuredmedia":[{"embeddable":true,"href":"https:\/\/www.patipatti.com\/cs\/wp-json\/wp\/v2\/media\/6389"}],"wp:attachment":[{"href":"https:\/\/www.patipatti.com\/cs\/wp-json\/wp\/v2\/media?parent=6382"}],"wp:term":[{"taxonomy":"product_brand","embeddable":true,"href":"https:\/\/www.patipatti.com\/cs\/wp-json\/wp\/v2\/product_brand?post=6382"},{"taxonomy":"product_cat","embeddable":true,"href":"https:\/\/www.patipatti.com\/cs\/wp-json\/wp\/v2\/product_cat?post=6382"},{"taxonomy":"product_tag","embeddable":true,"href":"https:\/\/www.patipatti.com\/cs\/wp-json\/wp\/v2\/product_tag?post=6382"}],"curies":[{"name":"wp","href":"https:\/\/api.w.org\/{rel}","templated":true}]}}