{"id":6374,"date":"2020-11-23T19:04:35","date_gmt":"2020-11-23T18:04:35","guid":{"rendered":"https:\/\/www.patipatti.com\/?post_type=product&#038;p=6374"},"modified":"2022-02-03T19:25:34","modified_gmt":"2022-02-03T18:25:34","slug":"speckle-fairness-cup","status":"publish","type":"product","link":"https:\/\/www.patipatti.com\/cs\/shop\/teaware\/teacups\/fairnesscup\/speckle-fairness-cup\/","title":{"rendered":"Speckle gong dao bei"},"content":{"rendered":"<p>Gongdaobei (\u516c\u9053\u676f \/ Fairness Cup) se pou\u017e\u00edv\u00e1 p\u0159i va\u0159en\u00ed gong-fu k p\u0159elit\u00ed \u010daje. Dekantovan\u00fd \u010daj se pak porcuje do jednotliv\u00fdch \u0161\u00e1lk\u016f. To zaji\u0161\u0165uje, \u017ee ka\u017ed\u00fd \u0161\u00e1lek obsahuje \u201espravedliv\u00fd\u201c a stejn\u011b siln\u00fd n\u00e1lev pro ochutn\u00e1n\u00ed.<\/p>","protected":false},"excerpt":{"rendered":"<p>Ru\u010dn\u011b vyroben\u00fd \u0161\u00e1lek poctivosti z hrub\u00e9 hl\u00edny pro va\u0159en\u00ed ve stylu gong-fu. Drobn\u00e9 \u010dern\u00e9 te\u010dky proti tepl\u00e9 b\u00edl\u00e9 na vnit\u0159n\u00ed stran\u011b. Neglazovan\u00fd exteri\u00e9r.<\/p>\n<p>Vyrobeno ve studiu v Jingdezhen, historick\u00e9m hlavn\u00edm m\u011bst\u011b keramiky v \u010c\u00edn\u011b.<\/p>\n<p style=\"padding-left: 40px;\">\u2022 Objem: ~170 ml<br \/>\n\u2022 \u0160\u00ed\u0159ka: ~11 cm<br \/>\n\u2022 V\u00fd\u0161ka: ~7,3 cm<\/p>\n<p><em>Proto\u017ee se jedn\u00e1 o ru\u010dn\u011b vyroben\u00fd keramick\u00fd produkt, barvy a efekty glazury na fotografi\u00edch se mohou m\u00edrn\u011b li\u0161it od skute\u010dnosti.<\/em><\/p>","protected":false},"featured_media":6375,"template":"","meta":[],"product_brand":[],"product_cat":[624,620,376],"product_tag":[],"class_list":{"0":"post-6374","1":"product","2":"type-product","3":"status-publish","4":"has-post-thumbnail","6":"product_cat-fairnesscup","7":"product_cat-teacups","8":"product_cat-teaware","9":"product_shipping_class-standardsmall","11":"first","12":"outofstock","13":"taxable","14":"shipping-taxable","15":"purchasable","16":"product-type-simple"},"_links":{"self":[{"href":"https:\/\/www.patipatti.com\/cs\/wp-json\/wp\/v2\/product\/6374","targetHints":{"allow":["GET"]}}],"collection":[{"href":"https:\/\/www.patipatti.com\/cs\/wp-json\/wp\/v2\/product"}],"about":[{"href":"https:\/\/www.patipatti.com\/cs\/wp-json\/wp\/v2\/types\/product"}],"wp:featuredmedia":[{"embeddable":true,"href":"https:\/\/www.patipatti.com\/cs\/wp-json\/wp\/v2\/media\/6375"}],"wp:attachment":[{"href":"https:\/\/www.patipatti.com\/cs\/wp-json\/wp\/v2\/media?parent=6374"}],"wp:term":[{"taxonomy":"product_brand","embeddable":true,"href":"https:\/\/www.patipatti.com\/cs\/wp-json\/wp\/v2\/product_brand?post=6374"},{"taxonomy":"product_cat","embeddable":true,"href":"https:\/\/www.patipatti.com\/cs\/wp-json\/wp\/v2\/product_cat?post=6374"},{"taxonomy":"product_tag","embeddable":true,"href":"https:\/\/www.patipatti.com\/cs\/wp-json\/wp\/v2\/product_tag?post=6374"}],"curies":[{"name":"wp","href":"https:\/\/api.w.org\/{rel}","templated":true}]}}