{"id":6289,"date":"2020-11-20T22:56:53","date_gmt":"2020-11-20T21:56:53","guid":{"rendered":"https:\/\/www.patipatti.com\/?post_type=product&#038;p=6289"},"modified":"2022-02-04T17:13:43","modified_gmt":"2022-02-04T16:13:43","slug":"edge-glass-teacup","status":"publish","type":"product","link":"https:\/\/www.patipatti.com\/cs\/shop\/teaware\/teacups\/smallcups\/edge-glass-teacup\/","title":{"rendered":"Edge sklen\u011bn\u00fd \u0161\u00e1lek"},"content":{"rendered":"<p>Mal\u00e9 \u010dajov\u00e9 \u0161\u00e1lky jsou nezbytnou sou\u010d\u00e1st\u00ed gong fu va\u0159en\u00ed, umo\u017e\u0148uj\u00edc\u00ed pohodln\u00e9 serv\u00edrov\u00e1n\u00ed koncentrovan\u00e9ho \u010daje z gong fu konvi\u010dek. Men\u0161\u00ed \u0161\u00e1lky rovn\u011b\u017e znamenaj\u00ed men\u0161\u00ed riziko vystydnut\u00ed \u010daje p\u0159edt\u00edm, ne\u017e jej vypijeme. Je to podobn\u00e1 my\u0161lenka, jako p\u0159i serv\u00edrov\u00e1n\u00ed espressa do mal\u00e9ho sklen\u011bn\u00e9ho \u0161\u00e1lku.<br \/>\n<br \/>\nGong fu va\u0159en\u00ed pou\u017e\u00edv\u00e1 velk\u00e9 mno\u017estv\u00ed l\u00edstk\u016f na mal\u00fd objem vody v kombinaci s kr\u00e1tkou dobou louhov\u00e1n\u00ed. Tento styl va\u0159en\u00ed je nejlep\u0161\u00ed zp\u016fsob, jak z\u00edskat lahodnou a intenzivn\u00ed chu\u0165 z kvalitn\u00edch \u010dajov\u00fdch l\u00edstk\u016f.<\/p>","protected":false},"excerpt":{"rendered":"<p>\u017daruvzdorn\u00fd sklen\u011bn\u00fd \u0161\u00e1lek pro va\u0159en\u00ed gong-fu stylem s kr\u00e1sn\u00fdm klad\u00edvkov\u00fdm efektem skla.<\/p>\n<p style=\"padding-left: 40px;\">\u2022 Objem: ~50 ml<br \/>\n\u2022 \u0160\u00ed\u0159ka: ~5,8 cm<br \/>\n\u2022 V\u00fd\u0161ka: ~4,8 cm<\/p>","protected":false},"featured_media":6292,"template":"","meta":[],"product_brand":[],"product_cat":[622,620,376],"product_tag":[],"class_list":{"0":"post-6289","1":"product","2":"type-product","3":"status-publish","4":"has-post-thumbnail","6":"product_cat-smallcups","7":"product_cat-teacups","8":"product_cat-teaware","9":"product_shipping_class-standardsmall","11":"first","12":"outofstock","13":"taxable","14":"shipping-taxable","15":"purchasable","16":"product-type-simple"},"_links":{"self":[{"href":"https:\/\/www.patipatti.com\/cs\/wp-json\/wp\/v2\/product\/6289","targetHints":{"allow":["GET"]}}],"collection":[{"href":"https:\/\/www.patipatti.com\/cs\/wp-json\/wp\/v2\/product"}],"about":[{"href":"https:\/\/www.patipatti.com\/cs\/wp-json\/wp\/v2\/types\/product"}],"wp:featuredmedia":[{"embeddable":true,"href":"https:\/\/www.patipatti.com\/cs\/wp-json\/wp\/v2\/media\/6292"}],"wp:attachment":[{"href":"https:\/\/www.patipatti.com\/cs\/wp-json\/wp\/v2\/media?parent=6289"}],"wp:term":[{"taxonomy":"product_brand","embeddable":true,"href":"https:\/\/www.patipatti.com\/cs\/wp-json\/wp\/v2\/product_brand?post=6289"},{"taxonomy":"product_cat","embeddable":true,"href":"https:\/\/www.patipatti.com\/cs\/wp-json\/wp\/v2\/product_cat?post=6289"},{"taxonomy":"product_tag","embeddable":true,"href":"https:\/\/www.patipatti.com\/cs\/wp-json\/wp\/v2\/product_tag?post=6289"}],"curies":[{"name":"wp","href":"https:\/\/api.w.org\/{rel}","templated":true}]}}