{"id":6220,"date":"2020-11-20T15:14:38","date_gmt":"2020-11-20T14:14:38","guid":{"rendered":"https:\/\/www.patipatti.com\/?post_type=product&#038;p=6220"},"modified":"2025-11-07T15:56:39","modified_gmt":"2025-11-07T14:56:39","slug":"jupiter-handmade-teacup","status":"publish","type":"product","link":"https:\/\/www.patipatti.com\/cs\/shop\/teaware\/teacups\/smallcups\/jupiter-handmade-teacup\/","title":{"rendered":"Jupiter \u0161\u00e1lek"},"content":{"rendered":"<p>Mal\u00e9 \u010dajov\u00e9 \u0161\u00e1lky jsou nezbytnou sou\u010d\u00e1st\u00ed gong fu va\u0159en\u00ed, umo\u017e\u0148uj\u00edc\u00ed pohodln\u00e9 serv\u00edrov\u00e1n\u00ed koncentrovan\u00e9ho \u010daje z gong fu konvi\u010dek. Men\u0161\u00ed \u0161\u00e1lky rovn\u011b\u017e znamenaj\u00ed men\u0161\u00ed riziko vystydnut\u00ed \u010daje p\u0159edt\u00edm, ne\u017e jej vypijeme. Je to podobn\u00e1 my\u0161lenka, jako p\u0159i serv\u00edrov\u00e1n\u00ed espressa do mal\u00e9ho sklen\u011bn\u00e9ho \u0161\u00e1lku.<\/p>\n<p>&nbsp;<br \/>\nGong fu va\u0159en\u00ed pou\u017e\u00edv\u00e1 velk\u00e9 mno\u017estv\u00ed l\u00edstk\u016f na mal\u00fd objem vody v kombinaci s kr\u00e1tkou dobou louhov\u00e1n\u00ed. Tento styl va\u0159en\u00ed je nejlep\u0161\u00ed zp\u016fsob, jak z\u00edskat lahodnou a intenzivn\u00ed chu\u0165 z kvalitn\u00edch \u010dajov\u00fdch l\u00edstk\u016f.<\/p>","protected":false},"excerpt":{"rendered":"<p>Ru\u010dn\u011b vyroben\u00fd keramick\u00fd \u0161\u00e1lek pro va\u0159en\u00ed gong-fu stylem. Zlat\u00e1 kombinace pou\u0161tn\u00edch barev. Vnit\u0159ek \u0161\u00e1lku je sko\u0159\u00e1pkov\u011b b\u00edl\u00fd.<\/p>\n<p>Vyrobeno ve studiu v Jingdezhen, historick\u00e9m hlavn\u00edm m\u011bst\u011b keramiky v \u010c\u00edn\u011b.<\/p>\n<p style=\"padding-left: 40px;\">\u2022 Objem: ~60 ml<br \/>\n\u2022 \u0160\u00ed\u0159ka: ~7 cm<br \/>\n\u2022 V\u00fd\u0161ka: ~5,5 cm<\/p>\n<p><em>Proto\u017ee se jedn\u00e1 o ru\u010dn\u011b vyroben\u00fd keramick\u00fd produkt, barvy a efekty glazury na fotografi\u00edch se mohou m\u00edrn\u011b li\u0161it od skute\u010dnosti.<\/em><\/p>","protected":false},"featured_media":6221,"template":"","meta":[],"product_brand":[],"product_cat":[622,620,376],"product_tag":[],"class_list":{"0":"post-6220","1":"product","2":"type-product","3":"status-publish","4":"has-post-thumbnail","6":"product_cat-smallcups","7":"product_cat-teacups","8":"product_cat-teaware","9":"product_shipping_class-standardsmall","11":"first","12":"instock","13":"taxable","14":"shipping-taxable","15":"purchasable","16":"product-type-simple"},"_links":{"self":[{"href":"https:\/\/www.patipatti.com\/cs\/wp-json\/wp\/v2\/product\/6220","targetHints":{"allow":["GET"]}}],"collection":[{"href":"https:\/\/www.patipatti.com\/cs\/wp-json\/wp\/v2\/product"}],"about":[{"href":"https:\/\/www.patipatti.com\/cs\/wp-json\/wp\/v2\/types\/product"}],"wp:featuredmedia":[{"embeddable":true,"href":"https:\/\/www.patipatti.com\/cs\/wp-json\/wp\/v2\/media\/6221"}],"wp:attachment":[{"href":"https:\/\/www.patipatti.com\/cs\/wp-json\/wp\/v2\/media?parent=6220"}],"wp:term":[{"taxonomy":"product_brand","embeddable":true,"href":"https:\/\/www.patipatti.com\/cs\/wp-json\/wp\/v2\/product_brand?post=6220"},{"taxonomy":"product_cat","embeddable":true,"href":"https:\/\/www.patipatti.com\/cs\/wp-json\/wp\/v2\/product_cat?post=6220"},{"taxonomy":"product_tag","embeddable":true,"href":"https:\/\/www.patipatti.com\/cs\/wp-json\/wp\/v2\/product_tag?post=6220"}],"curies":[{"name":"wp","href":"https:\/\/api.w.org\/{rel}","templated":true}]}}