{"id":6130,"date":"2020-11-19T19:21:19","date_gmt":"2020-11-19T18:21:19","guid":{"rendered":"https:\/\/www.patipatti.com\/?post_type=product&#038;p=6130"},"modified":"2024-02-19T14:25:29","modified_gmt":"2024-02-19T13:25:29","slug":"moon-sphere-handmade-teapot","status":"publish","type":"product","link":"https:\/\/www.patipatti.com\/cs\/shop\/teaware-archive\/archive-teapots\/moon-sphere-handmade-teapot\/","title":{"rendered":"Moon Sphere \u010dajov\u00e1 konvi\u010dka"},"content":{"rendered":"<p>Na rozd\u00edl od v\u011bt\u0161iny na\u0161ich gong fu konvi\u010dek je tato hrub\u00e1 hlin\u011bn\u00e1 konvice v\u011bt\u0161\u00ed a vhodn\u00e1 pro v\u011bt\u0161\u00ed objemy va\u0159en\u00ed nebo jako konvice na vodu.<\/p>","protected":false},"excerpt":{"rendered":"<p>Ru\u010dn\u011b vyroben\u00e1 hrub\u00e1 hlin\u011bn\u00e1 konvice ve tvaru koule \u2013 neglazovan\u00e1 uvnit\u0159 i venku. Rukoje\u0165 je vyrobena z bambusu. Konvice m\u00e1 na v\u00fdtoku kulov\u00fd filtr.<\/p>\n<p>Vyrobeno ve studiu v Jingdezhen, historick\u00e9m hlavn\u00edm m\u011bst\u011b keramiky v \u010c\u00edn\u011b.<\/p>\n<p style=\"padding-left: 40px;\">\u2022 Objem: ~600 ml<br \/>\n\u2022 \u0160\u00ed\u0159ka: ~16,5 cm (v\u010detn\u011b v\u00fdtoku)<br \/>\n\u2022 V\u00fd\u0161ka: ~12,5 cm (v\u010detn\u011b rukojeti)<\/p>\n<p><em>Proto\u017ee se jedn\u00e1 o ru\u010dn\u011b vyroben\u00fd keramick\u00fd p\u0159edm\u011bt, barvy a efekty glazury na fotografi\u00edch se mohou m\u00edrn\u011b li\u0161it od skute\u010dnosti. U drsn\u00fdch hlin\u011bn\u00fdch p\u0159edm\u011bt\u016f jsou propadliny a zbarven\u00ed p\u0159irozen\u00fdm efektem materi\u00e1lu.<\/em><\/p>","protected":false},"featured_media":6132,"template":"","meta":[],"product_brand":[],"product_cat":[1100,1101],"product_tag":[],"class_list":{"0":"post-6130","1":"product","2":"type-product","3":"status-publish","4":"has-post-thumbnail","6":"product_cat-teaware-archive","7":"product_cat-archive-teapots","8":"product_shipping_class-standardsmall","10":"first","11":"outofstock","12":"taxable","13":"shipping-taxable","14":"purchasable","15":"product-type-simple"},"_links":{"self":[{"href":"https:\/\/www.patipatti.com\/cs\/wp-json\/wp\/v2\/product\/6130","targetHints":{"allow":["GET"]}}],"collection":[{"href":"https:\/\/www.patipatti.com\/cs\/wp-json\/wp\/v2\/product"}],"about":[{"href":"https:\/\/www.patipatti.com\/cs\/wp-json\/wp\/v2\/types\/product"}],"wp:featuredmedia":[{"embeddable":true,"href":"https:\/\/www.patipatti.com\/cs\/wp-json\/wp\/v2\/media\/6132"}],"wp:attachment":[{"href":"https:\/\/www.patipatti.com\/cs\/wp-json\/wp\/v2\/media?parent=6130"}],"wp:term":[{"taxonomy":"product_brand","embeddable":true,"href":"https:\/\/www.patipatti.com\/cs\/wp-json\/wp\/v2\/product_brand?post=6130"},{"taxonomy":"product_cat","embeddable":true,"href":"https:\/\/www.patipatti.com\/cs\/wp-json\/wp\/v2\/product_cat?post=6130"},{"taxonomy":"product_tag","embeddable":true,"href":"https:\/\/www.patipatti.com\/cs\/wp-json\/wp\/v2\/product_tag?post=6130"}],"curies":[{"name":"wp","href":"https:\/\/api.w.org\/{rel}","templated":true}]}}