{"id":6032,"date":"2020-11-19T17:13:03","date_gmt":"2020-11-19T16:13:03","guid":{"rendered":"https:\/\/www.patipatti.com\/?post_type=product&#038;p=6032"},"modified":"2024-02-19T13:25:54","modified_gmt":"2024-02-19T12:25:54","slug":"agate-handmade-teapot","status":"publish","type":"product","link":"https:\/\/www.patipatti.com\/cs\/shop\/teaware-archive\/archive-teapots\/agate-handmade-teapot\/","title":{"rendered":"Agate \u010dajov\u00e1 konvi\u010dka"},"content":{"rendered":"<p>Tato \u010dajov\u00e1 konvi\u010dka je ur\u010dena ke gong fu va\u0159en\u00ed \u010daje a je tedy podstatn\u011b men\u0161\u00ed velikosti ne\u017e \u010dajov\u00e9 konvice z\u00e1padn\u00edho stylu. P\u0159i gong fu va\u0159en\u00ed se pou\u017e\u00edv\u00e1 velk\u00e9 mno\u017estv\u00ed list\u016f na mal\u00fd objem vody v kombinaci s kr\u00e1tkou dobou louhov\u00e1n\u00ed. Tento styl va\u0159en\u00ed je nejlep\u0161\u00ed zp\u016fsob, jak z\u00edskat lahodnou a intenzivn\u00ed chu\u0165 z kvalitn\u00edch \u010dajov\u00fdch l\u00edstk\u016f.<\/p>","protected":false},"excerpt":{"rendered":"<p>Ru\u010dn\u011b vyroben\u00e1 keramick\u00e1 konvi\u010dka na va\u0159en\u00ed gong-fu stylem. Na vn\u011bj\u0161\u00ed stran\u011b kr\u00e1sn\u011b tyrkysov\u00e1 sodov\u00e1 glazura, uvnit\u0159 neglazovan\u00e1. Konvi\u010dka m\u00e1 na v\u00fdtoku kulov\u00fd filtr.<\/p>\n<p>Vyrobeno ve studiu v Jingdezhen, historick\u00e9m hlavn\u00edm m\u011bst\u011b keramiky v \u010c\u00edn\u011b.<\/p>\n<p style=\"padding-left: 40px;\">\u2022 Objem: ~110 ml<br \/>\n\u2022 \u0160\u00ed\u0159ka: ~11 cm (v\u010detn\u011b rukojeti a v\u00fdlevky)<br \/>\n\u2022 V\u00fd\u0161ka: ~7,2 cm<\/p>\n<p><em>Proto\u017ee se jedn\u00e1 o ru\u010dn\u011b vyroben\u00fd keramick\u00fd produkt, barvy a efekty glazury na fotografi\u00edch se mohou m\u00edrn\u011b li\u0161it od skute\u010dnosti.<\/em><\/p>","protected":false},"featured_media":6033,"template":"","meta":[],"product_brand":[],"product_cat":[1100,1101],"product_tag":[],"class_list":{"0":"post-6032","1":"product","2":"type-product","3":"status-publish","4":"has-post-thumbnail","6":"product_cat-teaware-archive","7":"product_cat-archive-teapots","8":"product_shipping_class-standardsmall","10":"first","11":"outofstock","12":"taxable","13":"shipping-taxable","14":"purchasable","15":"product-type-simple"},"_links":{"self":[{"href":"https:\/\/www.patipatti.com\/cs\/wp-json\/wp\/v2\/product\/6032","targetHints":{"allow":["GET"]}}],"collection":[{"href":"https:\/\/www.patipatti.com\/cs\/wp-json\/wp\/v2\/product"}],"about":[{"href":"https:\/\/www.patipatti.com\/cs\/wp-json\/wp\/v2\/types\/product"}],"wp:featuredmedia":[{"embeddable":true,"href":"https:\/\/www.patipatti.com\/cs\/wp-json\/wp\/v2\/media\/6033"}],"wp:attachment":[{"href":"https:\/\/www.patipatti.com\/cs\/wp-json\/wp\/v2\/media?parent=6032"}],"wp:term":[{"taxonomy":"product_brand","embeddable":true,"href":"https:\/\/www.patipatti.com\/cs\/wp-json\/wp\/v2\/product_brand?post=6032"},{"taxonomy":"product_cat","embeddable":true,"href":"https:\/\/www.patipatti.com\/cs\/wp-json\/wp\/v2\/product_cat?post=6032"},{"taxonomy":"product_tag","embeddable":true,"href":"https:\/\/www.patipatti.com\/cs\/wp-json\/wp\/v2\/product_tag?post=6032"}],"curies":[{"name":"wp","href":"https:\/\/api.w.org\/{rel}","templated":true}]}}