{"id":5854,"date":"2020-10-31T23:34:25","date_gmt":"2020-10-31T22:34:25","guid":{"rendered":"https:\/\/www.patipatti.com\/?post_type=product&#038;p=5854"},"modified":"2022-02-04T17:13:42","modified_gmt":"2022-02-04T16:13:42","slug":"black-mini-natsume","status":"publish","type":"product","link":"https:\/\/www.patipatti.com\/cs\/shop\/teaware\/storage-utensils\/teacanisters\/black-mini-natsume\/","title":{"rendered":"\u010cern\u00e1 Mini Natsume \u2013 D\u00f3za na \u010daj"},"content":{"rendered":"<p>Mini kovov\u00e1 plechovka pro skladov\u00e1n\u00ed \u010daje. Ide\u00e1ln\u00ed pro ty, co si r\u00e1di dop\u0159ej\u00ed sv\u016fj lahodn\u00fd \u010daj i na cest\u00e1ch. Skv\u011bl\u00e9 tak\u00e9 pro ulo\u017een\u00ed jak\u00fdchkoliv dal\u0161\u00edch drobnost\u00ed.<\/p>","protected":false},"excerpt":{"rendered":"<p>\u010cern\u00e1 kovov\u00e1 d\u00f3za na \u010daj ve tvaru natsume (\u68d7 \/ jujube) s \u010dern\u00fdmi skvrnami. Vnit\u0159n\u00ed st\u011bny jsou zlat\u00e9. Sou\u010d\u00e1st\u00ed balen\u00ed je vnit\u0159n\u00ed v\u00ed\u010dko pro pevn\u00e9 ut\u011bsn\u011bn\u00ed.<\/p>\n<p style=\"padding-left: 40px;\">\u2022 \u0160\u00ed\u0159ka: ~5,5 cm<br \/>\n\u2022 V\u00fd\u0161ka: ~5,5 cm<\/p>","protected":false},"featured_media":5855,"template":"","meta":[],"product_brand":[],"product_cat":[630,628,376],"product_tag":[],"class_list":{"0":"post-5854","1":"product","2":"type-product","3":"status-publish","4":"has-post-thumbnail","6":"product_cat-teacanisters","7":"product_cat-storage-utensils","8":"product_cat-teaware","9":"product_shipping_class-standardsmall","11":"first","12":"outofstock","13":"taxable","14":"shipping-taxable","15":"purchasable","16":"product-type-simple"},"_links":{"self":[{"href":"https:\/\/www.patipatti.com\/cs\/wp-json\/wp\/v2\/product\/5854","targetHints":{"allow":["GET"]}}],"collection":[{"href":"https:\/\/www.patipatti.com\/cs\/wp-json\/wp\/v2\/product"}],"about":[{"href":"https:\/\/www.patipatti.com\/cs\/wp-json\/wp\/v2\/types\/product"}],"wp:featuredmedia":[{"embeddable":true,"href":"https:\/\/www.patipatti.com\/cs\/wp-json\/wp\/v2\/media\/5855"}],"wp:attachment":[{"href":"https:\/\/www.patipatti.com\/cs\/wp-json\/wp\/v2\/media?parent=5854"}],"wp:term":[{"taxonomy":"product_brand","embeddable":true,"href":"https:\/\/www.patipatti.com\/cs\/wp-json\/wp\/v2\/product_brand?post=5854"},{"taxonomy":"product_cat","embeddable":true,"href":"https:\/\/www.patipatti.com\/cs\/wp-json\/wp\/v2\/product_cat?post=5854"},{"taxonomy":"product_tag","embeddable":true,"href":"https:\/\/www.patipatti.com\/cs\/wp-json\/wp\/v2\/product_tag?post=5854"}],"curies":[{"name":"wp","href":"https:\/\/api.w.org\/{rel}","templated":true}]}}