{"id":5783,"date":"2020-10-31T18:01:19","date_gmt":"2020-10-31T17:01:19","guid":{"rendered":"https:\/\/www.patipatti.com\/?post_type=product&#038;p=5783"},"modified":"2025-10-26T15:22:07","modified_gmt":"2025-10-26T14:22:07","slug":"dark-bamboo-chasen-80-tines","status":"publish","type":"product","link":"https:\/\/www.patipatti.com\/cs\/shop\/teaware\/dark-bamboo-chasen-80-tines\/","title":{"rendered":"Chasen \u2013 tmav\u00e1 bambusov\u00e1 metli\u010dka \u2013 80 hrot\u016f"},"content":{"rendered":"<div class=\"wpb-content-wrapper\"><p>Z\u00e1kladn\u00ed chasen ur\u010den\u00fd p\u0159\u00edle\u017eitostn\u00fdm milovn\u00edk\u016fm matcha, kter\u00fd je ide\u00e1ln\u00ed pro vytvo\u0159en\u00ed hedv\u00e1bn\u011b hladk\u00e9 usucha. Tmav\u00fd bambus je siln\u011bj\u0161\u00ed a m\u00e1 del\u0161\u00ed \u017eivotnost ne\u017e sv\u011btl\u00fd bambus. <a href=\"https:\/\/www.patipatti.com\/cs\/shop\/teaware\/light-bamboo-chasen-70-tines\/\">Sv\u011btlej\u0161\u00ed bambus<\/a> je m\u011bk\u010d\u00ed a flexibiln\u011bj\u0161\u00ed ne\u017e tmav\u00fd bambus.<\/p>\n<p>&nbsp;<\/p>\n<p>Vy\u0161\u0161\u00ed po\u010det hrot\u016f bude m\u00edt tendenci vytv\u00e1\u0159et v\u00edce p\u011bny. Pro za\u010d\u00e1te\u010dn\u00edky doporu\u010dujeme N\u00ba 80.<\/p>\n<p>&nbsp;<\/p>\n<div class=\"vc_row wpb_row row\"><div class=\"wpb_column vc_column_container col-sm-2\"><div class=\"vc_column-inner\"><div class=\"wpb_wrapper\"><\/div><\/div><\/div><div class=\"wpb_column vc_column_container col-sm-8\"><div class=\"vc_column-inner\"><div class=\"wpb_wrapper\">\n<table id=\"tablepress-4\" class=\"tablepress tablepress-id-4\">\n<thead>\n<tr class=\"row-1\">\n\t<th class=\"column-1\">Hroty<\/th><th class=\"column-2\">JAPONSK\u00dd N\u00c1ZEV<\/th><th class=\"column-3\">Kanji<\/th>\n<\/tr>\n<\/thead>\n<tbody class=\"row-striping row-hover\">\n<tr class=\"row-2\">\n\t<td class=\"column-1\">64<\/td><td class=\"column-2\">Tsuneho<\/td><td class=\"column-3\">\u5e38\u7a42<\/td>\n<\/tr>\n<tr class=\"row-3\">\n\t<td class=\"column-1\">68\uff5e74<\/td><td class=\"column-2\">Kazuho<\/td><td class=\"column-3\">\u6570\u7a42<\/td>\n<\/tr>\n<tr class=\"row-4\">\n\t<td class=\"column-1\">75\uff5e80<\/td><td class=\"column-2\">Hachijuppondate (80 Hroty)<\/td><td class=\"column-3\">\u516b\u5341\u672c\u7acb<\/td>\n<\/tr>\n<tr class=\"row-5\">\n\t<td class=\"column-1\">81\uff5e95<\/td><td class=\"column-2\">Hyappondate (100 Hroty)<\/td><td class=\"column-3\">\u767e\u672c\u7acb<\/td>\n<\/tr>\n<tr class=\"row-6\">\n\t<td class=\"column-1\">96\uff5e120<\/td><td class=\"column-2\">Hyakunijuppondate (120 Hroty)<\/td><td class=\"column-3\">\u767e\u4e8c\u5341\u672c\u7acb<\/td>\n<\/tr>\n<\/tbody>\n<\/table>\n<!-- #tablepress-4 from cache --><\/div><\/div><\/div><div class=\"wpb_column vc_column_container col-sm-2\"><div class=\"vc_column-inner\"><div class=\"wpb_wrapper\"><\/div><\/div><\/div><\/div>\n<p>&nbsp;<\/p>\n<p><a href=\"https:\/\/www.patipatti.com\/wp-content\/uploads\/2020\/10\/chasen-guide-CS.jpg\"><img loading=\"lazy\" decoding=\"async\" class=\"size-full wp-image-5392 aligncenter\" src=\"https:\/\/www.patipatti.com\/wp-content\/uploads\/2020\/10\/chasen-guide-CS.jpg\" alt=\"\" width=\"1200\" height=\"588\" srcset=\"https:\/\/www.patipatti.com\/wp-content\/uploads\/2020\/10\/chasen-guide-CS.jpg 1200w, https:\/\/www.patipatti.com\/wp-content\/uploads\/2020\/10\/chasen-guide-CS-900x441.jpg 900w, https:\/\/www.patipatti.com\/wp-content\/uploads\/2020\/10\/chasen-guide-CS-300x147.jpg 300w, https:\/\/www.patipatti.com\/wp-content\/uploads\/2020\/10\/chasen-guide-CS-1024x502.jpg 1024w, https:\/\/www.patipatti.com\/wp-content\/uploads\/2020\/10\/chasen-guide-CS-768x376.jpg 768w, https:\/\/www.patipatti.com\/wp-content\/uploads\/2020\/10\/chasen-guide-CS-122x60.jpg 122w, https:\/\/www.patipatti.com\/wp-content\/uploads\/2020\/10\/chasen-guide-CS-184x90.jpg 184w\" sizes=\"auto, (max-width: 1200px) 100vw, 1200px\" \/><\/a><\/p>\n<hr \/>\n<p style=\"text-align: center;\"><span style=\"text-decoration: underline;\"><strong>Jak pe\u010dovat o chasen<\/strong><\/span><\/p>\n<p>\u2022 P\u0159ed prvn\u00edm pou\u017eit\u00edm chasen umyjte a nechte jej sed\u011bt v tepl\u00e9 vod\u011b cca 15 minut.<\/p>\n<p>\u2022 P\u0159ed ka\u017ed\u00fdm dal\u0161\u00edm pou\u017eit\u00edm v\u017edy navlh\u010dete konce bambusov\u00fdch hrot\u016f vodou. To pom\u016f\u017ee zlep\u0161it pru\u017enost bambusu a zabr\u00e1n\u00ed jeho po\u0161kozen\u00ed.<\/p>\n<p>\u2022 Zvln\u011bn\u00e9 konce nov\u00e9ho chasenu se po n\u011bjak\u00e9m dob\u011b u\u017e\u00edv\u00e1n\u00ed uvoln\u00ed. To je zcela norm\u00e1ln\u00ed.<\/p>\n<p>\u2022 Po ka\u017ed\u00e9m pou\u017eit\u00ed chasen <strong>jemn\u011b<\/strong> umyjte. M\u016f\u017eete pou\u017e\u00edt i prsty pro odstran\u011bn\u00ed zbytk\u016f matchy. P\u0159ebyte\u010dnou vodu jemn\u011b set\u0159este. <strong>jemn\u011b<\/strong>.<\/p>\n<p>\u2022 Nechte chasen oschnout na vzduchu. Pro zachov\u00e1n\u00ed spr\u00e1vn\u00e9 polohy hrot\u016f doporu\u010dujeme pou\u017e\u00edt naoshi (stoj\u00e1nek) pro uskladn\u011bn\u00ed chasenu. Pop\u0159\u00edpad\u011b m\u016f\u017eete chasen skladovat bez stoj\u00e1nku, hroty vzh\u016fru. (\u010dasem v\u0161ak dojde ke ztr\u00e1t\u011b ide\u00e1ln\u00ed polohy hrot\u016f)<\/p>\n<p>\u2022 Pou\u017e\u00edv\u00e1m doch\u00e1z\u00ed k postupn\u00e9mu p\u0159irozen\u00e9mu opot\u0159eben\u00ed bambusu, a to i p\u0159i spr\u00e1vn\u00e9m pou\u017e\u00edv\u00e1n\u00ed a skladov\u00e1n\u00ed. Pokud se hroty za\u010dnou l\u00e1mat, je na \u010dase jej vym\u011bnit.<\/p>\n<\/div>","protected":false},"excerpt":{"rendered":"<p>Vyrobeno ru\u010dn\u011b z p\u0159\u00edrodn\u00edho tmav\u00e9ho \/ fialov\u00e9ho bambusu (\u7d2b\u7af9).<\/p>\n<p style=\"padding-left: 40px;\">\u2022 \u0160\u00ed\u0159ka: ~6 cm<br \/>\n\u2022 V\u00fd\u0161ka: ~10,5 cm<\/p>\n<p><em>Proto\u017ee se jedn\u00e1 o ru\u010dn\u00ed v\u00fdrobu z p\u0159\u00edrodn\u00edho materi\u00e1lu, barva, tvar a velikost se mohou m\u00edrn\u011b li\u0161it od fotografie.<\/em><\/p>","protected":false},"featured_media":5557,"template":"","meta":[],"product_brand":[],"product_cat":[376,606],"product_tag":[],"class_list":{"0":"post-5783","1":"product","2":"type-product","3":"status-publish","4":"has-post-thumbnail","6":"product_cat-teaware","7":"product_cat-chasen","8":"product_shipping_class-standardsmall","10":"first","11":"instock","12":"taxable","13":"shipping-taxable","14":"purchasable","15":"product-type-simple"},"_links":{"self":[{"href":"https:\/\/www.patipatti.com\/cs\/wp-json\/wp\/v2\/product\/5783","targetHints":{"allow":["GET"]}}],"collection":[{"href":"https:\/\/www.patipatti.com\/cs\/wp-json\/wp\/v2\/product"}],"about":[{"href":"https:\/\/www.patipatti.com\/cs\/wp-json\/wp\/v2\/types\/product"}],"wp:featuredmedia":[{"embeddable":true,"href":"https:\/\/www.patipatti.com\/cs\/wp-json\/wp\/v2\/media\/5557"}],"wp:attachment":[{"href":"https:\/\/www.patipatti.com\/cs\/wp-json\/wp\/v2\/media?parent=5783"}],"wp:term":[{"taxonomy":"product_brand","embeddable":true,"href":"https:\/\/www.patipatti.com\/cs\/wp-json\/wp\/v2\/product_brand?post=5783"},{"taxonomy":"product_cat","embeddable":true,"href":"https:\/\/www.patipatti.com\/cs\/wp-json\/wp\/v2\/product_cat?post=5783"},{"taxonomy":"product_tag","embeddable":true,"href":"https:\/\/www.patipatti.com\/cs\/wp-json\/wp\/v2\/product_tag?post=5783"}],"curies":[{"name":"wp","href":"https:\/\/api.w.org\/{rel}","templated":true}]}}