{"id":5748,"date":"2020-10-31T12:06:57","date_gmt":"2020-10-31T11:06:57","guid":{"rendered":"https:\/\/www.patipatti.com\/?post_type=product&#038;p=5748"},"modified":"2024-02-19T12:50:31","modified_gmt":"2024-02-19T11:50:31","slug":"dark-nodate-chawan","status":"publish","type":"product","link":"https:\/\/www.patipatti.com\/cs\/shop\/teaware-archive\/archive-chawan\/dark-nodate-chawan\/","title":{"rendered":"Dark Nodate Chawan (Mini)"},"content":{"rendered":"<p>Nodate (\u91ce\u70b9) chawan se obvykle pou\u017e\u00edv\u00e1 pro venkovn\u00ed ceremonie, a je men\u0161\u00ed a leh\u010d\u00ed ne\u017e chawan norm\u00e1ln\u00ed velikosti. Tento neform\u00e1ln\u00ed nodate chawan m\u016f\u017eete pou\u017e\u00edt jako mini matcha misku nebo na latte, pol\u00e9vku, r\u00fd\u017ei, cere\u00e1lie, atd. Svou velikost\u00ed a tvarem je velmi pohodln\u00fd pro dr\u017een\u00ed v jedn\u00e9 ruce.<\/p>\n<p>Tato miska se vejde do na\u0161eho mal\u00e9ho pouzdra spolu s <a href=\"https:\/\/www.patipatti.com\/cs\/shop\/teaware\/chasen\/light-bamboo-mini-chasen\/\" target=\"_blank\" rel=\"noopener noreferrer\">mini nodate chasenem.<\/a>.<\/p>","protected":false},"excerpt":{"rendered":"<p>Mal\u00fd nodate (\u91ce\u70b9 \/ outdoor) chawan v jemn\u011b \u010dern\u00e9 a hn\u011bd\u00e9. Vyrobeno v Japonsku.<\/p>\n<p style=\"padding-left: 40px;\">\u2022 \u0160\u00ed\u0159ka: 10 cm<br \/>\n\u2022 V\u00fd\u0161ka: 6,8 cm<br \/>\n\u2022 Objem: ~300 ml<\/p>\n<p><em>Proto\u017ee se jedn\u00e1 o ru\u010dn\u011b glazovan\u00fd keramick\u00fd v\u00fdrobek, barvy a efekty glazury na fotografi\u00edch se budou m\u00edrn\u011b li\u0161it od skute\u010dnosti.<\/em><\/p>","protected":false},"featured_media":5661,"template":"","meta":[],"product_brand":[],"product_cat":[1100,1103],"product_tag":[],"class_list":{"0":"post-5748","1":"product","2":"type-product","3":"status-publish","4":"has-post-thumbnail","6":"product_cat-teaware-archive","7":"product_cat-archive-chawan","8":"product_shipping_class-standardsmall","10":"first","11":"outofstock","12":"taxable","13":"shipping-taxable","14":"purchasable","15":"product-type-simple"},"_links":{"self":[{"href":"https:\/\/www.patipatti.com\/cs\/wp-json\/wp\/v2\/product\/5748","targetHints":{"allow":["GET"]}}],"collection":[{"href":"https:\/\/www.patipatti.com\/cs\/wp-json\/wp\/v2\/product"}],"about":[{"href":"https:\/\/www.patipatti.com\/cs\/wp-json\/wp\/v2\/types\/product"}],"wp:featuredmedia":[{"embeddable":true,"href":"https:\/\/www.patipatti.com\/cs\/wp-json\/wp\/v2\/media\/5661"}],"wp:attachment":[{"href":"https:\/\/www.patipatti.com\/cs\/wp-json\/wp\/v2\/media?parent=5748"}],"wp:term":[{"taxonomy":"product_brand","embeddable":true,"href":"https:\/\/www.patipatti.com\/cs\/wp-json\/wp\/v2\/product_brand?post=5748"},{"taxonomy":"product_cat","embeddable":true,"href":"https:\/\/www.patipatti.com\/cs\/wp-json\/wp\/v2\/product_cat?post=5748"},{"taxonomy":"product_tag","embeddable":true,"href":"https:\/\/www.patipatti.com\/cs\/wp-json\/wp\/v2\/product_tag?post=5748"}],"curies":[{"name":"wp","href":"https:\/\/api.w.org\/{rel}","templated":true}]}}