{"id":5739,"date":"2020-10-31T12:17:55","date_gmt":"2020-10-31T11:17:55","guid":{"rendered":"https:\/\/www.patipatti.com\/?post_type=product&#038;p=5739"},"modified":"2024-02-19T12:50:11","modified_gmt":"2024-02-19T11:50:11","slug":"ochre-ippukuwan","status":"publish","type":"product","link":"https:\/\/www.patipatti.com\/cs\/shop\/teaware-archive\/archive-chawan\/ochre-ippukuwan\/","title":{"rendered":"Ochre Ippukuwan"},"content":{"rendered":"<p>Misky Ippuku jsou obvykle velikosti hrnku. M\u016f\u017eete ji pou\u017e\u00edt jako mini matcha misku nebo na latte, pol\u00e9vku, r\u00fd\u017ei, cere\u00e1lie, atd. Svou velikost\u00ed a tvarem je velmi pohodln\u00e1 pro dr\u017een\u00ed v jedn\u00e9 ruce.<\/p>\n<p>Tato miska se vejde do na\u0161eho mal\u00e9ho pouzdra spolu s mini nodate chasenem.<\/p>","protected":false},"excerpt":{"rendered":"<p>Mal\u00e1 multifunk\u010dn\u00ed miska s texturovan\u00fdm tmav\u00fdm fini\u0161em na vn\u011bj\u0161\u00ed stran\u011b a leskl\u00fdm okrem uvnit\u0159. Okraje maj\u00ed sklen\u011bn\u00fd efekt m\u011bdov\u011b jantarov\u00e9 barvy d\u00edky Bidoro (\u30d3\u30c9\u30ed) glazu\u0159e. Vyrobeno ru\u010dn\u011b v Japonsku.<\/p>\n<p style=\"padding-left: 40px;\">\u2022 \u0160\u00ed\u0159ka: 10 cm<br \/>\n\u2022 V\u00fd\u0161ka: 7,4 cm<br \/>\n\u2022 Objem: ~325 ml<\/p>\n<p><em>Proto\u017ee se jedn\u00e1 o ru\u010dn\u011b glazovan\u00fd keramick\u00fd v\u00fdrobek, barvy a efekty glazury na fotografi\u00edch se budou m\u00edrn\u011b li\u0161it od skute\u010dnosti.<\/em><\/p>","protected":false},"featured_media":5643,"template":"","meta":[],"product_brand":[],"product_cat":[1100,1103],"product_tag":[],"class_list":{"0":"post-5739","1":"product","2":"type-product","3":"status-publish","4":"has-post-thumbnail","6":"product_cat-teaware-archive","7":"product_cat-archive-chawan","8":"product_shipping_class-standardsmall","10":"first","11":"outofstock","12":"taxable","13":"shipping-taxable","14":"purchasable","15":"product-type-simple"},"_links":{"self":[{"href":"https:\/\/www.patipatti.com\/cs\/wp-json\/wp\/v2\/product\/5739","targetHints":{"allow":["GET"]}}],"collection":[{"href":"https:\/\/www.patipatti.com\/cs\/wp-json\/wp\/v2\/product"}],"about":[{"href":"https:\/\/www.patipatti.com\/cs\/wp-json\/wp\/v2\/types\/product"}],"wp:featuredmedia":[{"embeddable":true,"href":"https:\/\/www.patipatti.com\/cs\/wp-json\/wp\/v2\/media\/5643"}],"wp:attachment":[{"href":"https:\/\/www.patipatti.com\/cs\/wp-json\/wp\/v2\/media?parent=5739"}],"wp:term":[{"taxonomy":"product_brand","embeddable":true,"href":"https:\/\/www.patipatti.com\/cs\/wp-json\/wp\/v2\/product_brand?post=5739"},{"taxonomy":"product_cat","embeddable":true,"href":"https:\/\/www.patipatti.com\/cs\/wp-json\/wp\/v2\/product_cat?post=5739"},{"taxonomy":"product_tag","embeddable":true,"href":"https:\/\/www.patipatti.com\/cs\/wp-json\/wp\/v2\/product_tag?post=5739"}],"curies":[{"name":"wp","href":"https:\/\/api.w.org\/{rel}","templated":true}]}}