{"id":5578,"date":"2020-10-29T13:34:37","date_gmt":"2020-10-29T12:34:37","guid":{"rendered":"https:\/\/www.patipatti.com\/?post_type=product&#038;p=5578"},"modified":"2024-02-19T12:58:01","modified_gmt":"2024-02-19T11:58:01","slug":"river-moss-chawan","status":"publish","type":"product","link":"https:\/\/www.patipatti.com\/cs\/shop\/teaware-archive\/archive-chawan\/river-moss-chawan\/","title":{"rendered":"River Moss Chawan"},"content":{"rendered":"<p>Tato \u010dajov\u00e1 miska m\u00e1 leskl\u00fd povrch p\u0159es zemit\u00e9 khaki a olivov\u011b zelen\u00e9. Chawan, kter\u00fd p\u0159ipom\u00edn\u00e1 sv\u011b\u017e\u00ed mech rostouc\u00ed na \u0159\u00ed\u010dn\u00edch skal\u00e1ch.<\/p>","protected":false},"excerpt":{"rendered":"<p>Chawan s uklid\u0148uj\u00edc\u00edmi odst\u00edny \u0161ed\u00e9 a zelen\u00e9. Vyrobeno ru\u010dn\u011b v Japonsku.<\/p>\n<p style=\"padding-left: 40px;\">\u2022 \u0160\u00ed\u0159ka: 11,5 cm<br \/>\n\u2022 V\u00fd\u0161ka: 7,5 cm<br \/>\n\u2022 Objem: ~500 ml<\/p>\n<p><em>Proto\u017ee se jedn\u00e1 o ru\u010dn\u011b glazovan\u00fd keramick\u00fd v\u00fdrobek, barvy a efekty glazury na fotografi\u00edch se budou m\u00edrn\u011b li\u0161it od skute\u010dnosti.<\/em><\/p>","protected":false},"featured_media":5220,"template":"","meta":[],"product_brand":[],"product_cat":[1100,1103],"product_tag":[],"class_list":{"0":"post-5578","1":"product","2":"type-product","3":"status-publish","4":"has-post-thumbnail","6":"product_cat-teaware-archive","7":"product_cat-archive-chawan","8":"product_shipping_class-standardsmall","10":"first","11":"outofstock","12":"taxable","13":"shipping-taxable","14":"purchasable","15":"product-type-simple"},"_links":{"self":[{"href":"https:\/\/www.patipatti.com\/cs\/wp-json\/wp\/v2\/product\/5578","targetHints":{"allow":["GET"]}}],"collection":[{"href":"https:\/\/www.patipatti.com\/cs\/wp-json\/wp\/v2\/product"}],"about":[{"href":"https:\/\/www.patipatti.com\/cs\/wp-json\/wp\/v2\/types\/product"}],"wp:featuredmedia":[{"embeddable":true,"href":"https:\/\/www.patipatti.com\/cs\/wp-json\/wp\/v2\/media\/5220"}],"wp:attachment":[{"href":"https:\/\/www.patipatti.com\/cs\/wp-json\/wp\/v2\/media?parent=5578"}],"wp:term":[{"taxonomy":"product_brand","embeddable":true,"href":"https:\/\/www.patipatti.com\/cs\/wp-json\/wp\/v2\/product_brand?post=5578"},{"taxonomy":"product_cat","embeddable":true,"href":"https:\/\/www.patipatti.com\/cs\/wp-json\/wp\/v2\/product_cat?post=5578"},{"taxonomy":"product_tag","embeddable":true,"href":"https:\/\/www.patipatti.com\/cs\/wp-json\/wp\/v2\/product_tag?post=5578"}],"curies":[{"name":"wp","href":"https:\/\/api.w.org\/{rel}","templated":true}]}}