{"id":5575,"date":"2020-10-28T22:33:38","date_gmt":"2020-10-28T21:33:38","guid":{"rendered":"https:\/\/www.patipatti.com\/?post_type=product&#038;p=5575"},"modified":"2024-02-19T12:58:09","modified_gmt":"2024-02-19T11:58:09","slug":"tenmoku-lip-chawan","status":"publish","type":"product","link":"https:\/\/www.patipatti.com\/cs\/shop\/teaware-archive\/archive-chawan\/tenmoku-lip-chawan\/","title":{"rendered":"Tenmoku Lip Chawan"},"content":{"rendered":"<p>Efekt glazury tenmoku pod\u00e9l \u00fast\u00ed misky na sebe bere vzhled zoxidovan\u00fdch m\u011bd\u011bn\u00fdch \u2013 tlumen\u00fdch mosazn\u00fdch t\u00f3n\u016f se skvrnit\u00fdm n\u00e1dechem zelen\u00e9 a modr\u00e9. N\u011bkter\u00e9 \u010d\u00e1sti, kde je efekt glazury obzvl\u00e1\u0161t\u011b v\u00fdrazn\u00fd, p\u0159ipom\u00ednaj\u00ed perle\u0165. Zat\u00edmco vn\u011bj\u0161\u00ed plocha je \u017eebrovan\u00e1, vnit\u0159ek misky je hladk\u00fd.<\/p>","protected":false},"excerpt":{"rendered":"<p>\u017debrovan\u00fd chawan s efektem tenmoku (\u5929\u76ee) pod\u00e9l okraje misky. Vyrobeno ru\u010dn\u011b v Japonsku.<\/p>\n<p style=\"padding-left: 40px;\">\u2022 \u0160\u00ed\u0159ka: 12 cm<br \/>\n\u2022 V\u00fd\u0161ka: 7,8 cm<br \/>\n\u2022 Objem: ~500 ml<\/p>\n<p><em>Proto\u017ee se jedn\u00e1 o ru\u010dn\u011b glazovan\u00fd keramick\u00fd v\u00fdrobek, barvy a efekty glazury na fotografi\u00edch se budou m\u00edrn\u011b li\u0161it od skute\u010dnosti.<\/em><\/p>","protected":false},"featured_media":5234,"template":"","meta":[],"product_brand":[],"product_cat":[1100,1103],"product_tag":[],"class_list":{"0":"post-5575","1":"product","2":"type-product","3":"status-publish","4":"has-post-thumbnail","6":"product_cat-teaware-archive","7":"product_cat-archive-chawan","8":"product_shipping_class-standardsmall","10":"first","11":"outofstock","12":"taxable","13":"shipping-taxable","14":"purchasable","15":"product-type-simple"},"_links":{"self":[{"href":"https:\/\/www.patipatti.com\/cs\/wp-json\/wp\/v2\/product\/5575","targetHints":{"allow":["GET"]}}],"collection":[{"href":"https:\/\/www.patipatti.com\/cs\/wp-json\/wp\/v2\/product"}],"about":[{"href":"https:\/\/www.patipatti.com\/cs\/wp-json\/wp\/v2\/types\/product"}],"wp:featuredmedia":[{"embeddable":true,"href":"https:\/\/www.patipatti.com\/cs\/wp-json\/wp\/v2\/media\/5234"}],"wp:attachment":[{"href":"https:\/\/www.patipatti.com\/cs\/wp-json\/wp\/v2\/media?parent=5575"}],"wp:term":[{"taxonomy":"product_brand","embeddable":true,"href":"https:\/\/www.patipatti.com\/cs\/wp-json\/wp\/v2\/product_brand?post=5575"},{"taxonomy":"product_cat","embeddable":true,"href":"https:\/\/www.patipatti.com\/cs\/wp-json\/wp\/v2\/product_cat?post=5575"},{"taxonomy":"product_tag","embeddable":true,"href":"https:\/\/www.patipatti.com\/cs\/wp-json\/wp\/v2\/product_tag?post=5575"}],"curies":[{"name":"wp","href":"https:\/\/api.w.org\/{rel}","templated":true}]}}