{"id":5455,"date":"2020-10-28T12:13:16","date_gmt":"2020-10-28T11:13:16","guid":{"rendered":"https:\/\/www.patipatti.com\/?post_type=product&#038;p=5455"},"modified":"2024-02-19T17:02:26","modified_gmt":"2024-02-19T16:02:26","slug":"pine-green-chawan","status":"publish","type":"product","link":"https:\/\/www.patipatti.com\/cs\/shop\/teaware-archive\/archive-chawan\/pine-green-chawan\/","title":{"rendered":"Pine Green Chawan"},"content":{"rendered":"<p>M\u00edrn\u00fd skvrnit\u00fd efekt \u201est\u00e9kaj\u00edc\u00edho oleje\u201c, zvan\u00fd yuteki tenmoku (\u6cb9\u6ef4\u5929\u76ee). Zat\u00edmco vn\u011bj\u0161\u00ed st\u011bna misky je \u017eebrovan\u00e1, vnit\u0159ek je hladk\u00fd.<\/p>","protected":false},"excerpt":{"rendered":"<p>\u017debrovan\u00fd chawan v leskl\u00e9 smaragdov\u011b zelen\u00e9 barv\u011b. Vyrobeno ru\u010dn\u011b v Japonsku.<\/p>\n<p style=\"padding-left: 40px;\">\u2022 \u0160\u00ed\u0159ka: 12,6 cm<br \/>\n\u2022 V\u00fd\u0161ka: 7,7 cm<br \/>\n\u2022 Objem: ~500 ml<\/p>\n<p><em>Proto\u017ee se jedn\u00e1 o ru\u010dn\u011b glazovan\u00fd keramick\u00fd v\u00fdrobek, barvy a efekty glazury na fotografi\u00edch se budou m\u00edrn\u011b li\u0161it od skute\u010dnosti.<\/em><\/p>","protected":false},"featured_media":5214,"template":"","meta":[],"product_brand":[],"product_cat":[1100,1103],"product_tag":[],"class_list":{"0":"post-5455","1":"product","2":"type-product","3":"status-publish","4":"has-post-thumbnail","6":"product_cat-teaware-archive","7":"product_cat-archive-chawan","8":"product_shipping_class-standardsmall","10":"first","11":"outofstock","12":"taxable","13":"shipping-taxable","14":"purchasable","15":"product-type-simple"},"_links":{"self":[{"href":"https:\/\/www.patipatti.com\/cs\/wp-json\/wp\/v2\/product\/5455","targetHints":{"allow":["GET"]}}],"collection":[{"href":"https:\/\/www.patipatti.com\/cs\/wp-json\/wp\/v2\/product"}],"about":[{"href":"https:\/\/www.patipatti.com\/cs\/wp-json\/wp\/v2\/types\/product"}],"wp:featuredmedia":[{"embeddable":true,"href":"https:\/\/www.patipatti.com\/cs\/wp-json\/wp\/v2\/media\/5214"}],"wp:attachment":[{"href":"https:\/\/www.patipatti.com\/cs\/wp-json\/wp\/v2\/media?parent=5455"}],"wp:term":[{"taxonomy":"product_brand","embeddable":true,"href":"https:\/\/www.patipatti.com\/cs\/wp-json\/wp\/v2\/product_brand?post=5455"},{"taxonomy":"product_cat","embeddable":true,"href":"https:\/\/www.patipatti.com\/cs\/wp-json\/wp\/v2\/product_cat?post=5455"},{"taxonomy":"product_tag","embeddable":true,"href":"https:\/\/www.patipatti.com\/cs\/wp-json\/wp\/v2\/product_tag?post=5455"}],"curies":[{"name":"wp","href":"https:\/\/api.w.org\/{rel}","templated":true}]}}