{"id":5453,"date":"2020-10-27T20:50:22","date_gmt":"2020-10-27T19:50:22","guid":{"rendered":"https:\/\/www.patipatti.com\/?post_type=product&#038;p=5453"},"modified":"2024-02-19T13:01:26","modified_gmt":"2024-02-19T12:01:26","slug":"black-pearl-chawan","status":"publish","type":"product","link":"https:\/\/www.patipatti.com\/cs\/shop\/teaware-archive\/archive-chawan\/black-pearl-chawan\/","title":{"rendered":"\u010cern\u00e1 perla Chawan"},"content":{"rendered":"<p>Tento chawan m\u00e1 hladk\u00e9 zrnit\u00e9 st\u011bny a perle\u0165ov\u011b \u010dern\u00fd lesk, kter\u00fd kr\u00e1sn\u011b zachycuje sv\u011btlo.<\/p>","protected":false},"excerpt":{"rendered":"<p>Jemn\u011b texturovan\u00e1 miska s atraktivn\u00edm metalicky \u010dern\u00fdm leskem. Vyrobeno ru\u010dn\u011b v Japonsku.<\/p>\n<p style=\"padding-left: 40px;\">\u2022 \u0160\u00ed\u0159ka: 12 cm<br \/>\n\u2022 V\u00fd\u0161ka: 7,2 cm<br \/>\n\u2022 Objem: ~500 ml<\/p>\n<p><em>Proto\u017ee se jedn\u00e1 o ru\u010dn\u011b glazovan\u00fd keramick\u00fd v\u00fdrobek, barvy a efekty glazury na fotografi\u00edch se budou m\u00edrn\u011b li\u0161it od skute\u010dnosti.<\/em><\/p>","protected":false},"featured_media":5192,"template":"","meta":[],"product_brand":[],"product_cat":[1100,1103],"product_tag":[],"class_list":{"0":"post-5453","1":"product","2":"type-product","3":"status-publish","4":"has-post-thumbnail","6":"product_cat-teaware-archive","7":"product_cat-archive-chawan","8":"product_shipping_class-standardsmall","10":"first","11":"outofstock","12":"taxable","13":"shipping-taxable","14":"purchasable","15":"product-type-simple"},"_links":{"self":[{"href":"https:\/\/www.patipatti.com\/cs\/wp-json\/wp\/v2\/product\/5453","targetHints":{"allow":["GET"]}}],"collection":[{"href":"https:\/\/www.patipatti.com\/cs\/wp-json\/wp\/v2\/product"}],"about":[{"href":"https:\/\/www.patipatti.com\/cs\/wp-json\/wp\/v2\/types\/product"}],"wp:featuredmedia":[{"embeddable":true,"href":"https:\/\/www.patipatti.com\/cs\/wp-json\/wp\/v2\/media\/5192"}],"wp:attachment":[{"href":"https:\/\/www.patipatti.com\/cs\/wp-json\/wp\/v2\/media?parent=5453"}],"wp:term":[{"taxonomy":"product_brand","embeddable":true,"href":"https:\/\/www.patipatti.com\/cs\/wp-json\/wp\/v2\/product_brand?post=5453"},{"taxonomy":"product_cat","embeddable":true,"href":"https:\/\/www.patipatti.com\/cs\/wp-json\/wp\/v2\/product_cat?post=5453"},{"taxonomy":"product_tag","embeddable":true,"href":"https:\/\/www.patipatti.com\/cs\/wp-json\/wp\/v2\/product_tag?post=5453"}],"curies":[{"name":"wp","href":"https:\/\/api.w.org\/{rel}","templated":true}]}}