{"id":5341,"date":"2020-10-27T21:29:25","date_gmt":"2020-10-27T20:29:25","guid":{"rendered":"https:\/\/www.patipatti.com\/?post_type=product&#038;p=5341"},"modified":"2024-02-19T13:01:22","modified_gmt":"2024-02-19T12:01:22","slug":"wabi-sabi-chawan","status":"publish","type":"product","link":"https:\/\/www.patipatti.com\/cs\/shop\/teaware-archive\/archive-chawan\/wabi-sabi-chawan\/","title":{"rendered":"Wabi-sabi Chawan"},"content":{"rendered":"<p>H\u0159ejiv\u00e1 b\u00e9\u017eov\u00e1 glazura na vn\u011bj\u0161\u00ed stran\u011b misky je t\u00e9m\u011b\u0159 matn\u00e1 s velmi n\u00edzk\u00fdm leskem a uvnit\u0159 p\u0159ech\u00e1zej\u00edc\u00ed do leskl\u00e9 m\u011bkce tyrkysov\u00e9 barvy. Povrchy t\u00e9to misky jsou tvarov\u00e1ny s rustik\u00e1ln\u00ed nerovnost\u00ed, co\u017e vytv\u00e1\u0159\u00ed jemn\u00e9 d\u016flky a hrbolky, s kter\u00fdmi si pohr\u00e1v\u00e1 sv\u011btlo.<\/p>\n<p>&nbsp;<\/p>\n<p style=\"padding-left: 40px;\"><strong>Wabi-sabi<\/strong> (\u02c8w\u00e4b\u0113 s\u00e4b\u0113\u02c8)<br \/>\n<em><strong>podst.<\/strong><\/em><\/p>\n<p style=\"padding-left: 40px;\"><strong>1.<\/strong>\u00a0 Japonsk\u00fd koncept, kter\u00fd n\u00e1s u\u010d\u00ed objevovat kr\u00e1su v pom\u00edjivosti a nedokonalosti.<br \/>\n<strong>2.<\/strong>\u00a0 Odr\u00e1\u017e\u00ed v sob\u011b zenovou filozofii, kterou lze charakterizovat asymetri\u00ed, nepravidelnost\u00ed, nedokonalost\u00ed, jednoduchost\u00ed, strohost\u00ed, p\u0159irozenost\u00ed, jemn\u00fdm a p\u0159esto hlubok\u00fdm p\u016fvabem a klidem.<\/p>","protected":false},"excerpt":{"rendered":"<p>Estetika Wabi-sabi zachycen\u00e1 v t\u00e9to matcha misce. Elegantn\u011b zv\u011btral\u00fd vzhled v odst\u00ednech prosa s hn\u011bd\u00fdmi skvrnami a fl\u00ed\u010dky. Vyrobeno ru\u010dn\u011b v Japonsku.<\/p>\n<p style=\"padding-left: 40px;\">\u2022 \u0160\u00ed\u0159ka: 12 cm<br \/>\n\u2022 V\u00fd\u0161ka: 8 cm<br \/>\n\u2022 Objem: ~500 ml<\/p>\n<p><em>Proto\u017ee se jedn\u00e1 o ru\u010dn\u011b glazovan\u00fd keramick\u00fd v\u00fdrobek, barvy a efekty glazury na fotografi\u00edch se budou m\u00edrn\u011b li\u0161it od skute\u010dnosti.<\/em><\/p>","protected":false},"featured_media":5242,"template":"","meta":[],"product_brand":[],"product_cat":[1100,1103],"product_tag":[],"class_list":{"0":"post-5341","1":"product","2":"type-product","3":"status-publish","4":"has-post-thumbnail","6":"product_cat-teaware-archive","7":"product_cat-archive-chawan","8":"product_shipping_class-standardsmall","10":"first","11":"outofstock","12":"taxable","13":"shipping-taxable","14":"purchasable","15":"product-type-simple"},"_links":{"self":[{"href":"https:\/\/www.patipatti.com\/cs\/wp-json\/wp\/v2\/product\/5341","targetHints":{"allow":["GET"]}}],"collection":[{"href":"https:\/\/www.patipatti.com\/cs\/wp-json\/wp\/v2\/product"}],"about":[{"href":"https:\/\/www.patipatti.com\/cs\/wp-json\/wp\/v2\/types\/product"}],"wp:featuredmedia":[{"embeddable":true,"href":"https:\/\/www.patipatti.com\/cs\/wp-json\/wp\/v2\/media\/5242"}],"wp:attachment":[{"href":"https:\/\/www.patipatti.com\/cs\/wp-json\/wp\/v2\/media?parent=5341"}],"wp:term":[{"taxonomy":"product_brand","embeddable":true,"href":"https:\/\/www.patipatti.com\/cs\/wp-json\/wp\/v2\/product_brand?post=5341"},{"taxonomy":"product_cat","embeddable":true,"href":"https:\/\/www.patipatti.com\/cs\/wp-json\/wp\/v2\/product_cat?post=5341"},{"taxonomy":"product_tag","embeddable":true,"href":"https:\/\/www.patipatti.com\/cs\/wp-json\/wp\/v2\/product_tag?post=5341"}],"curies":[{"name":"wp","href":"https:\/\/api.w.org\/{rel}","templated":true}]}}