{"id":5339,"date":"2020-10-27T23:07:35","date_gmt":"2020-10-27T22:07:35","guid":{"rendered":"https:\/\/www.patipatti.com\/?post_type=product&#038;p=5339"},"modified":"2024-02-19T13:01:16","modified_gmt":"2024-02-19T12:01:16","slug":"onyx-chawan","status":"publish","type":"product","link":"https:\/\/www.patipatti.com\/cs\/shop\/teaware-archive\/archive-chawan\/onyx-chawan\/","title":{"rendered":"Onyx Chawan"},"content":{"rendered":"<p>Povrchy t\u00e9to misky jsou texturovan\u00e9 jako citrusov\u00e1 k\u016fra yuzu, rovn\u011b\u017e zn\u00e1m\u00e1 jako yuzu-hada (\u3086 \u305a \u808c), kter\u00e1 jemn\u011b zv\u00fdraz\u0148uje sat\u00e9nov\u011b \u010dernou glazuru. Perfektn\u00ed matcha miska pro zenov\u00e9ho minimalistu, kter\u00fd nev\u011b\u0159\u00ed v dokonalost.<\/p>","protected":false},"excerpt":{"rendered":"<p>Pololeskl\u00e1 \u010dern\u00e1 matcha miska s vytr\u00e1cej\u00edc\u00edmi se zlat\u00fdmi akcenty. Povrch misky je tvarov\u00e1n s rustik\u00e1ln\u00ed nerovnost\u00ed, co\u017e vytv\u00e1\u0159\u00ed jemn\u00e9 prohlubn\u011b a hrbolky, s kter\u00fdmi si pohr\u00e1v\u00e1 sv\u011btlo. Vyrobeno ru\u010dn\u011b v Japonsku.<\/p>\n<p style=\"padding-left: 40px;\">\u2022 \u0160\u00ed\u0159ka: 12 cm<br \/>\n\u2022 V\u00fd\u0161ka: 8 cm<br \/>\n\u2022 Objem: ~500 ml<\/p>\n<p><em>Proto\u017ee se jedn\u00e1 o ru\u010dn\u011b glazovan\u00fd keramick\u00fd v\u00fdrobek, barvy a efekty glazury na fotografi\u00edch se budou m\u00edrn\u011b li\u0161it od skute\u010dnosti.<\/em><\/p>","protected":false},"featured_media":5207,"template":"","meta":[],"product_brand":[],"product_cat":[1100,1103],"product_tag":[],"class_list":{"0":"post-5339","1":"product","2":"type-product","3":"status-publish","4":"has-post-thumbnail","6":"product_cat-teaware-archive","7":"product_cat-archive-chawan","8":"product_shipping_class-standardsmall","10":"first","11":"outofstock","12":"taxable","13":"shipping-taxable","14":"purchasable","15":"product-type-simple"},"_links":{"self":[{"href":"https:\/\/www.patipatti.com\/cs\/wp-json\/wp\/v2\/product\/5339","targetHints":{"allow":["GET"]}}],"collection":[{"href":"https:\/\/www.patipatti.com\/cs\/wp-json\/wp\/v2\/product"}],"about":[{"href":"https:\/\/www.patipatti.com\/cs\/wp-json\/wp\/v2\/types\/product"}],"wp:featuredmedia":[{"embeddable":true,"href":"https:\/\/www.patipatti.com\/cs\/wp-json\/wp\/v2\/media\/5207"}],"wp:attachment":[{"href":"https:\/\/www.patipatti.com\/cs\/wp-json\/wp\/v2\/media?parent=5339"}],"wp:term":[{"taxonomy":"product_brand","embeddable":true,"href":"https:\/\/www.patipatti.com\/cs\/wp-json\/wp\/v2\/product_brand?post=5339"},{"taxonomy":"product_cat","embeddable":true,"href":"https:\/\/www.patipatti.com\/cs\/wp-json\/wp\/v2\/product_cat?post=5339"},{"taxonomy":"product_tag","embeddable":true,"href":"https:\/\/www.patipatti.com\/cs\/wp-json\/wp\/v2\/product_tag?post=5339"}],"curies":[{"name":"wp","href":"https:\/\/api.w.org\/{rel}","templated":true}]}}