{"id":5338,"date":"2020-10-27T23:51:29","date_gmt":"2020-10-27T22:51:29","guid":{"rendered":"https:\/\/www.patipatti.com\/?post_type=product&#038;p=5338"},"modified":"2024-02-19T13:01:08","modified_gmt":"2024-02-19T12:01:08","slug":"terra-chawan","status":"publish","type":"product","link":"https:\/\/www.patipatti.com\/cs\/shop\/teaware-archive\/archive-chawan\/terra-chawan\/","title":{"rendered":"Terra Chawan"},"content":{"rendered":"<p>V\u0161e je v neust\u00e1l\u00e9m pohybu a m\u011bn\u00ed se. Tento Bidoro  (\u30d3\u30fc\u30c9\u30ed ) chawan je charakterizov\u00e1n sklu se podobaj\u00edc\u00ed glazurou skap\u00e1vaj\u00edc\u00ed dol\u016f z okraje.<\/p>","protected":false},"excerpt":{"rendered":"<p>Zemsky \u017eiveln\u00e1 matcha miska v matn\u00e9 sienov\u011b hn\u011bd\u00e9 glazu\u0159e, s tmav\u011b zlato-zelenou a \u010dernou st\u00e9kaj\u00edc\u00edch z okraje. Dno misky, kter\u00e9 je ponech\u00e1no bez glazury, podtrhuje zemsk\u00fd element v rustik\u00e1ln\u00ed hrub\u00e9 hl\u00edn\u011b. Vyrobeno ru\u010dn\u011b v Japonsku.<\/p>\n<p style=\"padding-left: 40px;\">\u2022 \u0160\u00ed\u0159ka: 11,5 cm<br \/>\n\u2022 V\u00fd\u0161ka: 7,5 cm<br \/>\n\u2022 Objem: ~500 ml<\/p>\n<p><em>Proto\u017ee se jedn\u00e1 o ru\u010dn\u011b glazovan\u00fd keramick\u00fd v\u00fdrobek, barvy a efekty glazury na fotografi\u00edch se budou m\u00edrn\u011b li\u0161it od skute\u010dnosti.<\/em><\/p>","protected":false},"featured_media":5238,"template":"","meta":[],"product_brand":[],"product_cat":[1100,1103],"product_tag":[],"class_list":{"0":"post-5338","1":"product","2":"type-product","3":"status-publish","4":"has-post-thumbnail","6":"product_cat-teaware-archive","7":"product_cat-archive-chawan","8":"product_shipping_class-standardsmall","10":"first","11":"outofstock","12":"taxable","13":"shipping-taxable","14":"purchasable","15":"product-type-simple"},"_links":{"self":[{"href":"https:\/\/www.patipatti.com\/cs\/wp-json\/wp\/v2\/product\/5338","targetHints":{"allow":["GET"]}}],"collection":[{"href":"https:\/\/www.patipatti.com\/cs\/wp-json\/wp\/v2\/product"}],"about":[{"href":"https:\/\/www.patipatti.com\/cs\/wp-json\/wp\/v2\/types\/product"}],"wp:featuredmedia":[{"embeddable":true,"href":"https:\/\/www.patipatti.com\/cs\/wp-json\/wp\/v2\/media\/5238"}],"wp:attachment":[{"href":"https:\/\/www.patipatti.com\/cs\/wp-json\/wp\/v2\/media?parent=5338"}],"wp:term":[{"taxonomy":"product_brand","embeddable":true,"href":"https:\/\/www.patipatti.com\/cs\/wp-json\/wp\/v2\/product_brand?post=5338"},{"taxonomy":"product_cat","embeddable":true,"href":"https:\/\/www.patipatti.com\/cs\/wp-json\/wp\/v2\/product_cat?post=5338"},{"taxonomy":"product_tag","embeddable":true,"href":"https:\/\/www.patipatti.com\/cs\/wp-json\/wp\/v2\/product_tag?post=5338"}],"curies":[{"name":"wp","href":"https:\/\/api.w.org\/{rel}","templated":true}]}}