{"id":5335,"date":"2020-10-28T00:14:36","date_gmt":"2020-10-27T23:14:36","guid":{"rendered":"https:\/\/www.patipatti.com\/?post_type=product&#038;p=5335"},"modified":"2024-02-19T13:01:01","modified_gmt":"2024-02-19T12:01:01","slug":"snowfall-chawan","status":"publish","type":"product","link":"https:\/\/www.patipatti.com\/cs\/shop\/teaware-archive\/archive-chawan\/snowfall-chawan\/","title":{"rendered":"Snowfall Chawan"},"content":{"rendered":"<p>Popelav\u00e1 glazura z b\u00edl\u00fdch sn\u011bhov\u00fdch chom\u00e1\u010dk\u016f na tmav\u011b hn\u011bd\u00e9 p\u016fd\u011b. Dno misky je ponech\u00e1no neglazovan\u00e9, odhaluj\u00edc\u00ed st\u0159ep z \u010derven\u00e9 hl\u00edny a na b\u00edl\u00e9 glazu\u0159e uvnit\u0159 misky je m\u00edrn\u00fd popraskan\u00fd efekt.<\/p>","protected":false},"excerpt":{"rendered":"<p>Matcha miska, s matnou b\u00edlou a hn\u011bdou glazurou, p\u0159ipom\u00edn\u00e1 sn\u00edh padaj\u00edc\u00ed nad zamrzlou zimn\u00ed krajinou. Vyrobeno ru\u010dn\u011b v Japonsku.<\/p>\n<p style=\"padding-left: 40px;\">\u2022 \u0160\u00ed\u0159ka: 12 cm<br \/>\n\u2022 V\u00fd\u0161ka: 7,5 cm<br \/>\n\u2022 Objem: ~500 ml<\/p>\n<p><em>Proto\u017ee se jedn\u00e1 o ru\u010dn\u011b glazovan\u00fd keramick\u00fd v\u00fdrobek, barvy a efekty glazury na fotografi\u00edch se budou m\u00edrn\u011b li\u0161it od skute\u010dnosti.<\/em><\/p>","protected":false},"featured_media":5224,"template":"","meta":[],"product_brand":[],"product_cat":[1100,1103],"product_tag":[],"class_list":{"0":"post-5335","1":"product","2":"type-product","3":"status-publish","4":"has-post-thumbnail","6":"product_cat-teaware-archive","7":"product_cat-archive-chawan","8":"product_shipping_class-standardsmall","10":"first","11":"outofstock","12":"taxable","13":"shipping-taxable","14":"purchasable","15":"product-type-simple"},"_links":{"self":[{"href":"https:\/\/www.patipatti.com\/cs\/wp-json\/wp\/v2\/product\/5335","targetHints":{"allow":["GET"]}}],"collection":[{"href":"https:\/\/www.patipatti.com\/cs\/wp-json\/wp\/v2\/product"}],"about":[{"href":"https:\/\/www.patipatti.com\/cs\/wp-json\/wp\/v2\/types\/product"}],"wp:featuredmedia":[{"embeddable":true,"href":"https:\/\/www.patipatti.com\/cs\/wp-json\/wp\/v2\/media\/5224"}],"wp:attachment":[{"href":"https:\/\/www.patipatti.com\/cs\/wp-json\/wp\/v2\/media?parent=5335"}],"wp:term":[{"taxonomy":"product_brand","embeddable":true,"href":"https:\/\/www.patipatti.com\/cs\/wp-json\/wp\/v2\/product_brand?post=5335"},{"taxonomy":"product_cat","embeddable":true,"href":"https:\/\/www.patipatti.com\/cs\/wp-json\/wp\/v2\/product_cat?post=5335"},{"taxonomy":"product_tag","embeddable":true,"href":"https:\/\/www.patipatti.com\/cs\/wp-json\/wp\/v2\/product_tag?post=5335"}],"curies":[{"name":"wp","href":"https:\/\/api.w.org\/{rel}","templated":true}]}}