{"id":5333,"date":"2020-10-27T20:36:10","date_gmt":"2020-10-27T19:36:10","guid":{"rendered":"https:\/\/www.patipatti.com\/?post_type=product&#038;p=5333"},"modified":"2024-02-19T13:01:32","modified_gmt":"2024-02-19T12:01:32","slug":"misty-forest-chawan","status":"publish","type":"product","link":"https:\/\/www.patipatti.com\/cs\/shop\/teaware-archive\/archive-chawan\/misty-forest-chawan\/","title":{"rendered":"Misty Forest Chawan"},"content":{"rendered":"<p>Leskl\u00e1 lesn\u00ed zelen\u00e1 glazura s obna\u017een\u00fdm neglazovan\u00fdm dnem nech\u00e1v\u00e1 vyniknout hrub\u00e9 kr\u00e1se keramick\u00e9ho st\u0159epu z \u010derven\u00e9ho j\u00edlu. S lehce popraskan\u00fdm efektem na vnit\u0159n\u00ed stran\u011b misky.<\/p>","protected":false},"excerpt":{"rendered":"<p>Matcha miska se zemit\u00fdmi zelen\u00fdmi a hn\u011bd\u00fdmi t\u00f3ny a mlhav\u011b b\u00edl\u00fdm akcentem, kter\u00fd p\u016fsob\u00ed tajemn\u011b mystick\u00fdm dojmem. Vyrobeno ru\u010dn\u011b v Japonsku.<\/p>\n<p style=\"padding-left: 40px;\">\u2022 \u0160\u00ed\u0159ka: 12 cm<br \/>\n\u2022 V\u00fd\u0161ka: 7,2 cm<br \/>\n\u2022 Objem: ~500 ml<\/p>\n<p><em>Proto\u017ee se jedn\u00e1 o ru\u010dn\u011b glazovan\u00fd keramick\u00fd v\u00fdrobek, barvy a efekty glazury na fotografi\u00edch se budou m\u00edrn\u011b li\u0161it od skute\u010dnosti.<\/em><\/p>","protected":false},"featured_media":5204,"template":"","meta":[],"product_brand":[],"product_cat":[1100,1103],"product_tag":[],"class_list":{"0":"post-5333","1":"product","2":"type-product","3":"status-publish","4":"has-post-thumbnail","6":"product_cat-teaware-archive","7":"product_cat-archive-chawan","8":"product_shipping_class-standardsmall","10":"first","11":"outofstock","12":"taxable","13":"shipping-taxable","14":"purchasable","15":"product-type-simple"},"_links":{"self":[{"href":"https:\/\/www.patipatti.com\/cs\/wp-json\/wp\/v2\/product\/5333","targetHints":{"allow":["GET"]}}],"collection":[{"href":"https:\/\/www.patipatti.com\/cs\/wp-json\/wp\/v2\/product"}],"about":[{"href":"https:\/\/www.patipatti.com\/cs\/wp-json\/wp\/v2\/types\/product"}],"wp:featuredmedia":[{"embeddable":true,"href":"https:\/\/www.patipatti.com\/cs\/wp-json\/wp\/v2\/media\/5204"}],"wp:attachment":[{"href":"https:\/\/www.patipatti.com\/cs\/wp-json\/wp\/v2\/media?parent=5333"}],"wp:term":[{"taxonomy":"product_brand","embeddable":true,"href":"https:\/\/www.patipatti.com\/cs\/wp-json\/wp\/v2\/product_brand?post=5333"},{"taxonomy":"product_cat","embeddable":true,"href":"https:\/\/www.patipatti.com\/cs\/wp-json\/wp\/v2\/product_cat?post=5333"},{"taxonomy":"product_tag","embeddable":true,"href":"https:\/\/www.patipatti.com\/cs\/wp-json\/wp\/v2\/product_tag?post=5333"}],"curies":[{"name":"wp","href":"https:\/\/api.w.org\/{rel}","templated":true}]}}