{"id":5182,"date":"2020-10-28T00:55:55","date_gmt":"2020-10-27T23:55:55","guid":{"rendered":"https:\/\/www.patipatti.com\/?post_type=product&#038;p=5182"},"modified":"2024-02-19T13:00:55","modified_gmt":"2024-02-19T12:00:55","slug":"dove-white-chawan","status":"publish","type":"product","link":"https:\/\/www.patipatti.com\/cs\/shop\/teaware-archive\/archive-chawan\/dove-white-chawan\/","title":{"rendered":"Dove White Chawan"},"content":{"rendered":"<p>Lehce leskl\u00e1 glazura kohiki (\u7c89 \u5f15) s vybledl\u00fdmi rezav\u011b oran\u017eov\u00fdmi skvrnkami. Kohiki je technika glazury poch\u00e1zej\u00edc\u00ed z Koreje, kter\u00e1 se vyzna\u010duje jemn\u00fdm b\u00edl\u00fdm pr\u00e1\u0161kov\u00fdm skluzem. Tento styl m\u00e1 \u00fazkou spojitost s \u010dajem od roku 1500.<\/p>\n<p>Tato miska m\u00e1 tak\u00e9 v\u00fdrazn\u00e9 chadamari * (\u8336\u3060\u307e\u308a).<\/p>\n<p>*Chadamari je prohlube\u0148 nebo oblast na dn\u011b chawanu, kter\u00e1 umo\u017e\u0148uje shroma\u017e\u010fov\u00e1n\u00ed zbytk\u016f matcha. Toto je jeden z aspekt\u016f (vizu\u00e1ln\u00edho) ocen\u011bn\u00ed b\u011bhem \u010dajov\u00e9ho ob\u0159adu.<\/p>","protected":false},"excerpt":{"rendered":"<p>K\u0159\u00eddov\u011b b\u00edl\u00e1 kohiki (\u7c89\u5f15) matcha miska s bled\u011b oran\u017eov\u00fdmi skvrnkami. Vyrobeno ru\u010dn\u011b v Japonsku.<\/p>\n<p style=\"padding-left: 40px;\">\u2022 \u0160\u00ed\u0159ka: 12 cm<br \/>\n\u2022 V\u00fd\u0161ka: 7 cm<br \/>\n\u2022 Objem: ~500 ml<\/p>\n<p><em>Proto\u017ee se jedn\u00e1 o ru\u010dn\u011b glazovan\u00fd keramick\u00fd v\u00fdrobek, barvy a efekty glazury na fotografi\u00edch se budou m\u00edrn\u011b li\u0161it od skute\u010dnosti.<\/em><\/p>","protected":false},"featured_media":5246,"template":"","meta":[],"product_brand":[],"product_cat":[1100,1103],"product_tag":[],"class_list":{"0":"post-5182","1":"product","2":"type-product","3":"status-publish","4":"has-post-thumbnail","6":"product_cat-teaware-archive","7":"product_cat-archive-chawan","8":"product_shipping_class-standardsmall","10":"first","11":"outofstock","12":"taxable","13":"shipping-taxable","14":"purchasable","15":"product-type-simple"},"_links":{"self":[{"href":"https:\/\/www.patipatti.com\/cs\/wp-json\/wp\/v2\/product\/5182","targetHints":{"allow":["GET"]}}],"collection":[{"href":"https:\/\/www.patipatti.com\/cs\/wp-json\/wp\/v2\/product"}],"about":[{"href":"https:\/\/www.patipatti.com\/cs\/wp-json\/wp\/v2\/types\/product"}],"wp:featuredmedia":[{"embeddable":true,"href":"https:\/\/www.patipatti.com\/cs\/wp-json\/wp\/v2\/media\/5246"}],"wp:attachment":[{"href":"https:\/\/www.patipatti.com\/cs\/wp-json\/wp\/v2\/media?parent=5182"}],"wp:term":[{"taxonomy":"product_brand","embeddable":true,"href":"https:\/\/www.patipatti.com\/cs\/wp-json\/wp\/v2\/product_brand?post=5182"},{"taxonomy":"product_cat","embeddable":true,"href":"https:\/\/www.patipatti.com\/cs\/wp-json\/wp\/v2\/product_cat?post=5182"},{"taxonomy":"product_tag","embeddable":true,"href":"https:\/\/www.patipatti.com\/cs\/wp-json\/wp\/v2\/product_tag?post=5182"}],"curies":[{"name":"wp","href":"https:\/\/api.w.org\/{rel}","templated":true}]}}