{"id":4971,"date":"2020-10-03T15:43:25","date_gmt":"2020-10-03T13:43:25","guid":{"rendered":"https:\/\/www.patipatti.com\/?post_type=product&#038;p=4971"},"modified":"2025-12-20T13:10:50","modified_gmt":"2025-12-20T12:10:50","slug":"premium-matcha-ken-40g","status":"publish","type":"product","link":"https:\/\/www.patipatti.com\/cs\/shop\/teas\/premium-matcha-ken-40g\/","title":{"rendered":"Premium Matcha KEN 40g"},"content":{"rendered":"<div class=\"wpb-content-wrapper\"><p>Pr\u00e9miov\u00e1 Matcha Ken \u8ce2 je matcha, kterou doporu\u010dujeme pro pr\u00e9miov\u00e9 latt\u00e9 a dezerty. Nenechte se v\u0161ak zm\u00fdlit \u2013 <strong><u>nejedn\u00e1<\/u><\/strong> se o takzvanou \u201ekulin\u00e1\u0159skou\u201c jakost, kter\u00e1 m\u00e1 \u010dasto hor\u0161\u00ed kvalitu.<\/p>\n<p>Matcha Ken je vhodn\u00e1 na latt\u00e9 a dezerty pro svou kr\u00e1sn\u011b zaoblenou chu\u0165, kter\u00e1 dok\u00e1\u017ee p\u0159\u00edjemn\u011b vyniknout i v kombinaci s kr\u00e9movit\u00fdm rostlinn\u00fdm ml\u00e9kem. M\u00e1 p\u0159\u00edjemnou v\u016fni, trochu umami a ml\u00e9\u010dnou chu\u0165, kterou vyva\u017euje p\u0159\u00edjemn\u00e1 ho\u0159kost a nepatrn\u00e1 sv\u00edravost. M\u00e1 lahodn\u011b zelenou barvu. Pr\u00e1v\u011b tuto matchu pou\u017e\u00edv\u00e1me v na\u0161em vegansk\u00e9m matcha gelatu.<\/p>\n<p><em>Pozn\u00e1mka: R\u00e1di bychom v\u00e1s upozornili na sou\u010dasn\u00fd v\u00e1\u017en\u00fd nedostatek na trhu s matchou. <\/em><em>V d\u016fsledku m\u011bn\u00edc\u00edch se klimatick\u00fdch podm\u00ednek byla leto\u0161n\u00ed sklize\u0148 v Japonsku obzvl\u00e1\u0161\u0165 n\u00e1ro\u010dn\u00e1, zat\u00edmco celosv\u011btov\u00e1 popt\u00e1vka prudce vzrostla. To vedlo k velk\u00e9 konkurenci o extr\u00e9mn\u011b omezenou surovinu a tud\u00ed\u017e k v\u00fdrazn\u011b vy\u0161\u0161\u00edm cen\u00e1m.\u00a0<\/em><\/p>\n<p><em>Bohu\u017eel, Matcha KEN je letos dostupn\u00e1 pouze v konven\u010dn\u00ed (ne-bio) kvalit\u011b v d\u016fsledku v\u00fdrobn\u00edch rozhodnut\u00ed na\u0161eho dodavatele.<\/em><\/p>\n<p><em>Pro z\u00e1kazn\u00edky, kte\u0159\u00ed cht\u011bj\u00ed st\u00e1le dobrou, a p\u0159itom cenov\u011b dostupn\u011bj\u0161\u00ed <strong>bio <\/strong>matchu, jsme do\u010dasn\u011b p\u0159edstavili <a href=\"https:\/\/www.patipatti.com\/cs\/shop\/teas\/organic-matcha-hana-40g\/\" target=\"_blank\" rel=\"noopener\"><strong>bio matchu HANA<\/strong><\/a>. Vezm\u011bte pros\u00edm na v\u011bdom\u00ed, \u017ee se jedn\u00e1 o kvalitu o stupe\u0148 ni\u017e\u0161\u00ed ne\u017e Ken.<\/em><\/p>\n<p>Pro podrobn\u011bj\u0161\u00ed instrukce a recepty pros\u00edm nav\u0161tivte na\u0161\u00ed <strong><u><a href=\"https:\/\/www.patipatti.com\/cs\/recipe-collection\/\" target=\"_blank\" rel=\"noopener noreferrer\">kolekci recept\u016f<\/a>.<\/u><\/strong><\/p>\n<p>&nbsp;<\/p>\n<p style=\"text-align: center;\"><strong><u>Doporu\u010den\u00fd postup pro p\u0159\u00edpravu Latte<\/u><\/strong><\/p>\n<p>&nbsp;<\/p>\n<div class=\"vc_row wpb_row row\"><div class=\"wpb_column vc_column_container col-sm-1\"><div class=\"vc_column-inner\"><div class=\"wpb_wrapper\"><\/div><\/div><\/div><div class=\"wpb_column vc_column_container col-sm-2\"><div class=\"vc_column-inner\"><div class=\"wpb_wrapper\">\n\t<div class=\"wpb_text_column wpb_content_element\" >\n\t\t<div class=\"wpb_wrapper\">\n\t\t\t<p><img decoding=\"async\" class=\"aligncenter wp-image-4896\" src=\"https:\/\/www.patipatti.com\/wp-content\/uploads\/2020\/09\/tea-leaf-weight.svg\" alt=\"\" width=\"30\" \/><\/p>\n\n\t\t<\/div>\n\t<\/div>\n\n\t<div class=\"wpb_text_column wpb_content_element\" >\n\t\t<div class=\"wpb_wrapper\">\n\t\t\t<p style=\"text-align: center;\">2g<\/p>\n<p style=\"text-align: center;\">(2 chashuku \/ 1 l\u017ei\u010dka)<\/p>\n\n\t\t<\/div>\n\t<\/div>\n<\/div><\/div><\/div><div class=\"wpb_column vc_column_container col-sm-2\"><div class=\"vc_column-inner\"><div class=\"wpb_wrapper\">\n\t<div class=\"wpb_text_column wpb_content_element\" >\n\t\t<div class=\"wpb_wrapper\">\n\t\t\t<p><img decoding=\"async\" class=\"aligncenter wp-image-4898\" src=\"https:\/\/www.patipatti.com\/wp-content\/uploads\/2020\/09\/tea-thermometer-watertemperature.svg\" alt=\"\" width=\"18\" \/><\/p>\n\n\t\t<\/div>\n\t<\/div>\n\n\t<div class=\"wpb_text_column wpb_content_element\" >\n\t\t<div class=\"wpb_wrapper\">\n\t\t\t<p style=\"text-align: center;\">60 \u2013 70 \u00b0C<\/p>\n\n\t\t<\/div>\n\t<\/div>\n<\/div><\/div><\/div><div class=\"wpb_column vc_column_container col-sm-2\"><div class=\"vc_column-inner\"><div class=\"wpb_wrapper\">\n\t<div class=\"wpb_text_column wpb_content_element\" >\n\t\t<div class=\"wpb_wrapper\">\n\t\t\t<p><img decoding=\"async\" class=\"aligncenter wp-image-4897\" src=\"https:\/\/www.patipatti.com\/wp-content\/uploads\/2020\/09\/tea-milkcarton-milkvolume.svg\" alt=\"\" width=\"32\" \/><\/p>\n\n\t\t<\/div>\n\t<\/div>\n\n\t<div class=\"wpb_text_column wpb_content_element\" >\n\t\t<div class=\"wpb_wrapper\">\n\t\t\t<p style=\"text-align: center;\">180 ml<\/p>\n\n\t\t<\/div>\n\t<\/div>\n<\/div><\/div><\/div><div class=\"wpb_column vc_column_container col-sm-2\"><div class=\"vc_column-inner\"><div class=\"wpb_wrapper\">\n\t<div class=\"wpb_text_column wpb_content_element\" >\n\t\t<div class=\"wpb_wrapper\">\n\t\t\t<p><img decoding=\"async\" class=\"aligncenter wp-image-4899\" src=\"https:\/\/www.patipatti.com\/wp-content\/uploads\/2020\/09\/tea-whisk-whisktime.svg\" alt=\"\" width=\"32\" \/><\/p>\n\n\t\t<\/div>\n\t<\/div>\n\n\t<div class=\"wpb_text_column wpb_content_element\" >\n\t\t<div class=\"wpb_wrapper\">\n\t\t\t<p style=\"text-align: center;\">15s<\/p>\n\n\t\t<\/div>\n\t<\/div>\n<\/div><\/div><\/div><div class=\"wpb_column vc_column_container col-sm-1\"><div class=\"vc_column-inner\"><div class=\"wpb_wrapper\"><\/div><\/div><\/div><\/div>\n<\/div>","protected":false},"excerpt":{"rendered":"<p class=\"p1\"><span class=\"s1\">Vyv\u00e1\u017een\u00e1 a p\u0159itom v\u00fdrazn\u00e1 chu\u0165 matchy. Kr\u00e1sn\u011b se dopl\u0148uje s ostatn\u00edmi ingrediencemi, p\u0159i\u010dem\u017e si zachov\u00e1v\u00e1 sv\u00e9 o\u0159echov\u00e9 a rostlinn\u00e9 \u010dajov\u00e9 t\u00f3ny.\u00a0<\/span><\/p>\n<p style=\"padding-left: 80px;\">\u2022 Sklize\u0148: Jaro, prvn\u00ed sb\u011br<br \/>\n\u2022 Odr\u016fda: Yabukita<br \/>\n\u2022 P\u016fvod: Shizuoka, Japonsko<br \/>\n\u2022 Hmotnost: 40 g<\/p>\n<p><b>Nejlep\u0161\u00ed na: Pr\u00e9miov\u00e9 latte, \u010derstv\u00e9 dezerty, sodovkov\u00fd \u010daj.<\/b><\/p>","protected":false},"featured_media":8740,"template":"","meta":[],"product_brand":[],"product_cat":[372,495],"product_tag":[],"class_list":{"0":"post-4971","1":"product","2":"type-product","3":"status-publish","4":"has-post-thumbnail","6":"product_cat-teas","7":"product_cat-matcha","8":"product_shipping_class-teas","10":"first","11":"instock","12":"taxable","13":"shipping-taxable","14":"purchasable","15":"product-type-simple"},"_links":{"self":[{"href":"https:\/\/www.patipatti.com\/cs\/wp-json\/wp\/v2\/product\/4971","targetHints":{"allow":["GET"]}}],"collection":[{"href":"https:\/\/www.patipatti.com\/cs\/wp-json\/wp\/v2\/product"}],"about":[{"href":"https:\/\/www.patipatti.com\/cs\/wp-json\/wp\/v2\/types\/product"}],"wp:featuredmedia":[{"embeddable":true,"href":"https:\/\/www.patipatti.com\/cs\/wp-json\/wp\/v2\/media\/8740"}],"wp:attachment":[{"href":"https:\/\/www.patipatti.com\/cs\/wp-json\/wp\/v2\/media?parent=4971"}],"wp:term":[{"taxonomy":"product_brand","embeddable":true,"href":"https:\/\/www.patipatti.com\/cs\/wp-json\/wp\/v2\/product_brand?post=4971"},{"taxonomy":"product_cat","embeddable":true,"href":"https:\/\/www.patipatti.com\/cs\/wp-json\/wp\/v2\/product_cat?post=4971"},{"taxonomy":"product_tag","embeddable":true,"href":"https:\/\/www.patipatti.com\/cs\/wp-json\/wp\/v2\/product_tag?post=4971"}],"curies":[{"name":"wp","href":"https:\/\/api.w.org\/{rel}","templated":true}]}}