{"id":4388,"date":"2020-05-11T21:55:29","date_gmt":"2020-05-11T19:55:29","guid":{"rendered":"https:\/\/www.patipatti.com\/?post_type=product&#038;p=4388"},"modified":"2024-02-16T17:54:38","modified_gmt":"2024-02-16T16:54:38","slug":"masala-chai-gelato","status":"publish","type":"product","link":"https:\/\/www.patipatti.com\/cs\/shop\/gelato\/masala-chai-gelato\/","title":{"rendered":"Masala Chai Gelato"},"content":{"rendered":"<p>Na\u0161e sm\u011bs masala ko\u0159en\u00ed obsahuje z\u00e1zvor, kardamom, sko\u0159ici, \u010dern\u00fd pep\u0159, h\u0159eb\u00ed\u010dek a mu\u0161k\u00e1tov\u00fd o\u0159\u00ed\u0161ek. Cel\u00e9 ko\u0159en\u00ed je v\u017edy \u010derstv\u011b mleto pro zaji\u0161t\u011bn\u00ed optim\u00e1ln\u00ed chut\u011b. Vol\u00edme kvalitu a proto pou\u017e\u00edv\u00e1me pouze pravou Cejlonskou sko\u0159ici.<\/p>\n<p>Ko\u0159en\u00ed a \u010daj v na\u0161em masala chai gelatu jsou produkty ekologick\u00e9ho zem\u011bdelstv\u00ed. Z\u00e1kladem na\u0161eho gelata je kr\u00e9mov\u00e1 sm\u011bs ke\u0161u a para o\u0159ech\u016f, co\u017e mu dod\u00e1v\u00e1 velice bohatou, a\u017e dekadentn\u00ed chu\u0165.<\/p>\n<p>&nbsp;<\/p>\n<p>\u2022 Masala Chai Vegan Gelato<br \/>\n\u2022 100% Rostlinn\u00e9ho p\u016fvodu<br \/>\n\u2022 Certifikovan\u00e9 BIO ingredience<br \/>\n\u2022 Certifikovan\u00e9 BIO ko\u0159en\u00ed a \u010daj<br \/>\n\u2022 Neobsahuje s\u00f3ju a lepek<br \/>\n\u2022 Alergeny: <strong>O\u0158ECHY<\/strong><\/p>","protected":false},"excerpt":{"rendered":"<p>Our masala chai gelato is the perfect way to enjoy a cup of chai in hot summer months.<\/p>\n<p>Masala chai (aka &#8220;spiced tea&#8221;)\u00a0 is a classic combination that hits all the right notes \u2013 the aromatics of ginger, cardamom and cinnamon, tempered in a creamy Ceylon black tea. At Patipatti, we like our chai strong, so our fellow chai lovers are in for a treat.<\/p>\n<p>[tooltip_icons theme=\"borderless\" image_id=\"4738\" img_width=\"60px\" text=\"Organic\" caption_url=\"\"][tooltip_icons theme=\"borderless\" image_id=\"4716\" img_width=\"60px\" text=\"Vegan\" caption_url=\"\"][tooltip_icons theme=\"borderless\" image_id=\"4714\" img_width=\"60px\" text=\"Freshly Handmade\" caption_url=\"\"][tooltip_icons theme=\"borderless\" image_id=\"4711\" img_width=\"60px\" text=\"Made in CZ\" caption_url=\"\"][tooltip_icons theme=\"borderless\" image_id=\"4710\" img_width=\"60px\" text=\"Contains Nuts\" caption_url=\"\"][tooltip_icons theme=\"borderless\" image_id=\"4713\" img_width=\"60px\" text=\"Free from Soy\" caption_url=\"\"]<\/p>\n<p>&nbsp;<\/p>\n","protected":false},"featured_media":6840,"template":"","meta":[],"product_brand":[396,412,416,404,408,400],"product_cat":[364],"product_tag":[360],"class_list":{"0":"post-4388","1":"product","2":"type-product","3":"status-publish","4":"has-post-thumbnail","6":"product_brand-1-certifiedorganic","7":"product_brand-6-containsnuts","8":"product_brand-7-freefromsoy","9":"product_brand-3-handmade","10":"product_brand-4-madeincz","11":"product_brand-2-vegan","12":"product_cat-gelato","13":"product_tag-frozen","14":"product_shipping_class-frozenproduct","16":"first","17":"instock","18":"taxable","19":"shipping-taxable","20":"product-type-external"},"_links":{"self":[{"href":"https:\/\/www.patipatti.com\/cs\/wp-json\/wp\/v2\/product\/4388","targetHints":{"allow":["GET"]}}],"collection":[{"href":"https:\/\/www.patipatti.com\/cs\/wp-json\/wp\/v2\/product"}],"about":[{"href":"https:\/\/www.patipatti.com\/cs\/wp-json\/wp\/v2\/types\/product"}],"wp:featuredmedia":[{"embeddable":true,"href":"https:\/\/www.patipatti.com\/cs\/wp-json\/wp\/v2\/media\/6840"}],"wp:attachment":[{"href":"https:\/\/www.patipatti.com\/cs\/wp-json\/wp\/v2\/media?parent=4388"}],"wp:term":[{"taxonomy":"product_brand","embeddable":true,"href":"https:\/\/www.patipatti.com\/cs\/wp-json\/wp\/v2\/product_brand?post=4388"},{"taxonomy":"product_cat","embeddable":true,"href":"https:\/\/www.patipatti.com\/cs\/wp-json\/wp\/v2\/product_cat?post=4388"},{"taxonomy":"product_tag","embeddable":true,"href":"https:\/\/www.patipatti.com\/cs\/wp-json\/wp\/v2\/product_tag?post=4388"}],"curies":[{"name":"wp","href":"https:\/\/api.w.org\/{rel}","templated":true}]}}