{"id":4384,"date":"2020-05-12T10:50:46","date_gmt":"2020-05-12T08:50:46","guid":{"rendered":"https:\/\/www.patipatti.com\/?post_type=product&#038;p=4384"},"modified":"2024-02-16T17:54:28","modified_gmt":"2024-02-16T16:54:28","slug":"bourbon-vanilla-gelato","status":"publish","type":"product","link":"https:\/\/www.patipatti.com\/cs\/shop\/gelato\/bourbon-vanilla-gelato\/","title":{"rendered":"Bourbon Vanilla Gelato"},"content":{"rendered":"<p>Vanilkov\u00e9 lusky i dvojit\u00fd vanilkov\u00fd extrakt (nealkoholick\u00fd) pou\u017eit\u00e9 v na\u0161em gelatu poch\u00e1zej\u00ed z Madagaskaru a jsou certifikov\u00e1ny jako organick\u00e9 a fair-trade. Na\u0161e gelato je vyrobeno ze smetanov\u00e9 sm\u011bsi ke\u0161u a para o\u0159ech\u016f a je naprosto sv\u011b\u017e\u00ed a dekadentn\u00ed.<\/p>\n<p>Tip: M\u016f\u017eete si jej vychutnat jak samotn\u00e9, tak ve stylu chaffogato (affogato s \u0161\u00e1lkem matchy nam\u00edsto espressa) <em>(affogato s pan\u00e1kem matcha m\u00edsto espressa)<\/em><\/p>\n<p>&nbsp;<\/p>\n<p>\u2022 Bourbon Vanilla Vegan Gelato<br \/>\n\u2022 100% Rostlinn\u00e9ho p\u016fvodu<br \/>\n\u2022 Certifikovan\u00e9 BIO ingredience<br \/>\n\u2022 Certifikovan\u00e1 BIO a fair-trade vanilka z Madagaskaru<br \/>\n\u2022 Neobsahuje s\u00f3ju a lepek<br \/>\n\u2022 Alergeny: <strong>O\u0158ECHY<\/strong><\/p>","protected":false},"excerpt":{"rendered":"<p>Experience the taste of <strong>real<\/strong> Bourbon Vanilla from Madagascar.<\/p>\n<p>We steep real vanilla beans in our mix to preserve all the complexities and nuances of vanilla that you just cannot obtain from using an alcohol extract. Without alcohol to adulterate flavours, the pristine taste of bourbon vanilla gets to shine in our gelato.<\/p>\n<p>[tooltip_icons theme=\"borderless\" image_id=\"4738\" img_width=\"60px\" text=\"Organic\" caption_url=\"\"][tooltip_icons theme=\"borderless\" image_id=\"4716\" img_width=\"60px\" text=\"Vegan\" caption_url=\"\"][tooltip_icons theme=\"borderless\" image_id=\"4714\" img_width=\"60px\" text=\"Freshly Handmade\" caption_url=\"\"][tooltip_icons theme=\"borderless\" image_id=\"4711\" img_width=\"60px\" text=\"Made in CZ\" caption_url=\"\"][tooltip_icons theme=\"borderless\" image_id=\"4712\" img_width=\"60px\" text=\"Fair Trade\" caption_url=\"\"][tooltip_icons theme=\"borderless\" image_id=\"4710\" img_width=\"60px\" text=\"Contains Nuts\" caption_url=\"\"][tooltip_icons theme=\"borderless\" image_id=\"4713\" img_width=\"60px\" text=\"Free from Soy\" caption_url=\"\"]<\/p>\n<p>&nbsp;<\/p>\n","protected":false},"featured_media":6828,"template":"","meta":[],"product_brand":[396,412,458,416,404,408,400],"product_cat":[364],"product_tag":[360],"class_list":{"0":"post-4384","1":"product","2":"type-product","3":"status-publish","4":"has-post-thumbnail","6":"product_brand-1-certifiedorganic","7":"product_brand-6-containsnuts","8":"product_brand-5-fairtrade","9":"product_brand-7-freefromsoy","10":"product_brand-3-handmade","11":"product_brand-4-madeincz","12":"product_brand-2-vegan","13":"product_cat-gelato","14":"product_tag-frozen","15":"product_shipping_class-frozenproduct","17":"first","18":"instock","19":"taxable","20":"shipping-taxable","21":"product-type-external"},"_links":{"self":[{"href":"https:\/\/www.patipatti.com\/cs\/wp-json\/wp\/v2\/product\/4384","targetHints":{"allow":["GET"]}}],"collection":[{"href":"https:\/\/www.patipatti.com\/cs\/wp-json\/wp\/v2\/product"}],"about":[{"href":"https:\/\/www.patipatti.com\/cs\/wp-json\/wp\/v2\/types\/product"}],"wp:featuredmedia":[{"embeddable":true,"href":"https:\/\/www.patipatti.com\/cs\/wp-json\/wp\/v2\/media\/6828"}],"wp:attachment":[{"href":"https:\/\/www.patipatti.com\/cs\/wp-json\/wp\/v2\/media?parent=4384"}],"wp:term":[{"taxonomy":"product_brand","embeddable":true,"href":"https:\/\/www.patipatti.com\/cs\/wp-json\/wp\/v2\/product_brand?post=4384"},{"taxonomy":"product_cat","embeddable":true,"href":"https:\/\/www.patipatti.com\/cs\/wp-json\/wp\/v2\/product_cat?post=4384"},{"taxonomy":"product_tag","embeddable":true,"href":"https:\/\/www.patipatti.com\/cs\/wp-json\/wp\/v2\/product_tag?post=4384"}],"curies":[{"name":"wp","href":"https:\/\/api.w.org\/{rel}","templated":true}]}}